{"id":57,"date":"2017-06-19T11:40:46","date_gmt":"2017-06-19T11:40:46","guid":{"rendered":"http:\/\/ajmasquefa.atotarreu.com\/benestar-social\/?page_id=57"},"modified":"2018-01-19T15:39:07","modified_gmt":"2018-01-19T14:39:07","slug":"servei-basic-datencio-social","status":"publish","type":"page","link":"http:\/\/masquefa.cat\/benestar-social\/servei-basic-datencio-social\/","title":{"rendered":"Servei b\u00e0sic d&#8217;atenci\u00f3 social"},"content":{"rendered":"<section class=\"wpb-content-wrapper\"><p>[vc_row margin_top=&#8221;100&#8243; margin_bottom=&#8221;100&#8243; el_class=&#8221;seccio&#8221;][vc_column][vc_single_image image=&#8221;234&#8243; img_size=&#8221;full&#8221; alignment=&#8221;center&#8221;][vc_row_inner][vc_column_inner][vc_column_text el_class=&#8221;seccio-text&#8221;]Consisteix en un conjunt d&#8217;accions professionals que tenen l&#8217;objectiu d&#8217;atendre les necessitats socials b\u00e0siques de les persones, fam\u00edlies i grups sempre en un marc de respecte per la dignitat de les persones. Aquestes actuacions tamb\u00e9 contribueixen a la prevenci\u00f3 de les problem\u00e0tiques socials i a la reinserci\u00f3 i integraci\u00f3 de les persones en situaci\u00f3 de risc social o exclusi\u00f3.<\/p>\n<p>Les funcions principals dels equips t\u00e8cnics que ofereixen aquest servei s\u00f3n les seg\u00fcents:<\/p>\n<ul>\n<li>Oferir informaci\u00f3, orientaci\u00f3, assessorament, treball social comunitari, detecci\u00f3, prevenci\u00f3 i tractament social i educatiu.<\/li>\n<li>Fer propostes d&#8217;atenci\u00f3 a les persones i d&#8217;inter\u00e8s per a la comunitat, dissenyar programes d&#8217;actuacions socials i cooperar amb els altres serveis de la xarxa de benestar.<\/li>\n<li>Con\u00e8ixer els recursos i les prestacions socials existents i informar i ajudar en la gesti\u00f3 dels tr\u00e0mits.<\/li>\n<\/ul>\n<p>[\/vc_column_text][\/vc_column_inner][\/vc_row_inner][\/vc_column][\/vc_row]<\/p>\n<\/section>","protected":false},"excerpt":{"rendered":"<p>[vc_row margin_top=&#8221;100&#8243; margin_bottom=&#8221;100&#8243; el_class=&#8221;seccio&#8221;][vc_column][vc_single_image image=&#8221;234&#8243; img_size=&#8221;full&#8221; alignment=&#8221;center&#8221;][vc_row_inner][vc_column_inner][vc_column_text el_class=&#8221;seccio-text&#8221;]Consisteix en un conjunt d&#8217;accions professionals que tenen l&#8217;objectiu d&#8217;atendre les necessitats socials b\u00e0siques de les persones, fam\u00edlies i grups sempre en un marc de respecte per la dignitat de les persones. Aquestes actuacions tamb\u00e9 contribueixen a la prevenci\u00f3 de les problem\u00e0tiques socials i a la reinserci\u00f3 i&hellip;<\/p>\n","protected":false},"author":1,"featured_media":0,"parent":0,"menu_order":0,"comment_status":"closed","ping_status":"closed","template":"","meta":[],"_links":{"self":[{"href":"http:\/\/masquefa.cat\/benestar-social\/wp-json\/wp\/v2\/pages\/57"}],"collection":[{"href":"http:\/\/masquefa.cat\/benestar-social\/wp-json\/wp\/v2\/pages"}],"about":[{"href":"http:\/\/masquefa.cat\/benestar-social\/wp-json\/wp\/v2\/types\/page"}],"author":[{"embeddable":true,"href":"http:\/\/masquefa.cat\/benestar-social\/wp-json\/wp\/v2\/users\/1"}],"replies":[{"embeddable":true,"href":"http:\/\/masquefa.cat\/benestar-social\/wp-json\/wp\/v2\/comments?post=57"}],"version-history":[{"count":8,"href":"http:\/\/masquefa.cat\/benestar-social\/wp-json\/wp\/v2\/pages\/57\/revisions"}],"predecessor-version":[{"id":290,"href":"http:\/\/masquefa.cat\/benestar-social\/wp-json\/wp\/v2\/pages\/57\/revisions\/290"}],"wp:attachment":[{"href":"http:\/\/masquefa.cat\/benestar-social\/wp-json\/wp\/v2\/media?parent=57"}],"curies":[{"name":"wp","href":"https:\/\/api.w.org\/{rel}","templated":true}]}}