{"id":286,"date":"2017-11-24T17:14:16","date_gmt":"2017-11-24T16:14:16","guid":{"rendered":"http:\/\/ajmasquefa.atotarreu.com\/promocio-economica\/comerc-2\/"},"modified":"2026-03-27T11:41:01","modified_gmt":"2026-03-27T10:41:01","slug":"formacio-adults","status":"publish","type":"page","link":"http:\/\/masquefa.cat\/promocio-economica\/formacio-adults\/","title":{"rendered":"Formaci\u00f3 d&#8217;Adults"},"content":{"rendered":"<section class=\"wpb-content-wrapper\"><p>[vc_row margin_top=&#8221;32&#8243; el_class=&#8221;extra-page&#8221;][vc_column width=&#8221;1\/2&#8243;]<div id=\"ult-carousel-291860802669deb29acf328\" class=\"ult-carousel-wrapper   ult_horizontal\" data-gutter=\"15\" data-rtl=\"false\" ><div class=\"ult-carousel-323665080069deb29acf131 \" ><div class=\"ult-item-wrap\" data-animation=\"animated no-animation\"><section class=\"shortcode-teaser img-full\"><div class=\"layzr-bg shortcode-teaser-img\"><img class=\"lazy-load\"src=\"data:image\/svg+xml;charset=utf-8,%3Csvg xmlns%3D&#039;http%3A%2F%2Fwww.w3.org%2F2000%2Fsvg&#039; viewBox%3D&#039;0 0 1536 1152&#039;%2F%3E\"width=\"1536\"height=\"1152\"data-src=\"https:\/\/ajmasquefa-multimedia-wp.s3.eu-central-1.amazonaws.com\/wp-content\/uploads\/sites\/9\/2026\/03\/27114006\/GUIA-ABRIL_JULIOL-2026_page-0001.jpg\"data-srcset=\"https:\/\/ajmasquefa-multimedia-wp.s3.eu-central-1.amazonaws.com\/wp-content\/uploads\/sites\/9\/2026\/03\/27114006\/GUIA-ABRIL_JULIOL-2026_page-0001.jpg 1536w\"\/><\/div><div class=\"shortcode-teaser-content text-big\"><h2><a href=\"https:\/\/ajmasquefa-multimedia-wp.s3.eu-central-1.amazonaws.com\/wp-content\/uploads\/2026\/03\/27113428\/GUIA-ABRIL_JULIOL-2026.pdf\" target=\"_blank\" rel=\"noopener\">Guia Formativa 2026<\/a><\/h2>\n<div class=\"ult-item-wrap\" data-animation=\"animated no-animation\"><a href=\"#\" class=\"btn-shortcode dt-btn-m btn-link title-btn-color accent-btn-hover-color default-btn-bg-color default-btn-bg-hover-color fadeIn animate-element animation-builder\" target=\"_blank\" id=\"dt-btn-1\"><i class=\"fa fa-chevron-circle-right\"><\/i><span>M\u00e9s informaci\u00f3<\/span><\/a><\/div>\n<\/div><\/section><\/div><div class=\"ult-item-wrap\" data-animation=\"animated no-animation\"><section class=\"shortcode-teaser img-full shortcode-single-video\"><div class=\"shortcode-teaser-img\"><div class=\"shortcode-teaser-video\"><iframe width=\"1200\" height=\"675\" src=\"https:\/\/www.youtube.com\/embed\/tg-QMNQdJH8?feature=oembed\" frameborder=\"0\" allow=\"autoplay; encrypted-media\" allowfullscreen><\/iframe><\/div><\/div><div class=\"shortcode-teaser-content text-big\"><h2>Curs Dona&#8217;t una Oportunitat<\/h2>\n<\/div><\/section><\/div><\/div><\/div>\t\t\t<script type=\"text\/javascript\">\n\t\t\t\tjQuery(document).ready(function ($) {\n\t\t\t\t\tif( typeof jQuery('.ult-carousel-323665080069deb29acf131').slick == \"function\"){\n\t\t\t\t\t\t$('.ult-carousel-323665080069deb29acf131').slick({dots: true,autoplay: true,autoplaySpeed: 5000,speed: 300,infinite: true,arrows: false,slidesToScroll:1,slidesToShow:1,swipe: true,draggable: true,touchMove: true,pauseOnHover: true,pauseOnFocus: false,responsive: [\n\t\t\t\t\t\t\t{\n\t\t\t\t\t\t\t  breakpoint: 1026,\n\t\t\t\t\t\t\t  settings: {\n\t\t\t\t\t\t\t\tslidesToShow: 1,\n\t\t\t\t\t\t\t\tslidesToScroll: 1,  \n\t\t\t\t\t\t\t  }\n\t\t\t\t\t\t\t},\n\t\t\t\t\t\t\t{\n\t\t\t\t\t\t\t  breakpoint: 1025,\n\t\t\t\t\t\t\t  settings: {\n\t\t\t\t\t\t\t\tslidesToShow: 1,\n\t\t\t\t\t\t\t\tslidesToScroll: 1\n\t\t\t\t\t\t\t  }\n\t\t\t\t\t\t\t},\n\t\t\t\t\t\t\t{\n\t\t\t\t\t\t\t  breakpoint: 760,\n\t\t\t\t\t\t\t  settings: {\n\t\t\t\t\t\t\t\tslidesToShow: 1,\n\t\t\t\t\t\t\t\tslidesToScroll: 1\n\t\t\t\t\t\t\t  }\n\t\t\t\t\t\t\t}\n\t\t\t\t\t\t],pauseOnDotsHover: true,customPaging: function(slider, i) {\n                   return '<i type=\"button\" style= \"color:#950862;\" class=\"ultsl-record\" data-role=\"none\"><\/i>';\n                },});\n\t\t\t\t\t}\n\t\t\t\t});\n\t\t\t<\/script>\n\t\t\t[\/vc_column][vc_column width=&#8221;1\/2&#8243; el_class=&#8221;textPresentacio&#8221;][vc_column_text el_class=&#8221;extra-page-text&#8221;]El servei de formaci\u00f3 d\u2019adults vol donar resposta a les necessitats formatives dels vilatans i vilatanes de Masquefa. Es vol fomentar la necessitat de formar-se al llarg de la vida, com un proc\u00e9s permanent i necessari per ser m\u00e9s competitiu en el mercat laboral actual.<\/p>\n<p>El CTC \u00e9s el centre referent de la formaci\u00f3 de persones adultes a Masquefa.<\/p>\n<p>Per a aconseguir aquest objectiu s\u2019ofereixen els seg\u00fcents serveis:<\/p>\n<ul>\n<li><strong>Assessorament formatiu<\/strong>: donar suport individualitzat i orientar a la persona en el seu proc\u00e9s formatiu. Cal demanar cita pr\u00e8via al tel\u00e8fon 93 772 78 28.<\/li>\n<li><strong>Dinamitzaci\u00f3 de la formaci\u00f3<\/strong>: gesti\u00f3 i difusi\u00f3 trimestral de l\u2019oferta formativa local.<\/li>\n<li><strong>Detecci\u00f3 de necessitats formatives<\/strong>: recerca de les necessitats formatives existents en el territori mitjan\u00e7ant estudis diagn\u00f2stics i registre de demandes per tal d\u2019ajustar la formaci\u00f3 que s\u2019ofereix a les necessitats de les persones.<\/li>\n<\/ul>\n<p>[\/vc_column_text][\/vc_column][\/vc_row][vc_row type=&#8221;vc_default&#8221; full_width=&#8221;stretch_row&#8221; el_class=&#8221;acordio&#8221; css=&#8221;.vc_custom_1515066808747{background-color: #fdfafc !important;}&#8221;][vc_column width=&#8221;1\/2&#8243;][vc_empty_space height=&#8221;50px&#8221; css=&#8221;.vc_custom_1509979233717{background-color: #fdfafc !important;}&#8221;][vc_single_image image=&#8221;1394&#8243; img_size=&#8221;full&#8221; alignment=&#8221;center&#8221; onclick=&#8221;custom_link&#8221; link=&#8221;http:\/\/www.masquefa.net\/cursos\/&#8221;][vc_empty_space height=&#8221;50px&#8221; css=&#8221;.vc_custom_1509979233717{background-color: #fdfafc !important;}&#8221;][\/vc_column][vc_column width=&#8221;1\/2&#8243;][vc_empty_space height=&#8221;50px&#8221; css=&#8221;.vc_custom_1509979233717{background-color: #fdfafc !important;}&#8221;][vc_single_image image=&#8221;1396&#8243; img_size=&#8221;full&#8221; alignment=&#8221;center&#8221; onclick=&#8221;custom_link&#8221; img_link_target=&#8221;_blank&#8221; link=&#8221;https:\/\/masquefa.cat\/tramits\/&#8221;][vc_empty_space height=&#8221;50px&#8221; css=&#8221;.vc_custom_1509979233717{background-color: #fdfafc !important;}&#8221;][vc_single_image image=&#8221;1652&#8243; img_size=&#8221;full&#8221; onclick=&#8221;custom_link&#8221; link=&#8221;https:\/\/ajmasquefa-multimedia-wp.s3.eu-central-1.amazonaws.com\/wp-content\/uploads\/2026\/03\/27113428\/GUIA-ABRIL_JULIOL-2026.pdf&#8221;][vc_accordion active_tab=&#8221;&#8221; collapsible=&#8221;yes&#8221; style=&#8221;3&#8243; el_class=&#8221;acordio-fosc&#8221;][vc_accordion_tab title=&#8221;Fullet\u00f3 d&#8217;Oferta Formativa&#8221;][vc_column_text]<\/p>\n<ul>\n<li>\u00a0Durant el curs es publiquen tres fulletons amb l\u2019oferta formativa programada:\n<ul>\n<li>Abril &#8211; Juny &#8211; Juliol (2026)<\/li>\n<\/ul>\n<\/li>\n<\/ul>\n<p>Podeu consultar-los <a href=\"https:\/\/ajmasquefa-multimedia-wp.s3.eu-central-1.amazonaws.com\/wp-content\/uploads\/2026\/03\/27113428\/GUIA-ABRIL_JULIOL-2026.pdf\" target=\"_blank\" rel=\"noopener\">online<\/a>[\/vc_column_text][\/vc_accordion_tab][\/vc_accordion][\/vc_column][\/vc_row][vc_row][vc_column][vc_empty_space][vc_text_separator title=&#8221;Adreces d&#8217;Inter\u00e8s&#8221; color=&#8221;custom&#8221; accent_color=&#8221;#950862&#8243; el_class=&#8221;title-separator&#8221;][vc_row_inner][vc_column_inner width=&#8221;1\/3&#8243;][vc_single_image image=&#8221;486&#8243; img_size=&#8221;full&#8221; onclick=&#8221;custom_link&#8221; img_link_target=&#8221;_blank&#8221; css_animation=&#8221;bounce&#8221; link=&#8221;http:\/\/agora-eoi.xtec.cat\/eoimartorell\/&#8221;][\/vc_column_inner][vc_column_inner width=&#8221;1\/3&#8243;][vc_single_image image=&#8221;483&#8243; img_size=&#8221;full&#8221; onclick=&#8221;custom_link&#8221; img_link_target=&#8221;_blank&#8221; css_animation=&#8221;bounce&#8221; link=&#8221;http:\/\/www.balmesinnova.com\/formacion-tecnica-sant-esteve-sesrovires\/&#8221;][\/vc_column_inner][vc_column_inner width=&#8221;1\/3&#8243;][vc_single_image image=&#8221;485&#8243; img_size=&#8221;full&#8221; onclick=&#8221;custom_link&#8221; img_link_target=&#8221;_blank&#8221; css_animation=&#8221;bounce&#8221; link=&#8221;http:\/\/agora.xtec.cat\/cfa-martorell\/moodle\/&#8221;][\/vc_column_inner][\/vc_row_inner][vc_row_inner][vc_column_inner width=&#8221;1\/3&#8243;][vc_single_image image=&#8221;488&#8243; img_size=&#8221;full&#8221; onclick=&#8221;custom_link&#8221; img_link_target=&#8221;_blank&#8221; css_animation=&#8221;bounce&#8221; link=&#8221;http:\/\/www.uoc.edu\/portal\/es\/&#8221;][\/vc_column_inner][vc_column_inner width=&#8221;1\/3&#8243;][vc_single_image image=&#8221;484&#8243; img_size=&#8221;full&#8221; onclick=&#8221;custom_link&#8221; img_link_target=&#8221;_blank&#8221; css_animation=&#8221;bounce&#8221; link=&#8221;http:\/\/cfa-anoia.blogspot.com.es\/&#8221;][\/vc_column_inner][vc_column_inner width=&#8221;1\/3&#8243;][\/vc_column_inner][\/vc_row_inner][\/vc_column][\/vc_row][vc_row][vc_column][vc_empty_space][vc_text_separator title=&#8221;Documents d&#8217;Inter\u00e8s&#8221; color=&#8221;custom&#8221; accent_color=&#8221;#950862&#8243; el_class=&#8221;title-separator&#8221;][vc_row_inner][vc_column_inner width=&#8221;1\/3&#8243;][vc_single_image image=&#8221;2191&#8243; img_size=&#8221;full&#8221; onclick=&#8221;custom_link&#8221; img_link_target=&#8221;_blank&#8221; css_animation=&#8221;bounce&#8221; link=&#8221;https:\/\/ajmasquefa-multimedia-wp.s3.eu-central-1.amazonaws.com\/wp-content\/uploads\/sites\/9\/2025\/01\/16100902\/0.04.24098_Main_CA.pdf&#8221;][\/vc_column_inner][vc_column_inner width=&#8221;1\/3&#8243;][vc_single_image image=&#8221;2193&#8243; img_size=&#8221;full&#8221; onclick=&#8221;custom_link&#8221; img_link_target=&#8221;_blank&#8221; css_animation=&#8221;bounce&#8221; link=&#8221;https:\/\/ajmasquefa-multimedia-wp.s3.eu-central-1.amazonaws.com\/wp-content\/uploads\/sites\/9\/2024\/10\/09155935\/politica_ver2.pdf&#8221;][\/vc_column_inner][vc_column_inner width=&#8221;1\/3&#8243;][\/vc_column_inner][\/vc_row_inner][\/vc_column][\/vc_row]<\/p>\n<\/section>","protected":false},"excerpt":{"rendered":"<p>[vc_row margin_top=&#8221;32&#8243; el_class=&#8221;extra-page&#8221;][vc_column width=&#8221;1\/2&#8243;][\/vc_column][vc_column width=&#8221;1\/2&#8243; el_class=&#8221;textPresentacio&#8221;][vc_column_text el_class=&#8221;extra-page-text&#8221;]El servei de formaci\u00f3 d\u2019adults vol donar resposta a les necessitats formatives dels vilatans i vilatanes de Masquefa. Es vol fomentar la necessitat de formar-se al llarg de la vida, com un proc\u00e9s permanent i necessari per ser m\u00e9s competitiu en el mercat laboral actual. El CTC \u00e9s el&hellip;<\/p>\n","protected":false},"author":1,"featured_media":0,"parent":0,"menu_order":0,"comment_status":"closed","ping_status":"closed","template":"","meta":[],"_links":{"self":[{"href":"http:\/\/masquefa.cat\/promocio-economica\/wp-json\/wp\/v2\/pages\/286"}],"collection":[{"href":"http:\/\/masquefa.cat\/promocio-economica\/wp-json\/wp\/v2\/pages"}],"about":[{"href":"http:\/\/masquefa.cat\/promocio-economica\/wp-json\/wp\/v2\/types\/page"}],"author":[{"embeddable":true,"href":"http:\/\/masquefa.cat\/promocio-economica\/wp-json\/wp\/v2\/users\/1"}],"replies":[{"embeddable":true,"href":"http:\/\/masquefa.cat\/promocio-economica\/wp-json\/wp\/v2\/comments?post=286"}],"version-history":[{"count":127,"href":"http:\/\/masquefa.cat\/promocio-economica\/wp-json\/wp\/v2\/pages\/286\/revisions"}],"predecessor-version":[{"id":2393,"href":"http:\/\/masquefa.cat\/promocio-economica\/wp-json\/wp\/v2\/pages\/286\/revisions\/2393"}],"wp:attachment":[{"href":"http:\/\/masquefa.cat\/promocio-economica\/wp-json\/wp\/v2\/media?parent=286"}],"curies":[{"name":"wp","href":"https:\/\/api.w.org\/{rel}","templated":true}]}}