{"id":75,"date":"2017-06-21T06:45:24","date_gmt":"2017-06-21T06:45:24","guid":{"rendered":"http:\/\/ajmasquefa.atotarreu.com\/benestar-social\/?page_id=75"},"modified":"2017-11-27T15:54:26","modified_gmt":"2017-11-27T14:54:26","slug":"gsam","status":"publish","type":"page","link":"https:\/\/masquefa.cat\/benestar-social\/gsam\/","title":{"rendered":"(GSAM)"},"content":{"rendered":"<section class=\"wpb-content-wrapper\"><p>[vc_row margin_top=&#8221;100&#8243; margin_bottom=&#8221;100&#8243; el_class=&#8221;seccio&#8221;][vc_column][vc_single_image image=&#8221;238&#8243; img_size=&#8221;full&#8221; alignment=&#8221;center&#8221;][vc_row_inner][vc_column_inner][vc_column_text el_class=&#8221;seccio-text&#8221;]Els Grups de Suport Emocional i Ajuda M\u00fatua <strong>(GSAM)<\/strong> tenen per objectiu facilitar espais de trobada entre persones cuidadores que es troben en situaci\u00f3 similar, perqu\u00e8 puguin compartir les seves necessitats i preocupacions i tamb\u00e9 les seves viv\u00e8ncies i els seus coneixements.<\/p>\n<p>Es pret\u00e9n reduir l&#8217;impacte negatiu de la cura que, a vegades, poden experimentar els cuidadors i cuidadores no professionals, i millorar la qualitat\u00a0 de vida de les persones en situaci\u00f3 de depend\u00e8ncia.<\/p>\n<p><strong>Qui ho pot demanar?:<\/strong><br \/>\nTotes les persones cuidadores empadronades al municipi de Masquefa.[\/vc_column_text][\/vc_column_inner][\/vc_row_inner][\/vc_column][\/vc_row]<\/p>\n<\/section>","protected":false},"excerpt":{"rendered":"<p>[vc_row margin_top=&#8221;100&#8243; margin_bottom=&#8221;100&#8243; el_class=&#8221;seccio&#8221;][vc_column][vc_single_image image=&#8221;238&#8243; img_size=&#8221;full&#8221; alignment=&#8221;center&#8221;][vc_row_inner][vc_column_inner][vc_column_text el_class=&#8221;seccio-text&#8221;]Els Grups de Suport Emocional i Ajuda M\u00fatua (GSAM) tenen per objectiu facilitar espais de trobada entre persones cuidadores que es troben en situaci\u00f3 similar, perqu\u00e8 puguin compartir les seves necessitats i preocupacions i tamb\u00e9 les seves viv\u00e8ncies i els seus coneixements. Es pret\u00e9n reduir l&#8217;impacte negatiu de&hellip;<\/p>\n","protected":false},"author":1,"featured_media":0,"parent":0,"menu_order":0,"comment_status":"closed","ping_status":"closed","template":"","meta":[],"_links":{"self":[{"href":"https:\/\/masquefa.cat\/benestar-social\/wp-json\/wp\/v2\/pages\/75"}],"collection":[{"href":"https:\/\/masquefa.cat\/benestar-social\/wp-json\/wp\/v2\/pages"}],"about":[{"href":"https:\/\/masquefa.cat\/benestar-social\/wp-json\/wp\/v2\/types\/page"}],"author":[{"embeddable":true,"href":"https:\/\/masquefa.cat\/benestar-social\/wp-json\/wp\/v2\/users\/1"}],"replies":[{"embeddable":true,"href":"https:\/\/masquefa.cat\/benestar-social\/wp-json\/wp\/v2\/comments?post=75"}],"version-history":[{"count":3,"href":"https:\/\/masquefa.cat\/benestar-social\/wp-json\/wp\/v2\/pages\/75\/revisions"}],"predecessor-version":[{"id":239,"href":"https:\/\/masquefa.cat\/benestar-social\/wp-json\/wp\/v2\/pages\/75\/revisions\/239"}],"wp:attachment":[{"href":"https:\/\/masquefa.cat\/benestar-social\/wp-json\/wp\/v2\/media?parent=75"}],"curies":[{"name":"wp","href":"https:\/\/api.w.org\/{rel}","templated":true}]}}