{"id":1236,"date":"2021-04-14T10:15:51","date_gmt":"2021-04-14T08:15:51","guid":{"rendered":"http:\/\/masquefa.cat\/educacio\/?page_id=1236"},"modified":"2025-06-16T09:34:57","modified_gmt":"2025-06-16T07:34:57","slug":"escola-bressol-municipal-la-baldufa","status":"publish","type":"page","link":"https:\/\/masquefa.cat\/educacio\/escola-bressol-municipal-la-baldufa\/","title":{"rendered":"Escola Bressol Municipal La Baldufa"},"content":{"rendered":"<section class=\"wpb-content-wrapper\"><p>[vc_row margin_top=&#8221;32&#8243; el_class=&#8221;extra-page&#8221;][vc_column width=&#8221;1\/2&#8243;]<div id=\"ult-carousel-163364538969dfd157087b0\" class=\"ult-carousel-wrapper   ult_horizontal\" data-gutter=\"15\" data-rtl=\"false\" ><div class=\"ult-carousel-196798161069dfd15708610 \" ><div class=\"ult-item-wrap\" data-animation=\"animated no-animation\"><section class=\"shortcode-teaser img-full shortcode-single-video\"><div class=\"shortcode-teaser-img\"><div class=\"shortcode-teaser-video\"><iframe title=\"Escola bressol 25-26\" width=\"1200\" height=\"675\" src=\"https:\/\/www.youtube.com\/embed\/LphiMKRdSP0?feature=oembed\" frameborder=\"0\" allow=\"accelerometer; autoplay; clipboard-write; encrypted-media; gyroscope; picture-in-picture; web-share\" referrerpolicy=\"strict-origin-when-cross-origin\" allowfullscreen><\/iframe><\/div><\/div><div class=\"shortcode-teaser-content text-big\"><\/div><\/section><\/div><div class=\"ult-item-wrap\" data-animation=\"animated no-animation\"><section class=\"shortcode-teaser img-full\"><div class=\"layzr-bg shortcode-teaser-img\"><img class=\"lazy-load\"src=\"data:image\/svg+xml;charset=utf-8,%3Csvg xmlns%3D&#039;http%3A%2F%2Fwww.w3.org%2F2000%2Fsvg&#039; viewBox%3D&#039;0 0 541 334&#039;%2F%3E\"width=\"541\"height=\"334\"data-src=\"https:\/\/ajmasquefa-multimedia-wp.s3.eu-central-1.amazonaws.com\/wp-content\/uploads\/sites\/13\/2021\/04\/14104711\/baldufa-intro.png\"data-srcset=\"https:\/\/ajmasquefa-multimedia-wp.s3.eu-central-1.amazonaws.com\/wp-content\/uploads\/sites\/13\/2021\/04\/14104711\/baldufa-intro.png 541w\"\/><\/div><div class=\"shortcode-teaser-content text-big\"><\/div><\/section><\/div><div class=\"ult-item-wrap\" data-animation=\"animated no-animation\"><section class=\"shortcode-teaser img-full\"><div class=\"shortcode-teaser-img\"><a class=\"layzr-bg rollover\" href=\"https:\/\/ajmasquefa-multimedia-wp.s3.eu-central-1.amazonaws.com\/wp-content\/uploads\/sites\/13\/2025\/04\/02125757\/Portes-obertes-25-26.pdf\" target=\"_blank\"><img class=\"lazy-load\"src=\"data:image\/svg+xml;charset=utf-8,%3Csvg xmlns%3D&#039;http%3A%2F%2Fwww.w3.org%2F2000%2Fsvg&#039; viewBox%3D&#039;0 0 541 334&#039;%2F%3E\"width=\"541\"height=\"334\"data-src=\"https:\/\/ajmasquefa-multimedia-wp.s3.eu-central-1.amazonaws.com\/wp-content\/uploads\/sites\/13\/2025\/04\/02125547\/DestacatPortesObertesEBMB.png\"data-srcset=\"https:\/\/ajmasquefa-multimedia-wp.s3.eu-central-1.amazonaws.com\/wp-content\/uploads\/sites\/13\/2025\/04\/02125547\/DestacatPortesObertesEBMB.png 541w\"\/><\/a><\/div><div class=\"shortcode-teaser-content text-big\"><\/div><\/section><\/div><\/div><\/div>\t\t\t<script type=\"text\/javascript\">\n\t\t\t\tjQuery(document).ready(function ($) {\n\t\t\t\t\tif( typeof jQuery('.ult-carousel-196798161069dfd15708610').slick == \"function\"){\n\t\t\t\t\t\t$('.ult-carousel-196798161069dfd15708610').slick({dots: true,autoplay: true,autoplaySpeed: 5000,speed: 300,infinite: true,arrows: true,nextArrow: '<button type=\"button\" role=\"button\" aria-label=\"Next\" style=\"color:#333333; font-size:20px;\" class=\"slick-next default\"><i class=\"ultsl-arrow-right4\"><\/i><\/button>',prevArrow: '<button type=\"button\" role=\"button\" aria-label=\"Previous\" style=\"color:#333333; font-size:20px;\" class=\"slick-prev default\"><i class=\"ultsl-arrow-left4\"><\/i><\/button>',slidesToScroll:1,slidesToShow:1,swipe: true,draggable: true,touchMove: true,pauseOnHover: true,pauseOnFocus: false,responsive: [\n\t\t\t\t\t\t\t{\n\t\t\t\t\t\t\t  breakpoint: 1026,\n\t\t\t\t\t\t\t  settings: {\n\t\t\t\t\t\t\t\tslidesToShow: 1,\n\t\t\t\t\t\t\t\tslidesToScroll: 1,  \n\t\t\t\t\t\t\t  }\n\t\t\t\t\t\t\t},\n\t\t\t\t\t\t\t{\n\t\t\t\t\t\t\t  breakpoint: 1025,\n\t\t\t\t\t\t\t  settings: {\n\t\t\t\t\t\t\t\tslidesToShow: 1,\n\t\t\t\t\t\t\t\tslidesToScroll: 1\n\t\t\t\t\t\t\t  }\n\t\t\t\t\t\t\t},\n\t\t\t\t\t\t\t{\n\t\t\t\t\t\t\t  breakpoint: 760,\n\t\t\t\t\t\t\t  settings: {\n\t\t\t\t\t\t\t\tslidesToShow: 1,\n\t\t\t\t\t\t\t\tslidesToScroll: 1\n\t\t\t\t\t\t\t  }\n\t\t\t\t\t\t\t}\n\t\t\t\t\t\t],pauseOnDotsHover: true,customPaging: function(slider, i) {\n                   return '<i type=\"button\" style= \"color:#333333;\" class=\"ultsl-record\" data-role=\"none\"><\/i>';\n                },});\n\t\t\t\t\t}\n\t\t\t\t});\n\t\t\t<\/script>\n\t\t\t[\/vc_column][vc_column width=&#8221;1\/2&#8243; el_class=&#8221;textPresentacio&#8221;][vc_column_text el_class=&#8221;extra-page-text&#8221;]<strong>Escola Bressol Municipal La Baldufa<\/strong><\/p>\n<p>L\u2019escola bressol \u00e9s el centre especialitzat en el primer cicle d\u2019Educaci\u00f3 Infantil, que cobreix l\u2019etapa de 0 a 3 anys. L\u2019oferta educativa \u00e9s de diversos grups: de lactants de 4 mesos a 1 any, d\u2019infants d\u20191 a 2 i de 2 a 3 anys.<\/p>\n<p>L\u2019EBM La Baldufa t\u00e9 com a prop\u00f2sit educar en un ambient afectiu i comprensiu que porti a un correcte desenvolupament harm\u00f2nic de la personalitat de cada un dels infants; amb objectius compartits amb la fam\u00edlia, per tal que el proc\u00e9s educatiu sigui coherent i benefici\u00f3s pels nens i les nenes.<\/p>\n<p>[\/vc_column_text][vc_row_inner][vc_column_inner bwd_tbc4vd_show_weekday=&#8221;&#8221;][vc_column_text el_class=&#8221;extra-page-text&#8221;]<strong>CURS 2025-2026<\/strong>[\/vc_column_text][vc_btn title=&#8221;INFORMACI\u00d3 PREINSCRIPCI\u00d3 CURS 25-26&#8243; shape=&#8221;square&#8221; size=&#8221;lg&#8221; align=&#8221;center&#8221; button_block=&#8221;true&#8221; link=&#8221;url:https%3A%2F%2Fajmasquefa-multimedia-wp.s3.eu-central-1.amazonaws.com%2Fwp-content%2Fuploads%2Fsites%2F13%2F2025%2F05%2F09130621%2F2.-INFO-PREINSC-La-Baldufa-25-26-V2.pdf|target:_blank&#8221;][vc_btn title=&#8221;LLISTAT D&#8217;ADMESOS&#8221; shape=&#8221;square&#8221; size=&#8221;lg&#8221; align=&#8221;center&#8221; button_block=&#8221;true&#8221; link=&#8221;url:https%3A%2F%2Fajmasquefa-multimedia-wp.s3.eu-central-1.amazonaws.com%2Fwp-content%2Fuploads%2Fsites%2F13%2F2025%2F06%2F10105657%2Fllistat-admesos.pdf|target:_blank&#8221;][\/vc_column_inner][\/vc_row_inner][\/vc_column][\/vc_row]<\/p>\n<\/section>","protected":false},"excerpt":{"rendered":"<p>[vc_row margin_top=&#8221;32&#8243; el_class=&#8221;extra-page&#8221;][vc_column width=&#8221;1\/2&#8243;][\/vc_column][vc_column width=&#8221;1\/2&#8243; el_class=&#8221;textPresentacio&#8221;][vc_column_text el_class=&#8221;extra-page-text&#8221;]Escola Bressol Municipal La Baldufa L\u2019escola bressol \u00e9s el centre especialitzat en el primer cicle d\u2019Educaci\u00f3 Infantil, que cobreix l\u2019etapa de 0 a 3 anys. L\u2019oferta educativa \u00e9s de diversos grups: de lactants de 4 mesos a 1 any, d\u2019infants d\u20191 a 2 i de 2 a 3 anys.&hellip;<\/p>\n","protected":false},"author":1,"featured_media":0,"parent":0,"menu_order":0,"comment_status":"closed","ping_status":"closed","template":"","meta":[],"_links":{"self":[{"href":"https:\/\/masquefa.cat\/educacio\/wp-json\/wp\/v2\/pages\/1236"}],"collection":[{"href":"https:\/\/masquefa.cat\/educacio\/wp-json\/wp\/v2\/pages"}],"about":[{"href":"https:\/\/masquefa.cat\/educacio\/wp-json\/wp\/v2\/types\/page"}],"author":[{"embeddable":true,"href":"https:\/\/masquefa.cat\/educacio\/wp-json\/wp\/v2\/users\/1"}],"replies":[{"embeddable":true,"href":"https:\/\/masquefa.cat\/educacio\/wp-json\/wp\/v2\/comments?post=1236"}],"version-history":[{"count":82,"href":"https:\/\/masquefa.cat\/educacio\/wp-json\/wp\/v2\/pages\/1236\/revisions"}],"predecessor-version":[{"id":3214,"href":"https:\/\/masquefa.cat\/educacio\/wp-json\/wp\/v2\/pages\/1236\/revisions\/3214"}],"wp:attachment":[{"href":"https:\/\/masquefa.cat\/educacio\/wp-json\/wp\/v2\/media?parent=1236"}],"curies":[{"name":"wp","href":"https:\/\/api.w.org\/{rel}","templated":true}]}}