{"id":1287,"date":"2021-05-06T10:15:10","date_gmt":"2021-05-06T08:15:10","guid":{"rendered":"http:\/\/masquefa.cat\/educacio\/?page_id=1287"},"modified":"2025-06-13T08:53:38","modified_gmt":"2025-06-13T06:53:38","slug":"casals-estiu-a-masquefa","status":"publish","type":"page","link":"https:\/\/masquefa.cat\/educacio\/casals-estiu-a-masquefa\/","title":{"rendered":"Casals d\u2019Estiu a Masquefa"},"content":{"rendered":"<section class=\"wpb-content-wrapper\"><p>[vc_row margin_top=&#8221;32&#8243; el_class=&#8221;extra-page&#8221;][vc_column width=&#8221;1\/2&#8243;]<div id=\"ult-carousel-103710173569e7479a72ce9\" class=\"ult-carousel-wrapper   ult_horizontal\" data-gutter=\"15\" data-rtl=\"false\" ><div class=\"ult-carousel-184380739469e7479a72bf6 \" ><div class=\"ult-item-wrap\" data-animation=\"animated no-animation\"><section class=\"shortcode-teaser img-full\"><div class=\"shortcode-teaser-img\"><a class=\"layzr-bg rollover\" href=\"https:\/\/ajmasquefa-multimedia-wp.s3.eu-central-1.amazonaws.com\/wp-content\/uploads\/sites\/13\/2025\/04\/23105040\/Diptic-casals-destiu-25.pdf\" target=\"_blank\"><img class=\"lazy-load\"src=\"data:image\/svg+xml;charset=utf-8,%3Csvg xmlns%3D&#039;http%3A%2F%2Fwww.w3.org%2F2000%2Fsvg&#039; viewBox%3D&#039;0 0 2560 1440&#039;%2F%3E\"width=\"2560\"height=\"1440\"data-src=\"https:\/\/ajmasquefa-multimedia-wp.s3.eu-central-1.amazonaws.com\/wp-content\/uploads\/sites\/13\/2025\/04\/22123019\/Difusio-casals-destiu-25-5_page-0001-scaled.jpg\"data-srcset=\"https:\/\/ajmasquefa-multimedia-wp.s3.eu-central-1.amazonaws.com\/wp-content\/uploads\/sites\/13\/2025\/04\/22123019\/Difusio-casals-destiu-25-5_page-0001-scaled.jpg 2560w\"\/><\/a><\/div><div class=\"shortcode-teaser-content text-big\"><\/div><\/section><\/div><div class=\"ult-item-wrap\" data-animation=\"animated no-animation\"><section class=\"shortcode-teaser img-full\"><div class=\"shortcode-teaser-img\"><a class=\"layzr-bg rollover\" href=\"https:\/\/ajmasquefa-multimedia-wp.s3.eu-central-1.amazonaws.com\/wp-content\/uploads\/sites\/13\/2025\/04\/23105040\/Diptic-casals-destiu-25.pdf\" target=\"_blank\"><img class=\"lazy-load\"src=\"data:image\/svg+xml;charset=utf-8,%3Csvg xmlns%3D&#039;http%3A%2F%2Fwww.w3.org%2F2000%2Fsvg&#039; viewBox%3D&#039;0 0 2560 1440&#039;%2F%3E\"width=\"2560\"height=\"1440\"data-src=\"https:\/\/ajmasquefa-multimedia-wp.s3.eu-central-1.amazonaws.com\/wp-content\/uploads\/sites\/13\/2025\/04\/22123038\/Difusio-casals-destiu-25-5_page-0002-scaled.jpg\"data-srcset=\"https:\/\/ajmasquefa-multimedia-wp.s3.eu-central-1.amazonaws.com\/wp-content\/uploads\/sites\/13\/2025\/04\/22123038\/Difusio-casals-destiu-25-5_page-0002-scaled.jpg 2560w\"\/><\/a><\/div><div class=\"shortcode-teaser-content text-big\"><\/div><\/section><\/div><div class=\"ult-item-wrap\" data-animation=\"animated no-animation\"><section class=\"shortcode-teaser img-full\"><div class=\"shortcode-teaser-img\"><a class=\"layzr-bg rollover\" href=\"https:\/\/ajmasquefa-multimedia-wp.s3.eu-central-1.amazonaws.com\/wp-content\/uploads\/sites\/13\/2025\/04\/23105040\/Diptic-casals-destiu-25.pdf\" target=\"_blank\"><img class=\"lazy-load\"src=\"data:image\/svg+xml;charset=utf-8,%3Csvg xmlns%3D&#039;http%3A%2F%2Fwww.w3.org%2F2000%2Fsvg&#039; viewBox%3D&#039;0 0 2560 1440&#039;%2F%3E\"width=\"2560\"height=\"1440\"data-src=\"https:\/\/ajmasquefa-multimedia-wp.s3.eu-central-1.amazonaws.com\/wp-content\/uploads\/sites\/13\/2025\/04\/22123054\/Difusio-casals-destiu-25-5_page-0003-scaled.jpg\"data-srcset=\"https:\/\/ajmasquefa-multimedia-wp.s3.eu-central-1.amazonaws.com\/wp-content\/uploads\/sites\/13\/2025\/04\/22123054\/Difusio-casals-destiu-25-5_page-0003-scaled.jpg 2560w\"\/><\/a><\/div><div class=\"shortcode-teaser-content text-big\"><\/div><\/section><\/div><div class=\"ult-item-wrap\" data-animation=\"animated no-animation\"><section class=\"shortcode-teaser img-full\"><div class=\"shortcode-teaser-img\"><a class=\"layzr-bg rollover\" href=\"https:\/\/ajmasquefa-multimedia-wp.s3.eu-central-1.amazonaws.com\/wp-content\/uploads\/sites\/13\/2025\/04\/23105040\/Diptic-casals-destiu-25.pdf\" target=\"_blank\"><img class=\"lazy-load\"src=\"data:image\/svg+xml;charset=utf-8,%3Csvg xmlns%3D&#039;http%3A%2F%2Fwww.w3.org%2F2000%2Fsvg&#039; viewBox%3D&#039;0 0 2560 1440&#039;%2F%3E\"width=\"2560\"height=\"1440\"data-src=\"https:\/\/ajmasquefa-multimedia-wp.s3.eu-central-1.amazonaws.com\/wp-content\/uploads\/sites\/13\/2025\/04\/22123109\/Difusio-casals-destiu-25-5_page-0004-scaled.jpg\"data-srcset=\"https:\/\/ajmasquefa-multimedia-wp.s3.eu-central-1.amazonaws.com\/wp-content\/uploads\/sites\/13\/2025\/04\/22123109\/Difusio-casals-destiu-25-5_page-0004-scaled.jpg 2560w\"\/><\/a><\/div><div class=\"shortcode-teaser-content text-big\"><\/div><\/section><\/div><div class=\"ult-item-wrap\" data-animation=\"animated no-animation\"><section class=\"shortcode-teaser img-full\"><div class=\"shortcode-teaser-img\"><a class=\"layzr-bg rollover\" href=\"https:\/\/ajmasquefa-multimedia-wp.s3.eu-central-1.amazonaws.com\/wp-content\/uploads\/sites\/13\/2025\/04\/23105040\/Diptic-casals-destiu-25.pdf\" target=\"_blank\"><img class=\"lazy-load\"src=\"data:image\/svg+xml;charset=utf-8,%3Csvg xmlns%3D&#039;http%3A%2F%2Fwww.w3.org%2F2000%2Fsvg&#039; viewBox%3D&#039;0 0 2560 1440&#039;%2F%3E\"width=\"2560\"height=\"1440\"data-src=\"https:\/\/ajmasquefa-multimedia-wp.s3.eu-central-1.amazonaws.com\/wp-content\/uploads\/sites\/13\/2025\/04\/22123125\/Difusio-casals-destiu-25-5_page-0005-scaled.jpg\"data-srcset=\"https:\/\/ajmasquefa-multimedia-wp.s3.eu-central-1.amazonaws.com\/wp-content\/uploads\/sites\/13\/2025\/04\/22123125\/Difusio-casals-destiu-25-5_page-0005-scaled.jpg 2560w\"\/><\/a><\/div><div class=\"shortcode-teaser-content text-big\"><\/div><\/section><\/div><div class=\"ult-item-wrap\" data-animation=\"animated no-animation\"><section class=\"shortcode-teaser img-full\"><div class=\"shortcode-teaser-img\"><a class=\"layzr-bg rollover\" href=\"https:\/\/ajmasquefa-multimedia-wp.s3.eu-central-1.amazonaws.com\/wp-content\/uploads\/sites\/13\/2025\/04\/23105040\/Diptic-casals-destiu-25.pdf\" target=\"_blank\"><img class=\"lazy-load\"src=\"data:image\/svg+xml;charset=utf-8,%3Csvg xmlns%3D&#039;http%3A%2F%2Fwww.w3.org%2F2000%2Fsvg&#039; viewBox%3D&#039;0 0 2560 1440&#039;%2F%3E\"width=\"2560\"height=\"1440\"data-src=\"https:\/\/ajmasquefa-multimedia-wp.s3.eu-central-1.amazonaws.com\/wp-content\/uploads\/sites\/13\/2025\/04\/22123140\/Difusio-casals-destiu-25-5_page-0006-scaled.jpg\"data-srcset=\"https:\/\/ajmasquefa-multimedia-wp.s3.eu-central-1.amazonaws.com\/wp-content\/uploads\/sites\/13\/2025\/04\/22123140\/Difusio-casals-destiu-25-5_page-0006-scaled.jpg 2560w\"\/><\/a><\/div><div class=\"shortcode-teaser-content text-big\"><\/div><\/section><\/div><div class=\"ult-item-wrap\" data-animation=\"animated no-animation\"><section class=\"shortcode-teaser img-full\"><div class=\"shortcode-teaser-img\"><a class=\"layzr-bg rollover\" href=\"https:\/\/ajmasquefa-multimedia-wp.s3.eu-central-1.amazonaws.com\/wp-content\/uploads\/sites\/13\/2025\/04\/23105040\/Diptic-casals-destiu-25.pdf\" target=\"_blank\"><img class=\"lazy-load\"src=\"data:image\/svg+xml;charset=utf-8,%3Csvg xmlns%3D&#039;http%3A%2F%2Fwww.w3.org%2F2000%2Fsvg&#039; viewBox%3D&#039;0 0 2560 1440&#039;%2F%3E\"width=\"2560\"height=\"1440\"data-src=\"https:\/\/ajmasquefa-multimedia-wp.s3.eu-central-1.amazonaws.com\/wp-content\/uploads\/sites\/13\/2025\/04\/22123155\/Difusio-casals-destiu-25-5_page-0007-scaled.jpg\"data-srcset=\"https:\/\/ajmasquefa-multimedia-wp.s3.eu-central-1.amazonaws.com\/wp-content\/uploads\/sites\/13\/2025\/04\/22123155\/Difusio-casals-destiu-25-5_page-0007-scaled.jpg 2560w\"\/><\/a><\/div><div class=\"shortcode-teaser-content text-big\"><\/div><\/section><\/div><div class=\"ult-item-wrap\" data-animation=\"animated no-animation\"><section class=\"shortcode-teaser img-full\"><div class=\"shortcode-teaser-img\"><a class=\"layzr-bg rollover\" href=\"https:\/\/ajmasquefa-multimedia-wp.s3.eu-central-1.amazonaws.com\/wp-content\/uploads\/sites\/13\/2025\/04\/22122838\/Difusio-casals-destiu-25-V.pdf\" target=\"_blank\"><img class=\"lazy-load\"src=\"data:image\/svg+xml;charset=utf-8,%3Csvg xmlns%3D&#039;http%3A%2F%2Fwww.w3.org%2F2000%2Fsvg&#039; viewBox%3D&#039;0 0 2560 1440&#039;%2F%3E\"width=\"2560\"height=\"1440\"data-src=\"https:\/\/ajmasquefa-multimedia-wp.s3.eu-central-1.amazonaws.com\/wp-content\/uploads\/sites\/13\/2025\/04\/22123210\/Difusio-casals-destiu-25-5_page-0008-scaled.jpg\"data-srcset=\"https:\/\/ajmasquefa-multimedia-wp.s3.eu-central-1.amazonaws.com\/wp-content\/uploads\/sites\/13\/2025\/04\/22123210\/Difusio-casals-destiu-25-5_page-0008-scaled.jpg 2560w\"\/><\/a><\/div><div class=\"shortcode-teaser-content text-big\"><\/div><\/section><\/div><div class=\"ult-item-wrap\" data-animation=\"animated no-animation\"><section class=\"shortcode-teaser img-full\"><div class=\"shortcode-teaser-img\"><a class=\"layzr-bg rollover\" href=\"https:\/\/ajmasquefa-multimedia-wp.s3.eu-central-1.amazonaws.com\/wp-content\/uploads\/sites\/13\/2025\/04\/23105040\/Diptic-casals-destiu-25.pdf\" target=\"_blank\"><img class=\"lazy-load\"src=\"data:image\/svg+xml;charset=utf-8,%3Csvg xmlns%3D&#039;http%3A%2F%2Fwww.w3.org%2F2000%2Fsvg&#039; viewBox%3D&#039;0 0 2560 1440&#039;%2F%3E\"width=\"2560\"height=\"1440\"data-src=\"https:\/\/ajmasquefa-multimedia-wp.s3.eu-central-1.amazonaws.com\/wp-content\/uploads\/sites\/13\/2025\/04\/22123225\/Difusio-casals-destiu-25-5_page-0009-scaled.jpg\"data-srcset=\"https:\/\/ajmasquefa-multimedia-wp.s3.eu-central-1.amazonaws.com\/wp-content\/uploads\/sites\/13\/2025\/04\/22123225\/Difusio-casals-destiu-25-5_page-0009-scaled.jpg 2560w\"\/><\/a><\/div><div class=\"shortcode-teaser-content text-big\"><\/div><\/section><\/div><div class=\"ult-item-wrap\" data-animation=\"animated no-animation\"><section class=\"shortcode-teaser img-full\"><div class=\"shortcode-teaser-img\"><a class=\"layzr-bg rollover\" href=\"https:\/\/ajmasquefa-multimedia-wp.s3.eu-central-1.amazonaws.com\/wp-content\/uploads\/sites\/13\/2025\/04\/23105040\/Diptic-casals-destiu-25.pdf\" target=\"_blank\"><img class=\"lazy-load\"src=\"data:image\/svg+xml;charset=utf-8,%3Csvg xmlns%3D&#039;http%3A%2F%2Fwww.w3.org%2F2000%2Fsvg&#039; viewBox%3D&#039;0 0 2560 1440&#039;%2F%3E\"width=\"2560\"height=\"1440\"data-src=\"https:\/\/ajmasquefa-multimedia-wp.s3.eu-central-1.amazonaws.com\/wp-content\/uploads\/sites\/13\/2025\/04\/22123241\/Difusio-casals-destiu-25-5_page-0010-scaled.jpg\"data-srcset=\"https:\/\/ajmasquefa-multimedia-wp.s3.eu-central-1.amazonaws.com\/wp-content\/uploads\/sites\/13\/2025\/04\/22123241\/Difusio-casals-destiu-25-5_page-0010-scaled.jpg 2560w\"\/><\/a><\/div><div class=\"shortcode-teaser-content text-big\"><\/div><\/section><\/div><div class=\"ult-item-wrap\" data-animation=\"animated no-animation\"><section class=\"shortcode-teaser img-full\"><div class=\"shortcode-teaser-img\"><a class=\"layzr-bg rollover\" href=\"https:\/\/ajmasquefa-multimedia-wp.s3.eu-central-1.amazonaws.com\/wp-content\/uploads\/sites\/13\/2025\/04\/23105040\/Diptic-casals-destiu-25.pdf\" target=\"_blank\"><img class=\"lazy-load\"src=\"data:image\/svg+xml;charset=utf-8,%3Csvg xmlns%3D&#039;http%3A%2F%2Fwww.w3.org%2F2000%2Fsvg&#039; viewBox%3D&#039;0 0 2560 1440&#039;%2F%3E\"width=\"2560\"height=\"1440\"data-src=\"https:\/\/ajmasquefa-multimedia-wp.s3.eu-central-1.amazonaws.com\/wp-content\/uploads\/sites\/13\/2025\/04\/22123257\/Difusio-casals-destiu-25-5_page-0011-scaled.jpg\"data-srcset=\"https:\/\/ajmasquefa-multimedia-wp.s3.eu-central-1.amazonaws.com\/wp-content\/uploads\/sites\/13\/2025\/04\/22123257\/Difusio-casals-destiu-25-5_page-0011-scaled.jpg 2560w\"\/><\/a><\/div><div class=\"shortcode-teaser-content text-big\"><\/div><\/section><\/div><div class=\"ult-item-wrap\" data-animation=\"animated no-animation\"><section class=\"shortcode-teaser img-full\"><div class=\"shortcode-teaser-img\"><a class=\"layzr-bg rollover\" href=\"https:\/\/ajmasquefa-multimedia-wp.s3.eu-central-1.amazonaws.com\/wp-content\/uploads\/sites\/13\/2025\/04\/23105040\/Diptic-casals-destiu-25.pdf\" target=\"_blank\"><img class=\"lazy-load\"src=\"data:image\/svg+xml;charset=utf-8,%3Csvg xmlns%3D&#039;http%3A%2F%2Fwww.w3.org%2F2000%2Fsvg&#039; viewBox%3D&#039;0 0 2560 1440&#039;%2F%3E\"width=\"2560\"height=\"1440\"data-src=\"https:\/\/ajmasquefa-multimedia-wp.s3.eu-central-1.amazonaws.com\/wp-content\/uploads\/sites\/13\/2025\/04\/22123312\/Difusio-casals-destiu-25-5_page-0012-scaled.jpg\"data-srcset=\"https:\/\/ajmasquefa-multimedia-wp.s3.eu-central-1.amazonaws.com\/wp-content\/uploads\/sites\/13\/2025\/04\/22123312\/Difusio-casals-destiu-25-5_page-0012-scaled.jpg 2560w\"\/><\/a><\/div><div class=\"shortcode-teaser-content text-big\"><\/div><\/section><\/div><div class=\"ult-item-wrap\" data-animation=\"animated no-animation\"><section class=\"shortcode-teaser img-full\"><div class=\"shortcode-teaser-img\"><a class=\"layzr-bg rollover\" href=\"https:\/\/ajmasquefa-multimedia-wp.s3.eu-central-1.amazonaws.com\/wp-content\/uploads\/sites\/13\/2025\/04\/23105040\/Diptic-casals-destiu-25.pdf\" target=\"_blank\"><img class=\"lazy-load\"src=\"data:image\/svg+xml;charset=utf-8,%3Csvg xmlns%3D&#039;http%3A%2F%2Fwww.w3.org%2F2000%2Fsvg&#039; viewBox%3D&#039;0 0 2560 1440&#039;%2F%3E\"width=\"2560\"height=\"1440\"data-src=\"https:\/\/ajmasquefa-multimedia-wp.s3.eu-central-1.amazonaws.com\/wp-content\/uploads\/sites\/13\/2025\/04\/22123328\/Difusio-casals-destiu-25-5_page-0013-scaled.jpg\"data-srcset=\"https:\/\/ajmasquefa-multimedia-wp.s3.eu-central-1.amazonaws.com\/wp-content\/uploads\/sites\/13\/2025\/04\/22123328\/Difusio-casals-destiu-25-5_page-0013-scaled.jpg 2560w\"\/><\/a><\/div><div class=\"shortcode-teaser-content text-big\"><\/div><\/section><\/div><div class=\"ult-item-wrap\" data-animation=\"animated no-animation\"><section class=\"shortcode-teaser img-full\"><div class=\"shortcode-teaser-img\"><a class=\"layzr-bg rollover\" href=\"https:\/\/ajmasquefa-multimedia-wp.s3.eu-central-1.amazonaws.com\/wp-content\/uploads\/sites\/13\/2025\/04\/23105040\/Diptic-casals-destiu-25.pdf\" target=\"_blank\"><img class=\"lazy-load\"src=\"data:image\/svg+xml;charset=utf-8,%3Csvg xmlns%3D&#039;http%3A%2F%2Fwww.w3.org%2F2000%2Fsvg&#039; viewBox%3D&#039;0 0 2560 1440&#039;%2F%3E\"width=\"2560\"height=\"1440\"data-src=\"https:\/\/ajmasquefa-multimedia-wp.s3.eu-central-1.amazonaws.com\/wp-content\/uploads\/sites\/13\/2025\/04\/22123348\/Difusio-casals-destiu-25-5_page-0014-scaled.jpg\"data-srcset=\"https:\/\/ajmasquefa-multimedia-wp.s3.eu-central-1.amazonaws.com\/wp-content\/uploads\/sites\/13\/2025\/04\/22123348\/Difusio-casals-destiu-25-5_page-0014-scaled.jpg 2560w\"\/><\/a><\/div><div class=\"shortcode-teaser-content text-big\"><\/div><\/section><\/div><div class=\"ult-item-wrap\" data-animation=\"animated no-animation\"><section class=\"shortcode-teaser img-full\"><div class=\"shortcode-teaser-img\"><a class=\"layzr-bg rollover\" href=\"https:\/\/ajmasquefa-multimedia-wp.s3.eu-central-1.amazonaws.com\/wp-content\/uploads\/sites\/13\/2025\/04\/23105040\/Diptic-casals-destiu-25.pdf\" target=\"_blank\"><img class=\"lazy-load\"src=\"data:image\/svg+xml;charset=utf-8,%3Csvg xmlns%3D&#039;http%3A%2F%2Fwww.w3.org%2F2000%2Fsvg&#039; viewBox%3D&#039;0 0 2560 1440&#039;%2F%3E\"width=\"2560\"height=\"1440\"data-src=\"https:\/\/ajmasquefa-multimedia-wp.s3.eu-central-1.amazonaws.com\/wp-content\/uploads\/sites\/13\/2025\/04\/23105112\/Diptic-casals-destiu-25_page-0015DEF-scaled.jpg\"data-srcset=\"https:\/\/ajmasquefa-multimedia-wp.s3.eu-central-1.amazonaws.com\/wp-content\/uploads\/sites\/13\/2025\/04\/23105112\/Diptic-casals-destiu-25_page-0015DEF-scaled.jpg 2560w\"\/><\/a><\/div><div class=\"shortcode-teaser-content text-big\"><\/div><\/section><\/div><\/div><\/div>\t\t\t<script type=\"text\/javascript\">\n\t\t\t\tjQuery(document).ready(function ($) {\n\t\t\t\t\tif( typeof jQuery('.ult-carousel-184380739469e7479a72bf6').slick == \"function\"){\n\t\t\t\t\t\t$('.ult-carousel-184380739469e7479a72bf6').slick({dots: true,autoplay: true,autoplaySpeed: 5000,speed: 300,infinite: true,arrows: true,nextArrow: '<button type=\"button\" role=\"button\" aria-label=\"Next\" style=\"color:#333333; font-size:20px;\" class=\"slick-next default\"><i class=\"ultsl-arrow-right4\"><\/i><\/button>',prevArrow: '<button type=\"button\" role=\"button\" aria-label=\"Previous\" style=\"color:#333333; font-size:20px;\" class=\"slick-prev default\"><i class=\"ultsl-arrow-left4\"><\/i><\/button>',slidesToScroll:1,slidesToShow:1,swipe: true,draggable: true,touchMove: true,pauseOnHover: true,pauseOnFocus: false,responsive: [\n\t\t\t\t\t\t\t{\n\t\t\t\t\t\t\t  breakpoint: 1026,\n\t\t\t\t\t\t\t  settings: {\n\t\t\t\t\t\t\t\tslidesToShow: 1,\n\t\t\t\t\t\t\t\tslidesToScroll: 1,  \n\t\t\t\t\t\t\t  }\n\t\t\t\t\t\t\t},\n\t\t\t\t\t\t\t{\n\t\t\t\t\t\t\t  breakpoint: 1025,\n\t\t\t\t\t\t\t  settings: {\n\t\t\t\t\t\t\t\tslidesToShow: 1,\n\t\t\t\t\t\t\t\tslidesToScroll: 1\n\t\t\t\t\t\t\t  }\n\t\t\t\t\t\t\t},\n\t\t\t\t\t\t\t{\n\t\t\t\t\t\t\t  breakpoint: 760,\n\t\t\t\t\t\t\t  settings: {\n\t\t\t\t\t\t\t\tslidesToShow: 1,\n\t\t\t\t\t\t\t\tslidesToScroll: 1\n\t\t\t\t\t\t\t  }\n\t\t\t\t\t\t\t}\n\t\t\t\t\t\t],pauseOnDotsHover: true,customPaging: function(slider, i) {\n                   return '<i type=\"button\" style= \"color:#333333;\" class=\"ultsl-record\" data-role=\"none\"><\/i>';\n                },});\n\t\t\t\t\t}\n\t\t\t\t});\n\t\t\t<\/script>\n\t\t\t[\/vc_column][vc_column width=&#8221;1\/2&#8243; el_class=&#8221;textPresentacio&#8221;][vc_column_text el_class=&#8221;extra-page-text&#8221;]<strong>Casals d&#8217;estiu<\/strong><\/p>\n<p>Els Casals d\u2019Estiu promouen activitats socioeducatives adre\u00e7ades als infants de 3 a 12 anys, que han cursat entre Infantil-3 i 6\u00e8 de prim\u00e0ria durant el curs escolar; i ajuden a conciliar el temps de vacances escolars dels infants amb els horaris laborals de les fam\u00edlies.<\/p>\n<p>Ofereixen activitats diverses, adaptades a les diferents edats, que promouen l\u2019educaci\u00f3 en valors a trav\u00e9s de la conviv\u00e8ncia i el treball en grup.<\/p>\n<p>Es realitzen dos casals: un a La Beguda Alta, a l\u2019escola Vinyes Verdes; i un altre a Masquefa, a l\u2019escola El Tur\u00f3.<\/p>\n<ul>\n<li>Dates: del 25 de juny a l\u20191 d\u2019agost<\/li>\n<li><strong>Les places s\u00f3n limitades<\/strong>i s\u2019assignen per ordre d\u2019inscripci\u00f3<\/li>\n<li>Tota la informaci\u00f3 sobre\u00a0<strong>ELS CASALS D\u2019ESTIU <\/strong>la trobareu\u00a0<a href=\"https:\/\/ajmasquefa-multimedia-wp.s3.eu-central-1.amazonaws.com\/wp-content\/uploads\/sites\/13\/2025\/04\/23105040\/Diptic-casals-destiu-25.pdf\" target=\"_blank\" rel=\"noopener\"><strong><u>aqu\u00ed<\/u><\/strong><\/a><\/li>\n<li>Consulteu la\u00a0<a href=\"https:\/\/ajmasquefa-multimedia-wp.s3.eu-central-1.amazonaws.com\/wp-content\/uploads\/sites\/13\/2025\/04\/11152239\/Normativa-Casals-2025.pdf\" target=\"_blank\" rel=\"noopener\"><u>Normativa i Condicions de Participaci\u00f3<\/u>dels Casals d\u2019Estiu Municipals<\/a><\/li>\n<li>Es fa <strong><u>una sola inscripci\u00f3 per fam\u00edlia<\/u><\/strong>, on s\u2019inscriuen tots els germans. \u00c9s necessari tenir preparats els seg\u00fcents documents de cada infant, per formalitzar-la:\n<ul>\n<li style=\"list-style-type: none;\">\n<ul>\n<li>Targeta Sanit\u00e0ria (imatge de les dues cares)<\/li>\n<li>Foto de l\u2019infant<\/li>\n<li>Carnet de vacunes o <a href=\"https:\/\/ajmasquefa-multimedia-wp.s3.eu-central-1.amazonaws.com\/wp-content\/uploads\/sites\/13\/2025\/04\/11152240\/declaracio_responsable_no_vacunacio.pdf\" target=\"_blank\" rel=\"noopener\"><strong><u>Declaraci\u00f3 responsable<\/u><\/strong><\/a> de no vacunaci\u00f3<\/li>\n<li><a href=\"https:\/\/ajmasquefa-multimedia-wp.s3.eu-central-1.amazonaws.com\/wp-content\/uploads\/sites\/13\/2025\/04\/11152241\/Fitxa-infant-2025.pdf\" target=\"_blank\" rel=\"noopener\"><strong><u>Fitxa de l\u2019infant<\/u><\/strong><\/a><\/li>\n<li>DNI del pare, mare, tutor o tutora<\/li>\n<\/ul>\n<\/li>\n<\/ul>\n<\/li>\n<li>Per realitzar la inscripci\u00f3 entreu\u00a0<a href=\"https:\/\/masquefa.preinscripcio.online\/login_aoc\" target=\"_blank\" rel=\"noopener\"><strong><u>aqu\u00ed<\/u><\/strong><\/a> <em>(En un \u00fanic formulari s\u2019inscriuen a tots els fills i filles).<\/em><\/li>\n<\/ul>\n<p>Per qualsevol dubte o aclariment us podeu adre\u00e7ar a\u00a0<u><a href=\"mailto:casalestiu@masquefa.net\">casalestiu@masquefa.net<\/a><\/u><\/p>\n<p>&nbsp;<\/p>\n<ul>\n<li><a href=\"https:\/\/ajmasquefa-multimedia-wp.s3.eu-central-1.amazonaws.com\/wp-content\/uploads\/sites\/13\/2025\/06\/13085019\/2a-Reunio-de-families-Masquefa-petits.-V3.pdf\" target=\"_blank\" rel=\"noopener\">Casal Masquefa Infantil: reuni\u00f3 fam\u00edlies petits<\/a><\/li>\n<li><a href=\"https:\/\/ajmasquefa-multimedia-wp.s3.eu-central-1.amazonaws.com\/wp-content\/uploads\/sites\/13\/2025\/06\/13085021\/2a-Reunio-de-families-Masquefa-grans-V3.pdf\" target=\"_blank\" rel=\"noopener\">Casal Masquefa Prim\u00e0ria: reuni\u00f3 fam\u00edlies grans<\/a><\/li>\n<li><a href=\"https:\/\/ajmasquefa-multimedia-wp.s3.eu-central-1.amazonaws.com\/wp-content\/uploads\/sites\/13\/2025\/06\/09125146\/2a-Reunio-de-families-La-Beguda.pdf\" target=\"_blank\" rel=\"noopener\">Casal La Beguda: reuni\u00f3 fam\u00edlies<\/a><\/li>\n<\/ul>\n<p><em>\u00a0<\/em><\/p>\n<p><em>Els CASALS D\u2019ESTIU MUNICIPALS\u00a0 estan organitzats per l\u2019Ajuntament de Masquefa. FUNDESPLAI \u00e9s l\u2019empresa que realitza les activitats.<\/em>[\/vc_column_text][vc_row_inner][vc_column_inner bwd_tbc4vd_show_weekday=&#8221;&#8221; offset=&#8221;vc_hidden-lg vc_hidden-md vc_hidden-sm vc_hidden-xs&#8221;][vc_btn title=&#8221;GUIA D&#8217;INSCRIPCI\u00d3&#8221; shape=&#8221;square&#8221; size=&#8221;lg&#8221; align=&#8221;center&#8221; i_icon_fontawesome=&#8221;fa fa-file-text-o&#8221; button_block=&#8221;true&#8221; add_icon=&#8221;true&#8221; link=&#8221;url:https%3A%2F%2Fs3-eu-central-1.amazonaws.com%2Fajmasquefa-multimedia-wp%2Fwp-content%2Fuploads%2Fsites%2F13%2F2021%2F05%2F13134206%2FGUIA-INSCRIPCI%25C3%2593-CASAL-ESTIU-MASQUEFA.pdf||target:%20_blank|&#8221;][\/vc_column_inner][\/vc_row_inner][vc_row_inner][vc_column_inner width=&#8221;1\/3&#8243; bwd_tbc4vd_show_weekday=&#8221;&#8221; offset=&#8221;vc_hidden-lg vc_hidden-md vc_hidden-sm vc_hidden-xs&#8221;][vc_btn title=&#8221;Full de Pagament&#8221; shape=&#8221;square&#8221; size=&#8221;lg&#8221; align=&#8221;center&#8221; i_icon_fontawesome=&#8221;fa fa-file-text-o&#8221; button_block=&#8221;true&#8221; add_icon=&#8221;true&#8221; link=&#8221;url:https%3A%2F%2Fs3-eu-central-1.amazonaws.com%2Fajmasquefa-multimedia-wp%2Fwp-content%2Fuploads%2Fsites%2F13%2F2021%2F05%2F06100831%2FDOMICILIACI%25C3%2593-CASAL-ESTIU-2021-form.pdf||target:%20_blank|&#8221;][\/vc_column_inner][vc_column_inner width=&#8221;1\/3&#8243; bwd_tbc4vd_show_weekday=&#8221;&#8221; offset=&#8221;vc_hidden-lg vc_hidden-md vc_hidden-sm vc_hidden-xs&#8221;][vc_btn title=&#8221;Informaci\u00f3 i Inscripcions&#8221; shape=&#8221;square&#8221; size=&#8221;lg&#8221; align=&#8221;center&#8221; i_icon_fontawesome=&#8221;fa fa-file-text-o&#8221; button_block=&#8221;true&#8221; add_icon=&#8221;true&#8221; link=&#8221;url:https%3A%2F%2Fs3-eu-central-1.amazonaws.com%2Fajmasquefa-multimedia-wp%2Fwp-content%2Fuploads%2Fsites%2F13%2F2021%2F05%2F13135144%2FInfo-Casal-estiu-2.pdf||target:%20_blank|&#8221;][\/vc_column_inner][vc_column_inner width=&#8221;1\/3&#8243; bwd_tbc4vd_show_weekday=&#8221;&#8221; offset=&#8221;vc_hidden-lg vc_hidden-md vc_hidden-sm vc_hidden-xs&#8221;][vc_btn title=&#8221;1a Reuni\u00f3 de Fam\u00edlies&#8221; shape=&#8221;square&#8221; size=&#8221;lg&#8221; align=&#8221;center&#8221; i_icon_fontawesome=&#8221;fa fa-file-text-o&#8221; button_block=&#8221;true&#8221; add_icon=&#8221;true&#8221; link=&#8221;url:https%3A%2F%2Fs3-eu-central-1.amazonaws.com%2Fajmasquefa-multimedia-wp%2Fwp-content%2Fuploads%2Fsites%2F13%2F2021%2F05%2F31100901%2FPlantilla_Primera_Reuni%25C3%25B3_families_2021_-Masquefa.pdf||target:%20_blank|&#8221;][\/vc_column_inner][\/vc_row_inner][\/vc_column][\/vc_row]<\/p>\n<\/section>","protected":false},"excerpt":{"rendered":"<p>[vc_row margin_top=&#8221;32&#8243; el_class=&#8221;extra-page&#8221;][vc_column width=&#8221;1\/2&#8243;][\/vc_column][vc_column width=&#8221;1\/2&#8243; el_class=&#8221;textPresentacio&#8221;][vc_column_text el_class=&#8221;extra-page-text&#8221;]Casals d&#8217;estiu Els Casals d\u2019Estiu promouen activitats socioeducatives adre\u00e7ades als infants de 3 a 12 anys, que han cursat entre Infantil-3 i 6\u00e8 de prim\u00e0ria durant el curs escolar; i ajuden a conciliar el temps de vacances escolars dels infants amb els horaris laborals de les fam\u00edlies. Ofereixen activitats&hellip;<\/p>\n","protected":false},"author":1,"featured_media":0,"parent":0,"menu_order":0,"comment_status":"closed","ping_status":"closed","template":"","meta":[],"_links":{"self":[{"href":"https:\/\/masquefa.cat\/educacio\/wp-json\/wp\/v2\/pages\/1287"}],"collection":[{"href":"https:\/\/masquefa.cat\/educacio\/wp-json\/wp\/v2\/pages"}],"about":[{"href":"https:\/\/masquefa.cat\/educacio\/wp-json\/wp\/v2\/types\/page"}],"author":[{"embeddable":true,"href":"https:\/\/masquefa.cat\/educacio\/wp-json\/wp\/v2\/users\/1"}],"replies":[{"embeddable":true,"href":"https:\/\/masquefa.cat\/educacio\/wp-json\/wp\/v2\/comments?post=1287"}],"version-history":[{"count":94,"href":"https:\/\/masquefa.cat\/educacio\/wp-json\/wp\/v2\/pages\/1287\/revisions"}],"predecessor-version":[{"id":3209,"href":"https:\/\/masquefa.cat\/educacio\/wp-json\/wp\/v2\/pages\/1287\/revisions\/3209"}],"wp:attachment":[{"href":"https:\/\/masquefa.cat\/educacio\/wp-json\/wp\/v2\/media?parent=1287"}],"curies":[{"name":"wp","href":"https:\/\/api.w.org\/{rel}","templated":true}]}}