{"id":1938,"date":"2022-06-16T16:47:05","date_gmt":"2022-06-16T14:47:05","guid":{"rendered":"http:\/\/masquefa.cat\/educacio\/?page_id=1938"},"modified":"2022-06-23T12:18:33","modified_gmt":"2022-06-23T10:18:33","slug":"casal-estiu-a-masquefa-font-del-roure","status":"publish","type":"page","link":"https:\/\/masquefa.cat\/educacio\/casal-estiu-a-masquefa-font-del-roure\/","title":{"rendered":"Casal d&#8217;estiu a Masquefa-Font Del Roure"},"content":{"rendered":"<section class=\"wpb-content-wrapper\"><p>[vc_row][vc_column][vc_empty_space][vc_empty_space][vc_column_text]<\/p>\n<p style=\"text-align: center;\"><a href=\"https:\/\/ajmasquefa-multimedia-wp.s3.eu-central-1.amazonaws.com\/wp-content\/uploads\/sites\/13\/2022\/06\/16163957\/Reuni%C3%B3-INSCRITS_FONT-DEL-ROURE_2022.pdf\">Reuni\u00f3-INSCRITS_FONT-DEL-ROURE_2022<\/a><\/p>\n<p style=\"text-align: center;\"><a href=\"https:\/\/ajmasquefa-multimedia-wp.s3.eu-central-1.amazonaws.com\/wp-content\/uploads\/sites\/13\/2022\/06\/16163955\/Autortizaci%C3%B3-sortida.pdf\">Autortizaci\u00f3-sortida<\/a><br \/>\n<a href=\"https:\/\/ajmasquefa-multimedia-wp.s3.eu-central-1.amazonaws.com\/wp-content\/uploads\/sites\/13\/2022\/06\/16163955\/Autoritzacio-medicaments.pdf\">Autoritzacio-medicaments<\/a><br \/>\n<a href=\"https:\/\/ajmasquefa-multimedia-wp.s3.eu-central-1.amazonaws.com\/wp-content\/uploads\/sites\/13\/2022\/06\/16163954\/Autoritzacio-marxar-sol.pdf\">Autoritzacio-marxar-sol<\/a><br \/>\n<a href=\"https:\/\/ajmasquefa-multimedia-wp.s3.eu-central-1.amazonaws.com\/wp-content\/uploads\/sites\/13\/2022\/06\/23121309\/Informaci%C3%B3-Casal-Estiu.pdf\">Informaci\u00f3 general del Casal<\/a><\/p>\n<p>[\/vc_column_text][vc_empty_space][\/vc_column][\/vc_row]<\/p>\n<\/section>","protected":false},"excerpt":{"rendered":"<p>[vc_row][vc_column][vc_empty_space][vc_empty_space][vc_column_text] Reuni\u00f3-INSCRITS_FONT-DEL-ROURE_2022 Autortizaci\u00f3-sortida Autoritzacio-medicaments Autoritzacio-marxar-sol Informaci\u00f3 general del Casal [\/vc_column_text][vc_empty_space][\/vc_column][\/vc_row]<\/p>\n","protected":false},"author":1,"featured_media":0,"parent":0,"menu_order":0,"comment_status":"closed","ping_status":"closed","template":"","meta":[],"_links":{"self":[{"href":"https:\/\/masquefa.cat\/educacio\/wp-json\/wp\/v2\/pages\/1938"}],"collection":[{"href":"https:\/\/masquefa.cat\/educacio\/wp-json\/wp\/v2\/pages"}],"about":[{"href":"https:\/\/masquefa.cat\/educacio\/wp-json\/wp\/v2\/types\/page"}],"author":[{"embeddable":true,"href":"https:\/\/masquefa.cat\/educacio\/wp-json\/wp\/v2\/users\/1"}],"replies":[{"embeddable":true,"href":"https:\/\/masquefa.cat\/educacio\/wp-json\/wp\/v2\/comments?post=1938"}],"version-history":[{"count":10,"href":"https:\/\/masquefa.cat\/educacio\/wp-json\/wp\/v2\/pages\/1938\/revisions"}],"predecessor-version":[{"id":1974,"href":"https:\/\/masquefa.cat\/educacio\/wp-json\/wp\/v2\/pages\/1938\/revisions\/1974"}],"wp:attachment":[{"href":"https:\/\/masquefa.cat\/educacio\/wp-json\/wp\/v2\/media?parent=1938"}],"curies":[{"name":"wp","href":"https:\/\/api.w.org\/{rel}","templated":true}]}}