{"id":2008,"date":"2022-11-25T10:05:01","date_gmt":"2022-11-25T09:05:01","guid":{"rendered":"http:\/\/masquefa.cat\/educacio\/?page_id=2008"},"modified":"2025-11-14T14:01:52","modified_gmt":"2025-11-14T13:01:52","slug":"temps-de-joc-nadal","status":"publish","type":"page","link":"https:\/\/masquefa.cat\/educacio\/temps-de-joc-nadal\/","title":{"rendered":"TEMPS DE JOC &#8211; NADAL 2025"},"content":{"rendered":"<section class=\"wpb-content-wrapper\"><p>[vc_row][vc_column][vc_separator][\/vc_column][\/vc_row][vc_row][vc_column width=&#8221;1\/2&#8243;][vc_single_image image=&#8221;3243&#8243; img_size=&#8221;430&#215;418&#8243; alignment=&#8221;center&#8221; onclick=&#8221;custom_link&#8221; img_link_target=&#8221;_blank&#8221; link=&#8221;https:\/\/ajmasquefa-multimedia-wp.s3.eu-central-1.amazonaws.com\/wp-content\/uploads\/sites\/13\/2024\/11\/28153112\/TEMPS-DE-JOC-NADAL24III.pdf&#8221;][\/vc_column][vc_column width=&#8221;1\/2&#8243;][vc_column_text]<strong>TEMPS DE JOC <\/strong>\u00e9s un servei destinat a donar temps a mares i pares, i oferir als infants d\u2019Infantil 3 a 6\u00e8, un espai d\u2019activitats puntuals, durant els dies laborables de les vacances escolars de Nadal.<\/p>\n<p>Ofereix una programaci\u00f3 di\u00e0ria d\u2019activitats tem\u00e0tiques, que afavoreixen la imaginaci\u00f3, la creaci\u00f3 i l\u2019experimentaci\u00f3, el joc col\u00b7laboraci\u00f3 i la diversi\u00f3.<\/p>\n<ul>\n<li>Dies: 22-23-24-29-30-31 de desembre i 2-5 de gener<\/li>\n<li>Horari: de 9 a 13h<\/li>\n<li>Lloc: Escola El Tur\u00f3. Entrada pati d\u2019infantil, al costat poliesportiu<\/li>\n<li><strong>Les places s\u00f3n limitades<\/strong> (30 places\/dia) i s\u2019assignen per ordre d\u2019inscripci\u00f3<\/li>\n<li>Tota la informaci\u00f3 sobre <strong>TEMPS DE JOC<\/strong> la trobareu <a href=\"https:\/\/ajmasquefa-multimedia-wp.s3.eu-central-1.amazonaws.com\/wp-content\/uploads\/sites\/13\/2025\/11\/14114238\/V3-DIPTIC-TEMPS-DE-JOC-NADAL25.pdf\" target=\"_blank\" rel=\"noopener\"><strong>aqu\u00ed<\/strong><\/a><\/li>\n<li>Consulteu la <a href=\"https:\/\/ajmasquefa-multimedia-wp.s3.eu-central-1.amazonaws.com\/wp-content\/uploads\/sites\/13\/2025\/11\/13123846\/NORMATIVA-I-FUNCIONAMENT.pdf\" target=\"_blank\" rel=\"noopener\"><strong>Normativa i Funcionament de TEMPS DE JOC<\/strong><\/a><\/li>\n<li>Per realitzar la inscripci\u00f3 entreu <a href=\"https:\/\/masquefa.preinscripcio.online\/\" target=\"_blank\" rel=\"noopener\"><strong>aqu\u00ed <\/strong><\/a><em>(En un \u00fanic formulari s\u2019inscriuen a tots els fills i filles) (t\u2019ho passem quan ho tinguem)<\/em><\/li>\n<\/ul>\n<p>Per qualsevol dubte o aclariment us podeu adre\u00e7ar a <a href=\"mailto:tempsdejoc@masquefa.net\">tempsdejoc@masquefa.net<\/a><\/p>\n<p><em>TEMPS DE JOC est\u00e0 organitzat per l\u2019Ajuntament de Masquefa. Desconnecta SCP \u00e9s l\u2019empresa que realitza les activitats.<\/em>[\/vc_column_text][\/vc_column][\/vc_row][vc_row][vc_column][vc_separator color=&#8221;white&#8221;][\/vc_column][\/vc_row]<\/p>\n<\/section>","protected":false},"excerpt":{"rendered":"<p>[vc_row][vc_column][vc_separator][\/vc_column][\/vc_row][vc_row][vc_column width=&#8221;1\/2&#8243;][vc_single_image image=&#8221;3243&#8243; img_size=&#8221;430&#215;418&#8243; alignment=&#8221;center&#8221; onclick=&#8221;custom_link&#8221; img_link_target=&#8221;_blank&#8221; link=&#8221;https:\/\/ajmasquefa-multimedia-wp.s3.eu-central-1.amazonaws.com\/wp-content\/uploads\/sites\/13\/2024\/11\/28153112\/TEMPS-DE-JOC-NADAL24III.pdf&#8221;][\/vc_column][vc_column width=&#8221;1\/2&#8243;][vc_column_text]TEMPS DE JOC \u00e9s un servei destinat a donar temps a mares i pares, i oferir als infants d\u2019Infantil 3 a 6\u00e8, un espai d\u2019activitats puntuals, durant els dies laborables de les vacances escolars de Nadal. Ofereix una programaci\u00f3 di\u00e0ria d\u2019activitats tem\u00e0tiques, que afavoreixen la imaginaci\u00f3, la&hellip;<\/p>\n","protected":false},"author":1,"featured_media":0,"parent":0,"menu_order":0,"comment_status":"closed","ping_status":"closed","template":"","meta":[],"_links":{"self":[{"href":"https:\/\/masquefa.cat\/educacio\/wp-json\/wp\/v2\/pages\/2008"}],"collection":[{"href":"https:\/\/masquefa.cat\/educacio\/wp-json\/wp\/v2\/pages"}],"about":[{"href":"https:\/\/masquefa.cat\/educacio\/wp-json\/wp\/v2\/types\/page"}],"author":[{"embeddable":true,"href":"https:\/\/masquefa.cat\/educacio\/wp-json\/wp\/v2\/users\/1"}],"replies":[{"embeddable":true,"href":"https:\/\/masquefa.cat\/educacio\/wp-json\/wp\/v2\/comments?post=2008"}],"version-history":[{"count":95,"href":"https:\/\/masquefa.cat\/educacio\/wp-json\/wp\/v2\/pages\/2008\/revisions"}],"predecessor-version":[{"id":3248,"href":"https:\/\/masquefa.cat\/educacio\/wp-json\/wp\/v2\/pages\/2008\/revisions\/3248"}],"wp:attachment":[{"href":"https:\/\/masquefa.cat\/educacio\/wp-json\/wp\/v2\/media?parent=2008"}],"curies":[{"name":"wp","href":"https:\/\/api.w.org\/{rel}","templated":true}]}}