{"id":3250,"date":"2026-02-27T15:45:52","date_gmt":"2026-02-27T14:45:52","guid":{"rendered":"https:\/\/masquefa.cat\/educacio\/?page_id=3250"},"modified":"2026-03-02T15:17:21","modified_gmt":"2026-03-02T14:17:21","slug":"temps-de-joc-pasqua26","status":"publish","type":"page","link":"https:\/\/masquefa.cat\/educacio\/temps-de-joc-pasqua26\/","title":{"rendered":"TEMPS DE JOC &#8211; PASQUA&#8217;26"},"content":{"rendered":"<section class=\"wpb-content-wrapper\"><p>[vc_row][vc_column][vc_separator][\/vc_column][\/vc_row][vc_row][vc_column width=&#8221;1\/2&#8243;][vc_single_image image=&#8221;3253&#8243; img_size=&#8221;500&#215;400&#8243; alignment=&#8221;center&#8221; onclick=&#8221;custom_link&#8221; img_link_target=&#8221;_blank&#8221; link=&#8221;https:\/\/ajmasquefa-multimedia-wp.s3.eu-central-1.amazonaws.com\/wp-content\/uploads\/sites\/13\/2025\/03\/21153610\/INFO-TEMPS-DE-JOC-PASQUA2025.pdf&#8221;][\/vc_column][vc_column width=&#8221;1\/2&#8243;][vc_column_text]<strong>TEMPS DE JOC<\/strong>\u00a0\u00e9s un servei destinat a donar temps a mares i pares, i oferir als infants d\u2019Infantil 3 a 6\u00e8, un espai d\u2019activitats puntuals, durant els dies laborables de les vacances escolars de Pasqua.<\/p>\n<p>Ofereix una programaci\u00f3 di\u00e0ria d\u2019activitats tem\u00e0tiques, que afavoreixen la imaginaci\u00f3, la creaci\u00f3 i l\u2019experimentaci\u00f3, el joc col\u00b7laboraci\u00f3 i la diversi\u00f3.<\/p>\n<ul>\n<li>Dies: 30-31 de mar\u00e7 i 1-2 d\u2019abril<\/li>\n<li>Horari: de 9 a 13h<\/li>\n<li>Lloc: Escola El Tur\u00f3. Entrada pati d\u2019infantil, al costat poliesportiu<\/li>\n<li><strong>Les places s\u00f3n limitades<\/strong>(30 places\/dia) i s\u2019assignen per ordre d\u2019inscripci\u00f3<\/li>\n<li>Tota la informaci\u00f3 sobre\u00a0<strong>TEMPS DE JOC <\/strong>la trobareu\u00a0<a href=\"https:\/\/ajmasquefa-multimedia-wp.s3.eu-central-1.amazonaws.com\/wp-content\/uploads\/sites\/13\/2026\/03\/02151454\/TEMPS-DE-JOC-PASQUA-26.pdf\" target=\"_blank\" rel=\"noopener\"><strong>aqu\u00ed<\/strong><\/a><\/li>\n<li>Consulteu la\u00a0<a href=\"https:\/\/ajmasquefa-multimedia-wp.s3.eu-central-1.amazonaws.com\/wp-content\/uploads\/sites\/13\/2026\/02\/27154545\/NORMATIVA-I-FUNCIONAMENT-PASQUA26.pdf\" target=\"_blank\" rel=\"noopener\"><strong>Normativa i Funcionament de TEMPS DE JOC<\/strong>\u00a0<\/a><\/li>\n<li>Per realitzar la inscripci\u00f3 entreu\u00a0<strong><a href=\"https:\/\/masquefa.preinscripcio.online\/\" target=\"_blank\" rel=\"noopener\">aqu\u00ed<\/a>\u00a0<\/strong><em>(En un \u00fanic formulari s\u2019inscriuen a tots els fills i filles)<\/em><\/li>\n<li><\/li>\n<\/ul>\n<p>Per qualsevol dubte o aclariment us podeu adre\u00e7ar a\u00a0<a href=\"mailto:tempsdejoc@masquefa.net\">tempsdejoc@masquefa.net<\/a><\/p>\n<p><em>TEMPS DE JOC est\u00e0 organitzat per l\u2019Ajuntament de Masquefa. (DES)CONNECTA \u00e9s l\u2019empresa que realitza les activitats.<\/em>[\/vc_column_text][\/vc_column][\/vc_row][vc_row][vc_column][vc_separator color=&#8221;white&#8221;][\/vc_column][\/vc_row]<\/p>\n<\/section>","protected":false},"excerpt":{"rendered":"<p>[vc_row][vc_column][vc_separator][\/vc_column][\/vc_row][vc_row][vc_column width=&#8221;1\/2&#8243;][vc_single_image image=&#8221;3253&#8243; img_size=&#8221;500&#215;400&#8243; alignment=&#8221;center&#8221; onclick=&#8221;custom_link&#8221; img_link_target=&#8221;_blank&#8221; link=&#8221;https:\/\/ajmasquefa-multimedia-wp.s3.eu-central-1.amazonaws.com\/wp-content\/uploads\/sites\/13\/2025\/03\/21153610\/INFO-TEMPS-DE-JOC-PASQUA2025.pdf&#8221;][\/vc_column][vc_column width=&#8221;1\/2&#8243;][vc_column_text]TEMPS DE JOC\u00a0\u00e9s un servei destinat a donar temps a mares i pares, i oferir als infants d\u2019Infantil 3 a 6\u00e8, un espai d\u2019activitats puntuals, durant els dies laborables de les vacances escolars de Pasqua. Ofereix una programaci\u00f3 di\u00e0ria d\u2019activitats tem\u00e0tiques, que afavoreixen la imaginaci\u00f3, la creaci\u00f3&hellip;<\/p>\n","protected":false},"author":1,"featured_media":0,"parent":0,"menu_order":0,"comment_status":"closed","ping_status":"closed","template":"","meta":[],"_links":{"self":[{"href":"https:\/\/masquefa.cat\/educacio\/wp-json\/wp\/v2\/pages\/3250"}],"collection":[{"href":"https:\/\/masquefa.cat\/educacio\/wp-json\/wp\/v2\/pages"}],"about":[{"href":"https:\/\/masquefa.cat\/educacio\/wp-json\/wp\/v2\/types\/page"}],"author":[{"embeddable":true,"href":"https:\/\/masquefa.cat\/educacio\/wp-json\/wp\/v2\/users\/1"}],"replies":[{"embeddable":true,"href":"https:\/\/masquefa.cat\/educacio\/wp-json\/wp\/v2\/comments?post=3250"}],"version-history":[{"count":5,"href":"https:\/\/masquefa.cat\/educacio\/wp-json\/wp\/v2\/pages\/3250\/revisions"}],"predecessor-version":[{"id":3257,"href":"https:\/\/masquefa.cat\/educacio\/wp-json\/wp\/v2\/pages\/3250\/revisions\/3257"}],"wp:attachment":[{"href":"https:\/\/masquefa.cat\/educacio\/wp-json\/wp\/v2\/media?parent=3250"}],"curies":[{"name":"wp","href":"https:\/\/api.w.org\/{rel}","templated":true}]}}