{"id":143,"date":"2017-06-12T12:11:25","date_gmt":"2017-06-12T12:11:25","guid":{"rendered":"http:\/\/ajmasquefa.atotarreu.com\/gent-gran\/?page_id=143"},"modified":"2018-02-01T15:35:02","modified_gmt":"2018-02-01T14:35:02","slug":"centre-de-dia","status":"publish","type":"page","link":"https:\/\/masquefa.cat\/gent-gran\/centre-de-dia\/","title":{"rendered":"Centre de Dia"},"content":{"rendered":"<section class=\"wpb-content-wrapper\"><p>[vc_row margin_top=&#8221;100&#8243; margin_bottom=&#8221;100&#8243; el_class=&#8221;centre-de-dia&#8221; css=&#8221;.vc_custom_1497269626709{margin-bottom: 100px !important;}&#8221;][vc_column]\n<ul class=\"slider-simple shortcode-photo-slider photoSlider\" data-width=\"823\" data-height=\"551\" data-autoslide=\"4000\" data-paused=\"false\" style=\"width: 100%\" data-img-mode=\"fill\">\n\t<li>\n\t\t<img class=\"preload-me\" src=\"https:\/\/masquefa.cat\/gent-gran\/wp-content\/uploads\/sites\/18\/2017\/11\/Centre-de-dia.jpg\" srcset=\"https:\/\/masquefa.cat\/gent-gran\/wp-content\/uploads\/sites\/18\/2017\/11\/Centre-de-dia.jpg 797w\" width=\"797\" height=\"533\"  alt=\"Centre de dia\"  \/>\n\t\t<div class=\"slider-post-caption\">\n\t\t\t<div class=\"slider-post-inner\">\n\t\t\t\t<h4>Centre de dia<\/h4>\n\t\t\t<\/div>\n\t\t<\/div><\/li>\n\t<li>\n\t\t<img class=\"preload-me\" src=\"https:\/\/ajmasquefa-multimedia-wp.s3.eu-central-1.amazonaws.com\/wp-content\/uploads\/sites\/18\/2018\/01\/11114334\/Centre-de-Dia-Entrada.jpg\" srcset=\"https:\/\/ajmasquefa-multimedia-wp.s3.eu-central-1.amazonaws.com\/wp-content\/uploads\/sites\/18\/2018\/01\/11114334\/Centre-de-Dia-Entrada.jpg 823w\" width=\"823\" height=\"551\"  alt=\"\"  \/>\n\t\t<div class=\"slider-post-caption\">\n\t\t\t<div class=\"slider-post-inner\">\n\t\t\t\t<h4>Centre-de-Dia-Entrada<\/h4>\n\t\t\t<\/div>\n\t\t<\/div><\/li>\n\t<li>\n\t\t<img class=\"preload-me\" src=\"https:\/\/ajmasquefa-multimedia-wp.s3.eu-central-1.amazonaws.com\/wp-content\/uploads\/sites\/18\/2018\/01\/11114332\/Centre-de-Dia-Manualitats.jpg\" srcset=\"https:\/\/ajmasquefa-multimedia-wp.s3.eu-central-1.amazonaws.com\/wp-content\/uploads\/sites\/18\/2018\/01\/11114332\/Centre-de-Dia-Manualitats.jpg 823w\" width=\"823\" height=\"551\"  alt=\"\"  \/>\n\t\t<div class=\"slider-post-caption\">\n\t\t\t<div class=\"slider-post-inner\">\n\t\t\t\t<h4>Centre-de-Dia-Manualitats<\/h4>\n\t\t\t<\/div>\n\t\t<\/div><\/li>\n\t<li>\n\t\t<img class=\"preload-me\" src=\"https:\/\/ajmasquefa-multimedia-wp.s3.eu-central-1.amazonaws.com\/wp-content\/uploads\/sites\/18\/2018\/01\/11114335\/Centre-de-dia-esport.jpg\" srcset=\"https:\/\/ajmasquefa-multimedia-wp.s3.eu-central-1.amazonaws.com\/wp-content\/uploads\/sites\/18\/2018\/01\/11114335\/Centre-de-dia-esport.jpg 823w\" width=\"823\" height=\"551\"  alt=\"\"  \/>\n\t\t<div class=\"slider-post-caption\">\n\t\t\t<div class=\"slider-post-inner\">\n\t\t\t\t<h4>Centre-de-dia-esport<\/h4>\n\t\t\t<\/div>\n\t\t<\/div><\/li><\/ul>[vc_row_inner][vc_column_inner][vc_column_text el_class=&#8221;centre-de-dia-text&#8221;]<strong>El centre de dia<\/strong> \u00e9s un servei d&#8217;acolliment di\u00fcrn que complementa l&#8217;atenci\u00f3 pr\u00f2pia de l&#8217;entorn familiar, amb els objectius d&#8217;afavorir la recuperaci\u00f3 i el manteniment de l&#8217;autonomia personal i social.<\/p>\n<p><strong>Les activitats que es desenvolupen<\/strong> al Centre de dia de Masquefa faciliten el necessari benestar f\u00edsic i ps\u00edquic perqu\u00e8 les persones que l\u2019utilitzen puguin mantenir-se\u00a0 en el seu entorn personal i familiar en les millors condicions, alhora que\u00a0 proporciona suport a les fam\u00edlies en l&#8217;atenci\u00f3 a les persones grans dependents.<\/p>\n<p>El Centre de dia de Masquefa\u00a0 constitueix una alternativa a l&#8217;internament residencial de la persona gran i pot ser un servei de car\u00e0cter temporal o permanent.<\/p>\n<p><strong>El servei compte<\/strong> amb un equip interdisciplinari format per la Direcci\u00f3 T\u00e8cnica i professionals dels seg\u00fcents \u00e0mbits: gerocultors, educaci\u00f3 social, treball social, infermeria, fisioterapia, ter\u00e0pia ocupacional i serveis de suport.[\/vc_column_text][\/vc_column_inner][\/vc_row_inner][\/vc_column][\/vc_row]<\/p>\n<\/section>","protected":false},"excerpt":{"rendered":"<p>[vc_row margin_top=&#8221;100&#8243; margin_bottom=&#8221;100&#8243; el_class=&#8221;centre-de-dia&#8221; css=&#8221;.vc_custom_1497269626709{margin-bottom: 100px !important;}&#8221;][vc_column][vc_row_inner][vc_column_inner][vc_column_text el_class=&#8221;centre-de-dia-text&#8221;]El centre de dia \u00e9s un servei d&#8217;acolliment di\u00fcrn que complementa l&#8217;atenci\u00f3 pr\u00f2pia de l&#8217;entorn familiar, amb els objectius d&#8217;afavorir la recuperaci\u00f3 i el manteniment de l&#8217;autonomia personal i social. Les activitats que es desenvolupen al Centre de dia de Masquefa faciliten el necessari benestar f\u00edsic i ps\u00edquic&hellip;<\/p>\n","protected":false},"author":1,"featured_media":0,"parent":0,"menu_order":0,"comment_status":"closed","ping_status":"closed","template":"","meta":[],"_links":{"self":[{"href":"https:\/\/masquefa.cat\/gent-gran\/wp-json\/wp\/v2\/pages\/143"}],"collection":[{"href":"https:\/\/masquefa.cat\/gent-gran\/wp-json\/wp\/v2\/pages"}],"about":[{"href":"https:\/\/masquefa.cat\/gent-gran\/wp-json\/wp\/v2\/types\/page"}],"author":[{"embeddable":true,"href":"https:\/\/masquefa.cat\/gent-gran\/wp-json\/wp\/v2\/users\/1"}],"replies":[{"embeddable":true,"href":"https:\/\/masquefa.cat\/gent-gran\/wp-json\/wp\/v2\/comments?post=143"}],"version-history":[{"count":11,"href":"https:\/\/masquefa.cat\/gent-gran\/wp-json\/wp\/v2\/pages\/143\/revisions"}],"predecessor-version":[{"id":361,"href":"https:\/\/masquefa.cat\/gent-gran\/wp-json\/wp\/v2\/pages\/143\/revisions\/361"}],"wp:attachment":[{"href":"https:\/\/masquefa.cat\/gent-gran\/wp-json\/wp\/v2\/media?parent=143"}],"curies":[{"name":"wp","href":"https:\/\/api.w.org\/{rel}","templated":true}]}}