{"id":172,"date":"2017-06-27T10:01:59","date_gmt":"2017-06-27T10:01:59","guid":{"rendered":"http:\/\/ajmasquefa.atotarreu.com\/gent-gran\/?page_id=172"},"modified":"2018-01-11T11:15:01","modified_gmt":"2018-01-11T10:15:01","slug":"espais-ludics-i-de-salut","status":"publish","type":"page","link":"https:\/\/masquefa.cat\/gent-gran\/espais-ludics-i-de-salut\/","title":{"rendered":"Espais l\u00fadics i de salut"},"content":{"rendered":"<section class=\"wpb-content-wrapper\"><p>[vc_row margin_top=&#8221;100&#8243; margin_bottom=&#8221;100&#8243; el_class=&#8221;casal-de-avis&#8221;][vc_column]\n<ul class=\"slider-simple shortcode-photo-slider photoSlider\" data-width=\"797\" data-height=\"533\" data-autoslide=\"5000\" data-paused=\"true\" style=\"width: 100%\" data-img-mode=\"fill\">\n\t<li>\n\t\t<img class=\"preload-me\" src=\"https:\/\/masquefa.cat\/gent-gran\/wp-content\/uploads\/sites\/18\/2017\/11\/Espais-Ludics.jpg\" srcset=\"https:\/\/masquefa.cat\/gent-gran\/wp-content\/uploads\/sites\/18\/2017\/11\/Espais-Ludics.jpg 797w\" width=\"797\" height=\"533\"  alt=\"\"  \/>\n\t\t<div class=\"slider-post-caption\">\n\t\t\t<div class=\"slider-post-inner\">\n\t\t\t\t<h4>Espais Ludics<\/h4>\n\t\t\t<\/div>\n\t\t<\/div><\/li>\n\t<li>\n\t\t<img class=\"preload-me\" src=\"https:\/\/masquefa.cat\/gent-gran\/wp-content\/uploads\/sites\/18\/2017\/11\/Espais-Ludics-Gent.jpg\" srcset=\"https:\/\/masquefa.cat\/gent-gran\/wp-content\/uploads\/sites\/18\/2017\/11\/Espais-Ludics-Gent.jpg 797w\" width=\"797\" height=\"533\"  alt=\"\"  \/>\n\t\t<div class=\"slider-post-caption\">\n\t\t\t<div class=\"slider-post-inner\">\n\t\t\t\t<h4>Espais Ludics Gent<\/h4>\n\t\t\t<\/div>\n\t\t<\/div><\/li><\/ul>[vc_row_inner disable_element=&#8221;yes&#8221;][vc_column_inner][vc_column_text el_class=&#8221;casal-de-avis-text&#8221;]Aquests espais p\u00fablics s\u00f3n circuits, instal\u00b7lats per la Diputaci\u00f3 de Barcelona, de salut on la gent gran pot millorar les seves capacitats f\u00edsiques i sensorials, fent-hi exercicis senzills de gimn\u00e0stica i manteniment a l\u2019aire lliure.[\/vc_column_text][\/vc_column_inner][\/vc_row_inner][\/vc_column][\/vc_row]<\/p>\n<\/section>","protected":false},"excerpt":{"rendered":"<p>[vc_row margin_top=&#8221;100&#8243; margin_bottom=&#8221;100&#8243; el_class=&#8221;casal-de-avis&#8221;][vc_column][vc_row_inner disable_element=&#8221;yes&#8221;][vc_column_inner][vc_column_text el_class=&#8221;casal-de-avis-text&#8221;]Aquests espais p\u00fablics s\u00f3n circuits, instal\u00b7lats per la Diputaci\u00f3 de Barcelona, de salut on la gent gran pot millorar les seves capacitats f\u00edsiques i sensorials, fent-hi exercicis senzills de gimn\u00e0stica i manteniment a l\u2019aire lliure.[\/vc_column_text][\/vc_column_inner][\/vc_row_inner][\/vc_column][\/vc_row]<\/p>\n","protected":false},"author":1,"featured_media":0,"parent":0,"menu_order":0,"comment_status":"closed","ping_status":"closed","template":"","meta":[],"_links":{"self":[{"href":"https:\/\/masquefa.cat\/gent-gran\/wp-json\/wp\/v2\/pages\/172"}],"collection":[{"href":"https:\/\/masquefa.cat\/gent-gran\/wp-json\/wp\/v2\/pages"}],"about":[{"href":"https:\/\/masquefa.cat\/gent-gran\/wp-json\/wp\/v2\/types\/page"}],"author":[{"embeddable":true,"href":"https:\/\/masquefa.cat\/gent-gran\/wp-json\/wp\/v2\/users\/1"}],"replies":[{"embeddable":true,"href":"https:\/\/masquefa.cat\/gent-gran\/wp-json\/wp\/v2\/comments?post=172"}],"version-history":[{"count":9,"href":"https:\/\/masquefa.cat\/gent-gran\/wp-json\/wp\/v2\/pages\/172\/revisions"}],"predecessor-version":[{"id":315,"href":"https:\/\/masquefa.cat\/gent-gran\/wp-json\/wp\/v2\/pages\/172\/revisions\/315"}],"wp:attachment":[{"href":"https:\/\/masquefa.cat\/gent-gran\/wp-json\/wp\/v2\/media?parent=172"}],"curies":[{"name":"wp","href":"https:\/\/api.w.org\/{rel}","templated":true}]}}