{"id":1852,"date":"2022-11-09T15:57:47","date_gmt":"2022-11-09T14:57:47","guid":{"rendered":"http:\/\/masquefa.cat\/promocio-economica\/?page_id=1852"},"modified":"2023-10-09T12:20:01","modified_gmt":"2023-10-09T10:20:01","slug":"mes-40","status":"publish","type":"page","link":"https:\/\/masquefa.cat\/promocio-economica\/mes-40\/","title":{"rendered":"+40"},"content":{"rendered":"<section class=\"wpb-content-wrapper\"><p>[vc_row margin_top=&#8221;32&#8243; el_class=&#8221;extra-page&#8221;][vc_column][vc_empty_space][vc_column_text el_class=&#8221;extra-page-text&#8221;]+ 40: expertesa, experi\u00e8ncia i talent \u00e9s un projecte que pret\u00e9n afavorir el retorn de dones de m\u00e9s de 40 anys provinents del sector serveis al mercat laboral a trav\u00e9s de la millora de compet\u00e8ncies i l\u2019eliminaci\u00f3 de barreres i elements de discriminaci\u00f3.<\/p>\n<p>\u00c9s un projecte que combina la millora de compet\u00e8ncies oferint formaci\u00f3, assessorament especialitzat per la recerca de feina i una campanya de sensibilitzaci\u00f3 per a la ciutadania en general i l\u2019empresariat en particular.[\/vc_column_text][\/vc_column][\/vc_row][vc_row bwd_tbc4vd_show_weekday=&#8221;&#8221; type=&#8221;vc_default&#8221; full_width=&#8221;stretch_row&#8221; el_class=&#8221;acordio&#8221;][vc_column bwd_tbc4vd_show_weekday=&#8221;&#8221;][vc_empty_space height=&#8221;50px&#8221;][\/vc_column][\/vc_row][vc_row bwd_tbc4vd_show_weekday=&#8221;&#8221; type=&#8221;vc_default&#8221; full_width=&#8221;stretch_row&#8221; el_class=&#8221;acordio&#8221;][vc_column bwd_tbc4vd_show_weekday=&#8221;&#8221;][vc_text_separator title=&#8221;Accions del projecte&#8221; color=&#8221;custom&#8221; accent_color=&#8221;#950862&#8243; el_class=&#8221;title-separator&#8221;][vc_row_inner bwd_tbc4vd_show_weekday=&#8221;&#8221;][vc_column_inner width=&#8221;1\/2&#8243;][vc_column_text el_class=&#8221;tramits-i-serveis-titol&#8221;]<\/p>\n<h2>Formacions<\/h2>\n<p>[\/vc_column_text][vc_column_text]<\/p>\n<ul>\n<li>Excel (20h) i Excel avan\u00e7at (30h).<\/li>\n<li>Comptabilitat per a aut\u00f2noms i PIMES (52h).<\/li>\n<li>Laboral, n\u00f2mines i seguretat social (30h).<\/li>\n<li><span lang=\"CA\"><a href=\"https:\/\/seu-e.cat\/ca\/web\/masquefa\/tramits-i-gestions\/-\/tramits\/tramit\/15133655?p_auth=OSsiN1Jl\" target=\"_blank\" rel=\"noopener\">Curs de formaci\u00f3 ocupacional en Comunicaci\u00f3 en lleng\u00fces estrangeres: Angl\u00e8s N2<\/a>.\u00a0<\/span><\/li>\n<li><span lang=\"CA\"><a href=\"https:\/\/ajuntament.atotarreu.com\/jsp\/cat\/inscripcionsOnline.jsp?cursID=1144\" target=\"_blank\" rel=\"noopener\">Ms. Office Word Nivell 2<\/a> (3 m\u00f2duls).\u00a0<\/span><\/li>\n<li><span lang=\"CA\">Curs Ms. Office Excel Nivell 2 (3 m\u00f2duls).\u00a0<\/span><\/li>\n<li><span lang=\"CA\"><a href=\"https:\/\/ajuntament.atotarreu.com\/jsp\/cat\/inscripcionsOnline.jsp?cursID=1143\" target=\"_blank\" rel=\"noopener\">Preparaci\u00f3 a la prova acTIC<\/a> Nivell mitj\u00e0 (3 m\u00f2duls).\u00a0<\/span><\/li>\n<li>T\u00e8cniques administratives comercials (60h)<\/li>\n<\/ul>\n<p>[\/vc_column_text][\/vc_column_inner][vc_column_inner bwd_tbc4vd_show_weekday=&#8221;&#8221; width=&#8221;1\/2&#8243;][vc_column_text el_class=&#8221;tramits-i-serveis-titol&#8221;]<\/p>\n<h2>Tallers de recerca de feina<\/h2>\n<p>[\/vc_column_text][vc_column_text]<\/p>\n<ul>\n<li>Com presentar-se a oposicions<\/li>\n<li>Com trobar feina amb m\u00e9s de 45 anys \u2013 Talent s\u00e8nior<\/li>\n<li><span lang=\"CA\">Qu\u00e8 \u00e9s la formaci\u00f3 ocupacional?<\/span><\/li>\n<li><span lang=\"CA\">Ofertes de feina a l\u2019administraci\u00f3 p\u00fablica<\/span><\/li>\n<li><span lang=\"CA\">Millora les teves possibilitats de ser seleccionat a Infojobs<br \/>\n<\/span><\/li>\n<li>Portals webs de recerca de feina<\/li>\n<\/ul>\n<p>[\/vc_column_text][\/vc_column_inner][\/vc_row_inner][\/vc_column][\/vc_row][vc_row bwd_tbc4vd_show_weekday=&#8221;&#8221; type=&#8221;vc_default&#8221; full_width=&#8221;stretch_row&#8221; el_class=&#8221;acordio&#8221;][vc_column bwd_tbc4vd_show_weekday=&#8221;&#8221;][vc_text_separator title=&#8221;Entrevistes&#8221; color=&#8221;custom&#8221; accent_color=&#8221;#950862&#8243; el_class=&#8221;title-separator&#8221;][vc_row_inner bwd_tbc4vd_show_weekday=&#8221;&#8221;][vc_column_inner width=&#8221;1\/4&#8243;][vc_column_text]<\/p>\n<p style=\"text-align: center;\">Mireia Dom\u00e8nech: \u201cLes dones +40 tenim experi\u00e8ncia de la vida, empenta i un comprom\u00eds que t\u00e9 molt a veure amb la maduresa\u201d.<\/p>\n<p>[\/vc_column_text][vc_single_image image=&#8221;1882&#8243; img_size=&#8221;170&#215;100&#8243; alignment=&#8221;center&#8221; onclick=&#8221;link_image&#8221;][vc_column_text]<\/p>\n<p style=\"text-align: center;\"><a href=\"https:\/\/masquefa.cat\/promocio-economica\/mireia-domenech-les-dones-40-tenim-experiencia-de-la-vida-empenta-i-un-compromis-que-te-molt-a-veure-amb-la-maduresa\/\" target=\"_blank\" rel=\"noopener noreferrer\">Entrevista<\/a><\/p>\n<p>[\/vc_column_text][\/vc_column_inner][vc_column_inner width=&#8221;1\/4&#8243;][vc_column_text]<\/p>\n<p style=\"text-align: center;\">Rosa Burriel: \u201cLes dones +40 sabem el que ens fem; tenim les idees clares i experi\u00e8ncia\u201d<\/p>\n<p>[\/vc_column_text][vc_empty_space height=&#8221;18px&#8221;][vc_single_image image=&#8221;1901&#8243; img_size=&#8221;170&#215;100&#8243; alignment=&#8221;center&#8221; onclick=&#8221;link_image&#8221;][vc_column_text]<\/p>\n<p style=\"text-align: center;\"><a href=\"https:\/\/masquefa.cat\/promocio-economica\/rosa-burriel-les-dones-40-sabem-el-que-ens-fem-tenim-les-idees-clares-i-experiencia\/\" target=\"_blank\" rel=\"noopener noreferrer\">Entrevista<\/a><\/p>\n<p>[\/vc_column_text][\/vc_column_inner][vc_column_inner width=&#8221;1\/4&#8243;][vc_column_text]<\/p>\n<p style=\"text-align: center;\">Laura Mu\u00f1oz: \u201cLes dones +40 som responsables, tenim perspectiva i ens involucrem m\u00e9s a la feina\u201d<\/p>\n<p>[\/vc_column_text][vc_empty_space height=&#8221;18px&#8221;][vc_single_image image=&#8221;1965&#8243; img_size=&#8221;170&#215;100&#8243; alignment=&#8221;center&#8221; onclick=&#8221;link_image&#8221;][vc_column_text]<\/p>\n<p style=\"text-align: center;\"><a href=\"https:\/\/masquefa.cat\/promocio-economica\/laura-munoz-les-dones-40-som-responsables-tenim-perspectiva-i-ens-involucrem-mes-a-la-feina\/\" target=\"_blank\" rel=\"noopener noreferrer\">Entrevista<\/a><\/p>\n<p>[\/vc_column_text][\/vc_column_inner][vc_column_inner width=&#8221;1\/4&#8243;][vc_column_text]<\/p>\n<p style=\"text-align: center;\">Montse Olmos: \u201cSerietat, responsabilitat i puntualitat s\u00f3n valors que portem integrats les dones +40\u201d<\/p>\n<p>[\/vc_column_text][vc_empty_space height=&#8221;18px&#8221;][vc_single_image image=&#8221;1997&#8243; img_size=&#8221;170&#215;100&#8243; alignment=&#8221;center&#8221; onclick=&#8221;link_image&#8221;][vc_column_text]<\/p>\n<p style=\"text-align: center;\"><a href=\"https:\/\/masquefa.cat\/promocio-economica\/montse-olmos-serietat-responsabilitat-i-puntualitat-son-valors-que-portem-integrats-les-dones-40\/\" target=\"_blank\" rel=\"noopener noreferrer\">Entrevista<\/a><\/p>\n<p>[\/vc_column_text][\/vc_column_inner][\/vc_row_inner][vc_row_inner bwd_tbc4vd_show_weekday=&#8221;&#8221;][vc_column_inner width=&#8221;1\/4&#8243;][vc_column_text]<\/p>\n<p style=\"text-align: center;\">Yelitza Escalona: \u201cLes dones +40 acumulem experi\u00e8ncia, formaci\u00f3 i talent. No comencem mai de zero\u201d<\/p>\n<p>[\/vc_column_text][vc_single_image image=&#8221;2008&#8243; img_size=&#8221;170&#215;100&#8243; alignment=&#8221;center&#8221; onclick=&#8221;link_image&#8221;][vc_column_text]<\/p>\n<p style=\"text-align: center;\"><a href=\"https:\/\/masquefa.cat\/promocio-economica\/yelitza-escalona-les-dones-40-acumulem-experiencia-formacio-i-talent-no-comencem-mai-de-zero\/\" target=\"_blank\" rel=\"noopener noreferrer\">Entrevista<\/a><\/p>\n<p>[\/vc_column_text][\/vc_column_inner][vc_column_inner width=&#8221;1\/4&#8243;][\/vc_column_inner][vc_column_inner width=&#8221;1\/4&#8243;][\/vc_column_inner][vc_column_inner width=&#8221;1\/4&#8243;][\/vc_column_inner][\/vc_row_inner][\/vc_column][\/vc_row][vc_row bwd_tbc4vd_show_weekday=&#8221;&#8221; type=&#8221;vc_default&#8221; full_width=&#8221;stretch_row&#8221; el_class=&#8221;acordio acordioIMG&#8221;][vc_column bwd_tbc4vd_show_weekday=&#8221;&#8221; width=&#8221;1\/3&#8243; offset=&#8221;vc_hidden-lg vc_hidden-md vc_hidden-sm vc_hidden-xs&#8221;][vc_single_image image=&#8221;347&#8243; img_size=&#8221;full&#8221;][vc_accordion active_tab=&#8221;&#8221; collapsible=&#8221;yes&#8221; style=&#8221;3&#8243; el_class=&#8221;acordio-fosc&#8221;][vc_accordion_tab title=&#8221;Diada de Sant Jordi&#8221;][vc_column_text]<\/p>\n<p>I am text block. Click edit button to change this text. Lorem ipsum dolor sit amet, consectetur adipiscing elit. Ut elit tellus, luctus nec ullamcorper mattis, pulvinar dapibus leo.<\/p>\n<p>[\/vc_column_text][\/vc_accordion_tab][\/vc_accordion][\/vc_column][vc_column bwd_tbc4vd_show_weekday=&#8221;&#8221; width=&#8221;1\/3&#8243; offset=&#8221;vc_hidden-lg vc_hidden-md vc_hidden-sm vc_hidden-xs&#8221;][vc_single_image image=&#8221;773&#8243; img_size=&#8221;full&#8221;][vc_accordion active_tab=&#8221;&#8221; collapsible=&#8221;yes&#8221; style=&#8221;3&#8243; el_class=&#8221;acordio-fosc&#8221;][vc_accordion_tab title=&#8221;Concurs per Carnaval&#8221;][vc_column_text]<\/p>\n<p>I am text block. Click edit button to change this text. Lorem ipsum dolor sit amet, consectetur adipiscing elit. Ut elit tellus, luctus nec ullamcorper mattis, pulvinar dapibus leo.<\/p>\n<p>[\/vc_column_text][\/vc_accordion_tab][\/vc_accordion][\/vc_column][vc_column width=&#8221;1\/3&#8243;][\/vc_column][\/vc_row][vc_row type=&#8221;vc_default&#8221; full_width=&#8221;stretch_row&#8221; el_class=&#8221;acordio&#8221; css=&#8221;.vc_custom_1511541525516{background-color: #ffffff !important;}&#8221;][vc_column][vc_text_separator title=&#8221;Documents d&#8217;Inter\u00e8s&#8221; color=&#8221;custom&#8221; accent_color=&#8221;#950862&#8243; el_class=&#8221;title-separator&#8221;][vc_row_inner][vc_column_inner bwd_tbc4vd_show_weekday=&#8221;&#8221; width=&#8221;1\/2&#8243;][vc_single_image image=&#8221;1861&#8243; img_size=&#8221;full&#8221; alignment=&#8221;center&#8221; onclick=&#8221;img_link_large&#8221; img_link_target=&#8221;_blank&#8221; css_animation=&#8221;bounce&#8221;][\/vc_column_inner][vc_column_inner bwd_tbc4vd_show_weekday=&#8221;&#8221; width=&#8221;1\/2&#8243;][vc_single_image image=&#8221;1862&#8243; img_size=&#8221;full&#8221; alignment=&#8221;center&#8221; onclick=&#8221;img_link_large&#8221; img_link_target=&#8221;_blank&#8221; css_animation=&#8221;bounce&#8221;][\/vc_column_inner][\/vc_row_inner][\/vc_column][\/vc_row][vc_row type=&#8221;vc_default&#8221; full_width=&#8221;stretch_row&#8221; el_class=&#8221;acordio&#8221; css=&#8221;.vc_custom_1511541525516{background-color: #ffffff !important;}&#8221;][vc_column][vc_text_separator title=&#8221;Enlla\u00e7os d&#8217;Inter\u00e8s&#8221; color=&#8221;custom&#8221; accent_color=&#8221;#950862&#8243; el_class=&#8221;title-separator&#8221;][vc_row_inner][vc_column_inner bwd_tbc4vd_show_weekday=&#8221;&#8221; width=&#8221;1\/2&#8243;][vc_single_image image=&#8221;1859&#8243; img_size=&#8221;full&#8221; alignment=&#8221;center&#8221; onclick=&#8221;custom_link&#8221; img_link_target=&#8221;_blank&#8221; css_animation=&#8221;bounceInLeft&#8221; link=&#8221;https:\/\/www.youtube.com\/watch?v=gqWKXkNX5Uk&#8221;][\/vc_column_inner][vc_column_inner bwd_tbc4vd_show_weekday=&#8221;&#8221; width=&#8221;1\/2&#8243;][vc_single_image image=&#8221;1873&#8243; img_size=&#8221;full&#8221; alignment=&#8221;center&#8221; onclick=&#8221;custom_link&#8221; img_link_target=&#8221;_blank&#8221; css_animation=&#8221;bounceInLeft&#8221; link=&#8221;https:\/\/www.youtube.com\/watch?v=_YyCXWPvGxo&#8221;][\/vc_column_inner][\/vc_row_inner][\/vc_column][\/vc_row][vc_row bwd_tbc4vd_show_weekday=&#8221;&#8221; type=&#8221;vc_default&#8221; full_width=&#8221;stretch_row&#8221; disable_element=&#8221;yes&#8221; el_class=&#8221;acordio&#8221; css=&#8221;.vc_custom_1668007749792{background-color: #ffffff !important;}&#8221;][vc_column][vc_text_separator title=&#8221;Not\u00edcies&#8221; color=&#8221;custom&#8221; accent_color=&#8221;#950862&#8243; el_class=&#8221;title-separator&#8221;][vc_row_inner][vc_column_inner bwd_tbc4vd_show_weekday=&#8221;&#8221; width=&#8221;1\/3&#8243;][vc_single_image image=&#8221;1677&#8243; img_size=&#8221;full&#8221; alignment=&#8221;center&#8221; onclick=&#8221;custom_link&#8221; img_link_target=&#8221;_blank&#8221; css_animation=&#8221;bounceInLeft&#8221; link=&#8221;https:\/\/masquefa.cat\/noticies\/masquefa-es-projecta-cap-a-la-sostenibilitat-amb-el-disseny-de-lagenda-urbana-local\/&#8221;][\/vc_column_inner][vc_column_inner bwd_tbc4vd_show_weekday=&#8221;&#8221; width=&#8221;1\/3&#8243;][vc_single_image image=&#8221;1673&#8243; img_size=&#8221;full&#8221; alignment=&#8221;center&#8221; onclick=&#8221;custom_link&#8221; img_link_target=&#8221;_blank&#8221; css_animation=&#8221;bounceInLeft&#8221; link=&#8221;https:\/\/masquefa.cat\/noticies\/masquefa-presenta-la-seva-agenda-urbana-local\/&#8221;][\/vc_column_inner][vc_column_inner width=&#8221;1\/3&#8243;][vc_single_image image=&#8221;1675&#8243; img_size=&#8221;full&#8221; alignment=&#8221;center&#8221; onclick=&#8221;custom_link&#8221; img_link_target=&#8221;_blank&#8221; css_animation=&#8221;bounceInLeft&#8221; link=&#8221;https:\/\/masquefa.cat\/noticies\/masquefa-presenta-lestat-dels-treballs-de-redaccio-de-la-seva-agenda-urbana-local\/&#8221;][\/vc_column_inner][\/vc_row_inner][vc_row_inner][vc_column_inner bwd_tbc4vd_show_weekday=&#8221;&#8221; width=&#8221;1\/3&#8243;][vc_single_image image=&#8221;1671&#8243; img_size=&#8221;full&#8221; alignment=&#8221;center&#8221; onclick=&#8221;custom_link&#8221; img_link_target=&#8221;_blank&#8221; css_animation=&#8221;bounceInLeft&#8221; link=&#8221;https:\/\/masquefa.cat\/noticies\/visita-la-installacio-de-lagenda-2030-al-ctc-de-masquefa\/&#8221;][\/vc_column_inner][vc_column_inner bwd_tbc4vd_show_weekday=&#8221;&#8221; width=&#8221;1\/3&#8243;][vc_single_image image=&#8221;1696&#8243; img_size=&#8221;full&#8221; alignment=&#8221;center&#8221; onclick=&#8221;custom_link&#8221; img_link_target=&#8221;_blank&#8221; css_animation=&#8221;bounceInLeft&#8221; link=&#8221;https:\/\/masquefa.cat\/noticies\/lagenda-urbana-de-masquefa-es-dissenya-amb-participacio-ciutadana\/&#8221;][\/vc_column_inner][vc_column_inner width=&#8221;1\/3&#8243;][\/vc_column_inner][\/vc_row_inner][\/vc_column][\/vc_row]<\/p>\n<\/section>","protected":false},"excerpt":{"rendered":"<p>[vc_row margin_top=&#8221;32&#8243; el_class=&#8221;extra-page&#8221;][vc_column][vc_empty_space][vc_column_text el_class=&#8221;extra-page-text&#8221;]+ 40: expertesa, experi\u00e8ncia i talent \u00e9s un projecte que pret\u00e9n afavorir el retorn de dones de m\u00e9s de 40 anys provinents del sector serveis al mercat laboral a trav\u00e9s de la millora de compet\u00e8ncies i l\u2019eliminaci\u00f3 de barreres i elements de discriminaci\u00f3. \u00c9s un projecte que combina la millora de compet\u00e8ncies&hellip;<\/p>\n","protected":false},"author":1,"featured_media":0,"parent":0,"menu_order":0,"comment_status":"closed","ping_status":"closed","template":"","meta":[],"_links":{"self":[{"href":"https:\/\/masquefa.cat\/promocio-economica\/wp-json\/wp\/v2\/pages\/1852"}],"collection":[{"href":"https:\/\/masquefa.cat\/promocio-economica\/wp-json\/wp\/v2\/pages"}],"about":[{"href":"https:\/\/masquefa.cat\/promocio-economica\/wp-json\/wp\/v2\/types\/page"}],"author":[{"embeddable":true,"href":"https:\/\/masquefa.cat\/promocio-economica\/wp-json\/wp\/v2\/users\/1"}],"replies":[{"embeddable":true,"href":"https:\/\/masquefa.cat\/promocio-economica\/wp-json\/wp\/v2\/comments?post=1852"}],"version-history":[{"count":90,"href":"https:\/\/masquefa.cat\/promocio-economica\/wp-json\/wp\/v2\/pages\/1852\/revisions"}],"predecessor-version":[{"id":2094,"href":"https:\/\/masquefa.cat\/promocio-economica\/wp-json\/wp\/v2\/pages\/1852\/revisions\/2094"}],"wp:attachment":[{"href":"https:\/\/masquefa.cat\/promocio-economica\/wp-json\/wp\/v2\/media?parent=1852"}],"curies":[{"name":"wp","href":"https:\/\/api.w.org\/{rel}","templated":true}]}}