{"id":1886,"date":"2022-11-18T13:03:24","date_gmt":"2022-11-18T12:03:24","guid":{"rendered":"http:\/\/masquefa.cat\/promocio-economica\/?page_id=1886"},"modified":"2022-11-18T13:09:21","modified_gmt":"2022-11-18T12:09:21","slug":"mireia-domenech-les-dones-40-tenim-experiencia-de-la-vida-empenta-i-un-compromis-que-te-molt-a-veure-amb-la-maduresa","status":"publish","type":"page","link":"https:\/\/masquefa.cat\/promocio-economica\/mireia-domenech-les-dones-40-tenim-experiencia-de-la-vida-empenta-i-un-compromis-que-te-molt-a-veure-amb-la-maduresa\/","title":{"rendered":"Mireia Dom\u00e8nech: \u201cLes dones + 40 tenim experi\u00e8ncia de la vida, empenta i un comprom\u00eds que t\u00e9 molt a veure amb la maduresa\u201d"},"content":{"rendered":"<p>&nbsp;<\/p>\n<p>&nbsp;<\/p>\n<p>La<strong> Mireia Dom\u00e8nech<\/strong> treballa com a administrativa al departament comercial d\u2019una empresa del sector qu\u00edmic. Al llarg dels <strong>26 anys de carrera professional<\/strong> tamb\u00e9 ha treballat en el sector del turisme, a l\u2019industrial i ha fet de recepcionista-telefonista. Li agrada molt la seva feina, tot i que voldria assolir una millor conciliaci\u00f3 familiar i laboral.<\/p>\n<p>La idea d\u2019aquesta campanya \u00e9s, segons ella, \u201cmolt bona, perqu\u00e8 \u00e9s molt necess\u00e0ria\u201d. \u201cLes dones de m\u00e9s de 40 anys tenim una \u00e0mplia experi\u00e8ncia de la vida, empenta i un comprom\u00eds que t\u00e9 molt a veure amb la maduresa. Ens hem posat al dia en l\u2019\u00e0mbit tecnol\u00f2gic i estem disposades a aprendre, perqu\u00e8 hem crescut amb el valor de la cultura de l\u2019esfor\u00e7 molt present\u201d.<\/p>\n<p>&nbsp;<\/p>\n<p><strong>Qu\u00e8 t\u2019han aportat els teus anys d\u2019experi\u00e8ncia laboral? <\/strong>\u00a0He guanyat en seguretat, confian\u00e7a i rigor. He pogut ampliar el coneixement d\u2019idiomes, que faig servir habitualment a la feina, que tamb\u00e9 m\u2019ha perm\u00e8s viatjar i adquirir nous coneixements.<\/p>\n<p><strong>Com et defineixes? <\/strong>S\u00f3c una dona vital, polivalent, proactiva, compromesa i amb una gran capacitat d\u2019adaptaci\u00f3. Tamb\u00e9 em considero alegre, optimista, positiva i emp\u00e0tica.<\/p>\n<p><strong>Qu\u00e8 creus que un perfil com et teu pots aportar a una empresa? <\/strong>D\u2019entrada, puc aportar els coneixements que he adquirit al llarg dels anys, tant d\u2019idiomes, com al sector industrial, en vendes o atenci\u00f3 al client. He apr\u00e8s a generar confian\u00e7a, que \u00e9s molt important en la relaci\u00f3 amb els clients, i a resoldre problemes. A m\u00e9s, si l\u2019organitzaci\u00f3 ho promou \u2013perqu\u00e8 aix\u00f2 ha de ser rec\u00edproc- em sento part d\u2019aquesta. Crec que \u00e9s important que es pugui generar aquest vincle, que sempre t\u00e9 un retorn positiu per ambdues bandes.<\/p>\n<p><strong>Quins creus que s\u00f3n els frens que tenen les empreses per a contractar dones de m\u00e9s de 40 anys? <\/strong>Crec que encara estem lluny de la conciliaci\u00f3. Tinc la sensaci\u00f3 que encara es creu que el fet que siguem mares i cuidadores ens fa menys compromeses, quan una cosa i l\u2019altra no s\u00f3n excloents. Des del meu punt de vista, caldria canviar la perspectiva del concepte \u201cconciliaci\u00f3\u201d i trobar l\u2019equilibri.<\/p>\n<p><strong>I quins s\u00f3n els avantatges per a l\u2019empresa de contractar una dona de m\u00e9s de 40 anys? <\/strong>Les dones tenim una visi\u00f3 m\u00e9s \u00e0mplia i completa, no tan racional, que alhora fa que posematenci\u00f3 al detall, cosa que sempre aporta i suma. Som curoses, emp\u00e0tiques i m\u00e9s properes, capaces de generar connexions. I molt important: ens centrem en la feina i no ens dispersem, perqu\u00e8 tenim clars els objectius.<\/p>\n<p>&nbsp;<\/p>\n<p><strong><img decoding=\"async\" loading=\"lazy\" class=\"size-full wp-image-1882 aligncenter\" src=\"https:\/\/ajmasquefa-multimedia-wp.s3.eu-central-1.amazonaws.com\/wp-content\/uploads\/sites\/9\/2022\/11\/18123038\/Dise%C3%B1o-sin-t%C3%ADtulo1.png\" alt=\"\" width=\"500\" height=\"280\" \/>\u00a0<\/strong><\/p>\n","protected":false},"excerpt":{"rendered":"<p>&nbsp; &nbsp; La Mireia Dom\u00e8nech treballa com a administrativa al departament comercial d\u2019una empresa del sector qu\u00edmic. Al llarg dels 26 anys de carrera professional tamb\u00e9 ha treballat en el sector del turisme, a l\u2019industrial i ha fet de recepcionista-telefonista. Li agrada molt la seva feina, tot i que voldria assolir una millor conciliaci\u00f3 familiar&hellip;<\/p>\n","protected":false},"author":1,"featured_media":0,"parent":0,"menu_order":0,"comment_status":"closed","ping_status":"closed","template":"","meta":[],"_links":{"self":[{"href":"https:\/\/masquefa.cat\/promocio-economica\/wp-json\/wp\/v2\/pages\/1886"}],"collection":[{"href":"https:\/\/masquefa.cat\/promocio-economica\/wp-json\/wp\/v2\/pages"}],"about":[{"href":"https:\/\/masquefa.cat\/promocio-economica\/wp-json\/wp\/v2\/types\/page"}],"author":[{"embeddable":true,"href":"https:\/\/masquefa.cat\/promocio-economica\/wp-json\/wp\/v2\/users\/1"}],"replies":[{"embeddable":true,"href":"https:\/\/masquefa.cat\/promocio-economica\/wp-json\/wp\/v2\/comments?post=1886"}],"version-history":[{"count":5,"href":"https:\/\/masquefa.cat\/promocio-economica\/wp-json\/wp\/v2\/pages\/1886\/revisions"}],"predecessor-version":[{"id":1894,"href":"https:\/\/masquefa.cat\/promocio-economica\/wp-json\/wp\/v2\/pages\/1886\/revisions\/1894"}],"wp:attachment":[{"href":"https:\/\/masquefa.cat\/promocio-economica\/wp-json\/wp\/v2\/media?parent=1886"}],"curies":[{"name":"wp","href":"https:\/\/api.w.org\/{rel}","templated":true}]}}