{"id":1900,"date":"2022-11-25T09:05:29","date_gmt":"2022-11-25T08:05:29","guid":{"rendered":"http:\/\/masquefa.cat\/promocio-economica\/?page_id=1900"},"modified":"2022-11-25T09:05:58","modified_gmt":"2022-11-25T08:05:58","slug":"rosa-burriel-les-dones-40-sabem-el-que-ens-fem-tenim-les-idees-clares-i-experiencia","status":"publish","type":"page","link":"https:\/\/masquefa.cat\/promocio-economica\/rosa-burriel-les-dones-40-sabem-el-que-ens-fem-tenim-les-idees-clares-i-experiencia\/","title":{"rendered":"Rosa Burriel: \u201cLes dones +40 sabem el que ens fem; tenim les idees clares i experi\u00e8ncia\u201d"},"content":{"rendered":"<p>&nbsp;<\/p>\n<p>&nbsp;<\/p>\n<p>La<strong> Rosa Burriel<\/strong> ha treballat d\u2019administrativa als sectors vin\u00edcola, industrial i log\u00edstic. Tamb\u00e9 ha estat secret\u00e0ria de direcci\u00f3 i ha fet tasques d\u2019atenci\u00f3 al client i de documentaci\u00f3. Va comen\u00e7ar a treballar molt jove i la seva vida professional ha tingut alts i baixos, cosa que l\u2019ha fet desenvolupar una gran capacitat d\u2019adaptaci\u00f3.<\/p>\n<p>Tot i que sempre ha treballat al sector privat, ara vol fer un gir de 180\u00ba i passar al p\u00fablic, per a la qual cosa s\u2019est\u00e0 preparant. Li agradaria fer feines d\u2019atenci\u00f3 al p\u00fablic, per\u00f2 no tanca les portes a altres funcions en qu\u00e8 el seu perfil pugui der \u00fatil.<\/p>\n<p><strong>\u00a0<\/strong><\/p>\n<p><strong>Qu\u00e8 t\u2019han aportat els teus anys d\u2019experi\u00e8ncia laboral? <\/strong> \u00a0He apr\u00e8s molt, especialment en una empresa on vaig treballar 16 anys. All\u00e0 se\u2019m van obrir portes a tasques que no coneixia. Assistia a fires i em movia en un \u00e0mbit que en va donar l\u2019oportunitat de sortir de la zona de confort. Em sentia \u00fatil i valorada. Despr\u00e9s he passat per altres feines molt diferents que m\u2019han obligat a ser camale\u00f2nica i adaptar-me a cada situaci\u00f3.<\/p>\n<p>&nbsp;<\/p>\n<p><strong>Com et defineixes? <\/strong>Em defineixo com una bona persona, disposada a ajudar i a col\u00b7laborar. Polifac\u00e8tica i amb capacitat d\u2019adaptaci\u00f3.<\/p>\n<p><strong>\u00a0<\/strong><\/p>\n<p><strong>Qu\u00e8 creus que un perfil com et teu pots aportar a una empresa? <\/strong>La capacitat de treballar en equip i la polival\u00e8ncia. L\u2019experi\u00e8ncia i els coneixements m\u2019han proporcionat unes eines que poden ser \u00fatils en molts sectors diferent. Tinc una gran predisposici\u00f3 per treballar.<\/p>\n<p><strong>\u00a0<\/strong><\/p>\n<p><strong>Quins creus que s\u00f3n els frens que tenen les empreses per a contractar dones de m\u00e9s de 40 anys? <\/strong>La veritat \u00e9s que no s\u2019ent\u00e9n que les empreses no estiguin m\u00e9s disposades a contractar dones +40. Potser hi ha algun factor que els genera dubtes, per\u00f2 ja tenim la vida encaminada i aix\u00f2 \u00e9s bo.<\/p>\n<p><strong>\u00a0<\/strong><\/p>\n<p><strong>I quins s\u00f3n els avantatges per a l\u2019empresa de contractar una dona de m\u00e9s de 40 anys? <\/strong>Les dones +40 sabem el que ens fem, tenim les idees clares i experi\u00e8ncia, cadascuna en el seu \u00e0mbit.<\/p>\n<p>&nbsp;<\/p>\n<p><img decoding=\"async\" loading=\"lazy\" class=\"size-full wp-image-1901 aligncenter\" src=\"https:\/\/ajmasquefa-multimedia-wp.s3.eu-central-1.amazonaws.com\/wp-content\/uploads\/sites\/9\/2022\/11\/25090502\/Dise%C3%B1o-sin-t%C3%ADtulo-1.png\" alt=\"\" width=\"500\" height=\"281\" \/><\/p>\n","protected":false},"excerpt":{"rendered":"<p>&nbsp; &nbsp; La Rosa Burriel ha treballat d\u2019administrativa als sectors vin\u00edcola, industrial i log\u00edstic. Tamb\u00e9 ha estat secret\u00e0ria de direcci\u00f3 i ha fet tasques d\u2019atenci\u00f3 al client i de documentaci\u00f3. Va comen\u00e7ar a treballar molt jove i la seva vida professional ha tingut alts i baixos, cosa que l\u2019ha fet desenvolupar una gran capacitat d\u2019adaptaci\u00f3.&hellip;<\/p>\n","protected":false},"author":1,"featured_media":0,"parent":0,"menu_order":0,"comment_status":"closed","ping_status":"closed","template":"","meta":[],"_links":{"self":[{"href":"https:\/\/masquefa.cat\/promocio-economica\/wp-json\/wp\/v2\/pages\/1900"}],"collection":[{"href":"https:\/\/masquefa.cat\/promocio-economica\/wp-json\/wp\/v2\/pages"}],"about":[{"href":"https:\/\/masquefa.cat\/promocio-economica\/wp-json\/wp\/v2\/types\/page"}],"author":[{"embeddable":true,"href":"https:\/\/masquefa.cat\/promocio-economica\/wp-json\/wp\/v2\/users\/1"}],"replies":[{"embeddable":true,"href":"https:\/\/masquefa.cat\/promocio-economica\/wp-json\/wp\/v2\/comments?post=1900"}],"version-history":[{"count":2,"href":"https:\/\/masquefa.cat\/promocio-economica\/wp-json\/wp\/v2\/pages\/1900\/revisions"}],"predecessor-version":[{"id":1903,"href":"https:\/\/masquefa.cat\/promocio-economica\/wp-json\/wp\/v2\/pages\/1900\/revisions\/1903"}],"wp:attachment":[{"href":"https:\/\/masquefa.cat\/promocio-economica\/wp-json\/wp\/v2\/media?parent=1900"}],"curies":[{"name":"wp","href":"https:\/\/api.w.org\/{rel}","templated":true}]}}