{"id":1946,"date":"2022-12-13T11:55:33","date_gmt":"2022-12-13T10:55:33","guid":{"rendered":"https:\/\/masquefa.cat\/promocio-economica\/?page_id=1946"},"modified":"2022-12-15T11:25:04","modified_gmt":"2022-12-15T10:25:04","slug":"laura-munoz-les-dones-40-som-responsables-tenim-perspectiva-i-ens-involucrem-mes-a-la-feina","status":"publish","type":"page","link":"https:\/\/masquefa.cat\/promocio-economica\/laura-munoz-les-dones-40-som-responsables-tenim-perspectiva-i-ens-involucrem-mes-a-la-feina\/","title":{"rendered":"Laura Mu\u00f1oz: \u201cLes dones +40 som responsables, tenim perspectiva i ens involucrem m\u00e9s a la feina\u201d"},"content":{"rendered":"<p>&nbsp;<\/p>\n<p>&nbsp;<\/p>\n<p>La<strong> Laura Mu\u00f1oz<\/strong> es comercial de vendes en el sector t\u00e8xtil industrial. En tots els anys d\u2019experi\u00e8ncia tamb\u00e9 ha estat dependenta de moda al major. Als 16 anys ja treballava mentre estudiava i, despr\u00e9s d\u2019un temps dedicada a la fam\u00edlia, espera reincorporar-se aviat al m\u00f3n professional.<\/p>\n<p>Quan ha volgut fer un canvi de rumb laboral, sempre ha trobat feina de seguida. I est\u00e0 conven\u00e7uda que les oportunitats li arribaran aviat. Est\u00e0 enfocada a l\u2019\u00e0mbit comercial, tot i que s\u2019obre a all\u00f2 que el mercat laboral requereixi, ja que es considera adaptable.<\/p>\n<p><strong>\u00a0<\/strong><\/p>\n<p><strong>Qu\u00e8 t\u2019han aportat els teus anys d\u2019experi\u00e8ncia laboral? <\/strong> Seguretat! Al llarg dels 28 anys que fa que treballo he apr\u00e8s i ensenyat com arribar a la gent. Crec que \u00e9s una cosa que porto dins. Ho tinc. Tamb\u00e9 he crescut com a persona. I he apr\u00e8s a mantenir la calma, a acceptar la negativa i a refer-me.<\/p>\n<p><strong>\u00a0<\/strong><\/p>\n<p><strong>Com et defineixes? <\/strong>S\u00f3c una persona forta, lluitadora i resilient. Bona connectora, confiable i oberta.<\/p>\n<p><strong>\u00a0<\/strong><\/p>\n<p><strong>Qu\u00e8 creus que un perfil com et teu pot aportar a una empresa? <\/strong>A banda del coneixement i l\u2019experi\u00e8ncia en l\u2019\u00e0mbit comercial, crec que puc aportar nous enfocaments i maneres de fer.<\/p>\n<p><strong>\u00a0<\/strong><\/p>\n<p><strong>Quins creus que s\u00f3n els frens que tenen les empreses per a contractar dones de m\u00e9s de 40 anys? <\/strong>El cert \u00e9s que jo no m\u2019hi he trobat. Vaig deixar de treballar un temps perqu\u00e8 aix\u00ed ho vaig decidir. Per\u00f2 quan he volgut fer un canvi professional, sempre he trobat feina r\u00e0pid. I estic conven\u00e7uda que ara tamb\u00e9 ser\u00e0 aix\u00ed. De fet, ja he tingut oportunitats per\u00f2 encara no era el moment de tornar-hi.<\/p>\n<p><strong>\u00a0<\/strong><\/p>\n<p><strong>I quins s\u00f3n els avantatges per a l\u2019empresa de contractar una dona de m\u00e9s de 40 anys? <\/strong>Les dones +40 som m\u00e9s serioses, en el sentit de responsables. Tenim una perspectiva que ens ve de l\u2019experi\u00e8ncia i ens involucrem d\u2019una altra manera a la feina<\/p>\n<p style=\"text-align: center;\"><img decoding=\"async\" loading=\"lazy\" class=\"alignnone size-medium wp-image-1974\" src=\"https:\/\/ajmasquefa-multimedia-wp.s3.eu-central-1.amazonaws.com\/wp-content\/uploads\/sites\/9\/2022\/12\/15112232\/Noticies-Apaisat_Laura-Munoz-300x169.jpg\" alt=\"\" width=\"500\" height=\"281\" srcset=\"https:\/\/ajmasquefa-multimedia-wp.s3.eu-central-1.amazonaws.com\/wp-content\/uploads\/sites\/9\/2022\/12\/15112232\/Noticies-Apaisat_Laura-Munoz-300x169.jpg 300w, https:\/\/ajmasquefa-multimedia-wp.s3.eu-central-1.amazonaws.com\/wp-content\/uploads\/sites\/9\/2022\/12\/15112232\/Noticies-Apaisat_Laura-Munoz-1024x578.jpg 1024w, https:\/\/ajmasquefa-multimedia-wp.s3.eu-central-1.amazonaws.com\/wp-content\/uploads\/sites\/9\/2022\/12\/15112232\/Noticies-Apaisat_Laura-Munoz-768x433.jpg 768w, https:\/\/ajmasquefa-multimedia-wp.s3.eu-central-1.amazonaws.com\/wp-content\/uploads\/sites\/9\/2022\/12\/15112232\/Noticies-Apaisat_Laura-Munoz-1536x866.jpg 1536w, https:\/\/ajmasquefa-multimedia-wp.s3.eu-central-1.amazonaws.com\/wp-content\/uploads\/sites\/9\/2022\/12\/15112232\/Noticies-Apaisat_Laura-Munoz-2048x1155.jpg 2048w, https:\/\/ajmasquefa-multimedia-wp.s3.eu-central-1.amazonaws.com\/wp-content\/uploads\/sites\/9\/2022\/12\/15112232\/Noticies-Apaisat_Laura-Munoz-1320x745.jpg 1320w\" sizes=\"(max-width: 500px) 100vw, 500px\" \/><\/p>\n","protected":false},"excerpt":{"rendered":"<p>&nbsp; &nbsp; La Laura Mu\u00f1oz es comercial de vendes en el sector t\u00e8xtil industrial. En tots els anys d\u2019experi\u00e8ncia tamb\u00e9 ha estat dependenta de moda al major. Als 16 anys ja treballava mentre estudiava i, despr\u00e9s d\u2019un temps dedicada a la fam\u00edlia, espera reincorporar-se aviat al m\u00f3n professional. Quan ha volgut fer un canvi de&hellip;<\/p>\n","protected":false},"author":1,"featured_media":0,"parent":0,"menu_order":0,"comment_status":"closed","ping_status":"closed","template":"","meta":[],"_links":{"self":[{"href":"https:\/\/masquefa.cat\/promocio-economica\/wp-json\/wp\/v2\/pages\/1946"}],"collection":[{"href":"https:\/\/masquefa.cat\/promocio-economica\/wp-json\/wp\/v2\/pages"}],"about":[{"href":"https:\/\/masquefa.cat\/promocio-economica\/wp-json\/wp\/v2\/types\/page"}],"author":[{"embeddable":true,"href":"https:\/\/masquefa.cat\/promocio-economica\/wp-json\/wp\/v2\/users\/1"}],"replies":[{"embeddable":true,"href":"https:\/\/masquefa.cat\/promocio-economica\/wp-json\/wp\/v2\/comments?post=1946"}],"version-history":[{"count":12,"href":"https:\/\/masquefa.cat\/promocio-economica\/wp-json\/wp\/v2\/pages\/1946\/revisions"}],"predecessor-version":[{"id":1979,"href":"https:\/\/masquefa.cat\/promocio-economica\/wp-json\/wp\/v2\/pages\/1946\/revisions\/1979"}],"wp:attachment":[{"href":"https:\/\/masquefa.cat\/promocio-economica\/wp-json\/wp\/v2\/media?parent=1946"}],"curies":[{"name":"wp","href":"https:\/\/api.w.org\/{rel}","templated":true}]}}