{"id":266,"date":"2017-11-24T17:14:16","date_gmt":"2017-11-24T16:14:16","guid":{"rendered":"http:\/\/ajmasquefa.atotarreu.com\/promocio-economica\/servei-docupacio-de-masquefa\/"},"modified":"2023-10-06T12:25:38","modified_gmt":"2023-10-06T10:25:38","slug":"servei-docupacio-de-masquefa","status":"publish","type":"page","link":"https:\/\/masquefa.cat\/promocio-economica\/servei-docupacio-de-masquefa\/","title":{"rendered":"Servei d\u2019Ocupaci\u00f3 de Masquefa"},"content":{"rendered":"<section class=\"wpb-content-wrapper\"><p>[vc_row margin_top=&#8221;32&#8243; el_class=&#8221;extra-page&#8221;][vc_column][vc_row_inner][vc_column_inner width=&#8221;1\/2&#8243;]\n<ul class=\"slider-simple shortcode-photo-slider photoSlider\" data-width=\"823\" data-height=\"551\" data-autoslide=\"4000\" data-paused=\"false\" style=\"width: 100%\" data-img-mode=\"fit\">\n\t<li>\n\t\t<img class=\"preload-me\" src=\"https:\/\/ajmasquefa-multimedia-wp.s3.eu-central-1.amazonaws.com\/wp-content\/uploads\/sites\/9\/2018\/01\/06122747\/Diseno-sin-titulo-5.png\" srcset=\"https:\/\/ajmasquefa-multimedia-wp.s3.eu-central-1.amazonaws.com\/wp-content\/uploads\/sites\/9\/2018\/01\/06122747\/Diseno-sin-titulo-5.png 823w\" width=\"823\" height=\"551\"  alt=\"\"  \/>\n\t\t<div class=\"slider-post-caption\">\n\t\t\t<div class=\"slider-post-inner\">\n\t\t\t\t<h4>Dise\u00f1o sin t\u00edtulo (5)<\/h4>\n\t\t\t<\/div>\n\t\t<\/div><\/li>\n\t<li>\n\t\t<img class=\"preload-me\" src=\"https:\/\/ajmasquefa-multimedia-wp.s3.eu-central-1.amazonaws.com\/wp-content\/uploads\/sites\/9\/2018\/01\/15105654\/Ofertes-de-Feina.jpg\" srcset=\"https:\/\/ajmasquefa-multimedia-wp.s3.eu-central-1.amazonaws.com\/wp-content\/uploads\/sites\/9\/2018\/01\/15105654\/Ofertes-de-Feina.jpg 823w\" width=\"823\" height=\"551\"  alt=\"Ofertes-de-Feina\"  \/>\n\t\t<div class=\"slider-post-caption\">\n\t\t\t<div class=\"slider-post-inner\">\n\t\t\t\t<h4>Ofertes-de-Feina<\/h4>\n\t\t\t<\/div>\n\t\t<\/div><\/li><\/ul>[\/vc_column_inner][vc_column_inner width=&#8221;1\/2&#8243;][vc_column_text el_class=&#8221;extra-page-text&#8221;]El Servei d\u2019Ocupaci\u00f3 de Masquefa \u00e9s un recurs municipal gratu\u00eft a disposici\u00f3 de les persones de Masquefa que vulguin informaci\u00f3, assessorament i orientaci\u00f3 per tal d\u2019enfrontar amb \u00e8xit la recerca de feina.<\/p>\n<p>Tamb\u00e9 est\u00e0 adre\u00e7at a les empreses de la zona amb necessitats de contractaci\u00f3 i de formaci\u00f3 principalment.<\/p>\n<p>Aquest Servei col\u2022labora activament amb la Diputaci\u00f3 de Barcelona i amb el Departament de Treball de la Generalitat de Catalunya.[\/vc_column_text][vc_empty_space][vc_column_text el_class=&#8221;extra-page-text&#8221;]Si voleu tenir una entrevista personal per definir l\u2019objectiu professional i el vostre pla de recerca de feina cal que demaneu hora al servei d\u2019ocupaci\u00f3:<\/p>\n<ul>\n<li>Trucant al 93 772 78 28<\/li>\n<li>Escrivint un correu electr\u00f2nic a: <a href=\"mailto:ctc.serveiocupacio@masquefa.net\">ctc.serveiocupacio@masquefa.net<\/a><\/li>\n<\/ul>\n<p>[\/vc_column_text][\/vc_column_inner][\/vc_row_inner][\/vc_column][\/vc_row][vc_row type=&#8221;vc_default&#8221; full_width=&#8221;stretch_row&#8221; el_class=&#8221;acordio&#8221; css=&#8221;.vc_custom_1509979108214{background-color: #fdfafc !important;}&#8221;][vc_column][vc_empty_space height=&#8221;50px&#8221; css=&#8221;.vc_custom_1511861633211{background-color: #fdfafc !important;}&#8221;][vc_column_text el_class=&#8221;titol-serveis&#8221;]<\/p>\n<h2>Qu\u00e8 fem?<\/h2>\n<p>[\/vc_column_text][\/vc_column][\/vc_row][vc_row type=&#8221;vc_default&#8221; full_width=&#8221;stretch_row&#8221; el_class=&#8221;acordio acordioIMG&#8221; css=&#8221;.vc_custom_1512045667719{background-color: #fdfafc !important;}&#8221;][vc_column width=&#8221;1\/3&#8243;][vc_icon icon_fontawesome=&#8221;fa fa-user&#8221; color=&#8221;custom&#8221; size=&#8221;lg&#8221; align=&#8221;center&#8221; custom_color=&#8221;#950862&#8243;][vc_accordion active_tab=&#8221;&#8221; collapsible=&#8221;yes&#8221; style=&#8221;3&#8243; el_class=&#8221;acordio-fosc&#8221;][vc_accordion_tab title=&#8221;Amb les persones&#8221;][vc_column_text]<\/p>\n<ul>\n<li><strong>Orientaci\u00f3 laboral:\u00a0<\/strong>entrevista personal per tal de definir l\u2019objectiu professional i el pla de recerca; con\u00e8ixer quines s\u00f3n les opcions professionals m\u00e9s viables en funci\u00f3 de les caracter\u00edstiques personals i del mercat laboral; obtenir informaci\u00f3 sobre les propostes formatives m\u00e9s adequades a l&#8217;objectiu professional; acompanyar en la recerca de feina: definir les estrat\u00e8gies a seguir per tal d&#8217;obtenir un bon resultat; assessorar en les eines de recerca de feina: curr\u00edculum, carta de presentaci\u00f3 i autocandidatura, etc. rebre consell per superar una proc\u00e9s de selecci\u00f3: superar els tests psicot\u00e8cnics, tenir recursos comunicatius per afrontar una entrevista, etc.<\/li>\n<li><strong>Tallers de recerca de feina:<\/strong>\u00a0monogr\u00e0fics participatius per tal de millorar les t\u00e8cniques de recerca de feina i de coneixement del m\u00f3n laboral.<\/li>\n<\/ul>\n<p>[\/vc_column_text][\/vc_accordion_tab][\/vc_accordion][\/vc_column][vc_column width=&#8221;1\/3&#8243;][vc_icon icon_fontawesome=&#8221;fa fa-briefcase&#8221; color=&#8221;custom&#8221; size=&#8221;lg&#8221; align=&#8221;center&#8221; custom_color=&#8221;#950862&#8243;][vc_accordion active_tab=&#8221;&#8221; collapsible=&#8221;yes&#8221; style=&#8221;3&#8243; el_class=&#8221;acordio-fosc&#8221;][vc_accordion_tab title=&#8221;Amb les empreses&#8221;][vc_column_text]Per gestionar una oferta de treball, cal que l\u2019empresa ompli un formulari indicant les seves dades i les del perfil requerit. El servei far\u00e0 la difusi\u00f3 de l\u2019oferta i far\u00e0 una preselecci\u00f3 de candidats i enviar\u00e0 els seus CV.<\/p>\n<p><a href=\"https:\/\/seu-e.cat\/ca\/web\/masquefa\/tramits-i-gestions\/-\/tramits\/tramit\/15608156?p_auth=cnanN8D1\" target=\"_blank\" rel=\"noopener\">Ofereixes feina?<\/a>[\/vc_column_text][\/vc_accordion_tab][\/vc_accordion][\/vc_column][vc_column width=&#8221;1\/3&#8243;][vc_icon icon_fontawesome=&#8221;fa fa-star&#8221; color=&#8221;custom&#8221; size=&#8221;lg&#8221; align=&#8221;center&#8221; custom_color=&#8221;#950862&#8243;][vc_accordion active_tab=&#8221;&#8221; collapsible=&#8221;yes&#8221; style=&#8221;3&#8243; el_class=&#8221;acordio-fosc&#8221;][vc_accordion_tab title=&#8221;+40: expertesa, experi\u00e8ncia i talent&#8221;][vc_column_text]<strong><span lang=\"CA\">+40: expertesa, experi\u00e8ncia i talent: <\/span><\/strong><span lang=\"CA\">\u00c9s un projecte que pret\u00e9n afavorir el retorn de dones de m\u00e9s de 40 anys provinents del sector serveis al mercat laboral a trav\u00e9s de la millora de compet\u00e8ncies i l\u2019eliminaci\u00f3 de barreres i elements de discriminaci\u00f3. A m\u00e9s, \u00e9s un projecte dissenyat pel nostre municipi i el qual dona resposta al col\u00b7lectiu m\u00e9s castigat per l\u2019atur. Consisteix en la implementaci\u00f3 de tres accions: accions de millora de compet\u00e8ncies, accions d\u2019orientaci\u00f3 especialitzada (individual i grupal) i accions de sensibilitzaci\u00f3 adre\u00e7ades al teixit empresarial. L\u2019objectiu \u00e9s donar oportunitats tant a persones que han treballat a departaments d\u2019administraci\u00f3 i vendes, com a persones que provenen del sector del comer\u00e7 al detall.<br \/>\nM\u00e9s informaci\u00f3 <a href=\"https:\/\/masquefa.cat\/promocio-economica\/mes-40\/\" target=\"_blank\" rel=\"noopener\">aqu\u00ed<\/a><\/span>[\/vc_column_text][\/vc_accordion_tab][\/vc_accordion][\/vc_column][\/vc_row][vc_row type=&#8221;vc_default&#8221; full_width=&#8221;stretch_row&#8221; el_class=&#8221;acordio&#8221; css=&#8221;.vc_custom_1511541525516{background-color: #ffffff !important;}&#8221;][vc_column][vc_empty_space height=&#8221;50px&#8221; css=&#8221;.vc_custom_1511861581019{background-color: #ffffff !important;}&#8221;][vc_text_separator title=&#8221;Enlla\u00e7os d&#8217;Inter\u00e8s&#8221; color=&#8221;custom&#8221; accent_color=&#8221;#950862&#8243; el_class=&#8221;title-separator&#8221;][vc_row_inner][vc_column_inner width=&#8221;1\/3&#8243;][vc_single_image image=&#8221;452&#8243; img_size=&#8221;295&#215;73&#8243; alignment=&#8221;center&#8221; onclick=&#8221;custom_link&#8221; img_link_target=&#8221;_blank&#8221; css_animation=&#8221;bounce&#8221; link=&#8221;https:\/\/masquefa.cat\/tramits&#8221;][\/vc_column_inner][vc_column_inner width=&#8221;1\/3&#8243;][vc_single_image image=&#8221;227&#8243; img_size=&#8221;295&#215;73&#8243; alignment=&#8221;center&#8221; onclick=&#8221;custom_link&#8221; img_link_target=&#8221;_blank&#8221; css_animation=&#8221;bounce&#8221; link=&#8221;http:\/\/serveiocupacio.gencat.cat&#8221;][\/vc_column_inner][vc_column_inner width=&#8221;1\/3&#8243;][vc_single_image image=&#8221;226&#8243; img_size=&#8221;295&#215;73&#8243; alignment=&#8221;center&#8221; onclick=&#8221;custom_link&#8221; img_link_target=&#8221;_blank&#8221; css_animation=&#8221;bounce&#8221; link=&#8221;https:\/\/feinaactiva.gencat.cat\/web\/guest\/home&#8221;][\/vc_column_inner][\/vc_row_inner][vc_row_inner][vc_column_inner width=&#8221;1\/3&#8243;][vc_single_image image=&#8221;228&#8243; img_size=&#8221;full&#8221; alignment=&#8221;center&#8221; onclick=&#8221;custom_link&#8221; img_link_target=&#8221;_blank&#8221; css_animation=&#8221;bounce&#8221; link=&#8221;https:\/\/www.diba.cat\/slo\/&#8221;][\/vc_column_inner][vc_column_inner width=&#8221;1\/3&#8243;][vc_single_image image=&#8221;447&#8243; img_size=&#8221;295&#215;73&#8243; alignment=&#8221;center&#8221; onclick=&#8221;custom_link&#8221; img_link_target=&#8221;_blank&#8221; css_animation=&#8221;bounce&#8221; link=&#8221;https:\/\/jovecat.gencat.cat\/ca\/temes\/treball\/oficina_jove_de_treball\/borsa_treball\/&#8221;][\/vc_column_inner][vc_column_inner width=&#8221;1\/3&#8243;][vc_single_image image=&#8221;1765&#8243; img_size=&#8221;295&#215;73&#8243; alignment=&#8221;center&#8221; onclick=&#8221;custom_link&#8221; img_link_target=&#8221;_blank&#8221; css_animation=&#8221;bounce&#8221; link=&#8221;https:\/\/cido.diba.cat\/&#8221;][\/vc_column_inner][\/vc_row_inner][vc_row_inner][vc_column_inner width=&#8221;1\/3&#8243;][vc_single_image image=&#8221;1799&#8243; img_size=&#8221;full&#8221; alignment=&#8221;center&#8221; onclick=&#8221;custom_link&#8221; img_link_target=&#8221;_blank&#8221; css_animation=&#8221;bounce&#8221; link=&#8221;https:\/\/www.symbaloo.com\/mix\/slo-masquefa&#8221;][\/vc_column_inner][vc_column_inner width=&#8221;1\/3&#8243;][\/vc_column_inner][vc_column_inner width=&#8221;1\/3&#8243;][\/vc_column_inner][\/vc_row_inner][\/vc_column][\/vc_row]<\/p>\n<\/section>","protected":false},"excerpt":{"rendered":"<p>[vc_row margin_top=&#8221;32&#8243; el_class=&#8221;extra-page&#8221;][vc_column][vc_row_inner][vc_column_inner width=&#8221;1\/2&#8243;][\/vc_column_inner][vc_column_inner width=&#8221;1\/2&#8243;][vc_column_text el_class=&#8221;extra-page-text&#8221;]El Servei d\u2019Ocupaci\u00f3 de Masquefa \u00e9s un recurs municipal gratu\u00eft a disposici\u00f3 de les persones de Masquefa que vulguin informaci\u00f3, assessorament i orientaci\u00f3 per tal d\u2019enfrontar amb \u00e8xit la recerca de feina. Tamb\u00e9 est\u00e0 adre\u00e7at a les empreses de la zona amb necessitats de contractaci\u00f3 i de formaci\u00f3 principalment. Aquest&hellip;<\/p>\n","protected":false},"author":1,"featured_media":0,"parent":0,"menu_order":0,"comment_status":"closed","ping_status":"closed","template":"","meta":[],"_links":{"self":[{"href":"https:\/\/masquefa.cat\/promocio-economica\/wp-json\/wp\/v2\/pages\/266"}],"collection":[{"href":"https:\/\/masquefa.cat\/promocio-economica\/wp-json\/wp\/v2\/pages"}],"about":[{"href":"https:\/\/masquefa.cat\/promocio-economica\/wp-json\/wp\/v2\/types\/page"}],"author":[{"embeddable":true,"href":"https:\/\/masquefa.cat\/promocio-economica\/wp-json\/wp\/v2\/users\/1"}],"replies":[{"embeddable":true,"href":"https:\/\/masquefa.cat\/promocio-economica\/wp-json\/wp\/v2\/comments?post=266"}],"version-history":[{"count":47,"href":"https:\/\/masquefa.cat\/promocio-economica\/wp-json\/wp\/v2\/pages\/266\/revisions"}],"predecessor-version":[{"id":2090,"href":"https:\/\/masquefa.cat\/promocio-economica\/wp-json\/wp\/v2\/pages\/266\/revisions\/2090"}],"wp:attachment":[{"href":"https:\/\/masquefa.cat\/promocio-economica\/wp-json\/wp\/v2\/media?parent=266"}],"curies":[{"name":"wp","href":"https:\/\/api.w.org\/{rel}","templated":true}]}}