{"id":298,"date":"2017-11-24T17:14:16","date_gmt":"2017-11-24T16:14:16","guid":{"rendered":"http:\/\/ajmasquefa.atotarreu.com\/promocio-economica\/comerc-2-2\/"},"modified":"2025-05-27T15:20:24","modified_gmt":"2025-05-27T13:20:24","slug":"turisme","status":"publish","type":"page","link":"https:\/\/masquefa.cat\/promocio-economica\/turisme\/","title":{"rendered":"Turisme"},"content":{"rendered":"<section class=\"wpb-content-wrapper\"><p>[vc_row margin_top=&#8221;32&#8243; el_class=&#8221;extra-page&#8221;][vc_column]<div id=\"ult-carousel-57875654769e9e08ca5373\" class=\"ult-carousel-wrapper   ult_horizontal\" data-gutter=\"0\" data-rtl=\"false\" ><div class=\"ult-carousel-3206775669e9e08ca5271 \" ><div class=\"ult-item-wrap\" data-animation=\"animated no-animation\"><section class=\"shortcode-teaser img-full shortcode-single-video\"><div class=\"shortcode-teaser-img\"><div class=\"shortcode-teaser-video\"><iframe title=\"30 aniversari CRARC\" width=\"1200\" height=\"900\" src=\"https:\/\/www.youtube.com\/embed\/9B38Z7qDkyw?feature=oembed\" frameborder=\"0\" allow=\"accelerometer; autoplay; clipboard-write; encrypted-media; gyroscope; picture-in-picture\" allowfullscreen><\/iframe><\/div><\/div><div class=\"shortcode-teaser-content text-big\"><\/div><\/section><\/div><div class=\"ult-item-wrap\" data-animation=\"animated no-animation\"><section class=\"shortcode-teaser img-full shortcode-single-video\"><div class=\"shortcode-teaser-img\"><div class=\"shortcode-teaser-video\"><iframe width=\"1200\" height=\"675\" src=\"https:\/\/www.youtube.com\/embed\/iabnqGvucoE?feature=oembed\" frameborder=\"0\" allow=\"autoplay; encrypted-media\" allowfullscreen><\/iframe><\/div><\/div><div class=\"shortcode-teaser-content text-big\"><\/div><\/section><\/div><div class=\"ult-item-wrap\" data-animation=\"animated no-animation\"><section class=\"shortcode-teaser img-full\"><div class=\"layzr-bg shortcode-teaser-img\"><img class=\"lazy-load\"src=\"data:image\/svg+xml;charset=utf-8,%3Csvg xmlns%3D&#039;http%3A%2F%2Fwww.w3.org%2F2000%2Fsvg&#039; viewBox%3D&#039;0 0 770 355&#039;%2F%3E\"width=\"770\"height=\"355\"data-src=\"https:\/\/ajmasquefa-multimedia-wp.s3.eu-central-1.amazonaws.com\/wp-content\/uploads\/sites\/9\/2024\/12\/19083723\/MontsTur.png\"data-srcset=\"https:\/\/ajmasquefa-multimedia-wp.s3.eu-central-1.amazonaws.com\/wp-content\/uploads\/sites\/9\/2024\/12\/19083723\/MontsTur.png 770w\"\/><\/div><div class=\"shortcode-teaser-content text-big\"><\/div><\/section><\/div><div class=\"ult-item-wrap\" data-animation=\"animated no-animation\"><section class=\"shortcode-teaser img-full\"><div class=\"layzr-bg shortcode-teaser-img\"><img class=\"lazy-load\"src=\"data:image\/svg+xml;charset=utf-8,%3Csvg xmlns%3D&#039;http%3A%2F%2Fwww.w3.org%2F2000%2Fsvg&#039; viewBox%3D&#039;0 0 770 355&#039;%2F%3E\"width=\"770\"height=\"355\"data-src=\"https:\/\/ajmasquefa-multimedia-wp.s3.eu-central-1.amazonaws.com\/wp-content\/uploads\/sites\/9\/2024\/12\/19083734\/EsgleTur.png\"data-srcset=\"https:\/\/ajmasquefa-multimedia-wp.s3.eu-central-1.amazonaws.com\/wp-content\/uploads\/sites\/9\/2024\/12\/19083734\/EsgleTur.png 770w\"\/><\/div><div class=\"shortcode-teaser-content text-big\"><\/div><\/section><\/div><div class=\"ult-item-wrap\" data-animation=\"animated no-animation\"><section class=\"shortcode-teaser img-full\"><div class=\"layzr-bg shortcode-teaser-img\"><img class=\"lazy-load\"src=\"data:image\/svg+xml;charset=utf-8,%3Csvg xmlns%3D&#039;http%3A%2F%2Fwww.w3.org%2F2000%2Fsvg&#039; viewBox%3D&#039;0 0 770 355&#039;%2F%3E\"width=\"770\"height=\"355\"data-src=\"https:\/\/ajmasquefa-multimedia-wp.s3.eu-central-1.amazonaws.com\/wp-content\/uploads\/sites\/9\/2024\/12\/19083747\/ErmitTur.png\"data-srcset=\"https:\/\/ajmasquefa-multimedia-wp.s3.eu-central-1.amazonaws.com\/wp-content\/uploads\/sites\/9\/2024\/12\/19083747\/ErmitTur.png 770w\"\/><\/div><div class=\"shortcode-teaser-content text-big\"><\/div><\/section><\/div><div class=\"ult-item-wrap\" data-animation=\"animated no-animation\"><section class=\"shortcode-teaser img-full\"><div class=\"layzr-bg shortcode-teaser-img\"><img class=\"lazy-load\"src=\"data:image\/svg+xml;charset=utf-8,%3Csvg xmlns%3D&#039;http%3A%2F%2Fwww.w3.org%2F2000%2Fsvg&#039; viewBox%3D&#039;0 0 770 355&#039;%2F%3E\"width=\"770\"height=\"355\"data-src=\"https:\/\/ajmasquefa-multimedia-wp.s3.eu-central-1.amazonaws.com\/wp-content\/uploads\/sites\/9\/2024\/12\/19083759\/ConcertTur.png\"data-srcset=\"https:\/\/ajmasquefa-multimedia-wp.s3.eu-central-1.amazonaws.com\/wp-content\/uploads\/sites\/9\/2024\/12\/19083759\/ConcertTur.png 770w\"\/><\/div><div class=\"shortcode-teaser-content text-big\"><\/div><\/section><\/div><div class=\"ult-item-wrap\" data-animation=\"animated no-animation\"><section class=\"shortcode-teaser img-full\"><div class=\"layzr-bg shortcode-teaser-img\"><img class=\"lazy-load\"src=\"data:image\/svg+xml;charset=utf-8,%3Csvg xmlns%3D&#039;http%3A%2F%2Fwww.w3.org%2F2000%2Fsvg&#039; viewBox%3D&#039;0 0 770 355&#039;%2F%3E\"width=\"770\"height=\"355\"data-src=\"https:\/\/ajmasquefa-multimedia-wp.s3.eu-central-1.amazonaws.com\/wp-content\/uploads\/sites\/9\/2024\/12\/19083810\/CRARCTur.png\"data-srcset=\"https:\/\/ajmasquefa-multimedia-wp.s3.eu-central-1.amazonaws.com\/wp-content\/uploads\/sites\/9\/2024\/12\/19083810\/CRARCTur.png 770w\"\/><\/div><div class=\"shortcode-teaser-content text-big\"><\/div><\/section><\/div><div class=\"ult-item-wrap\" data-animation=\"animated no-animation\"><section class=\"shortcode-teaser img-full\"><div class=\"layzr-bg shortcode-teaser-img\"><img class=\"lazy-load\"src=\"data:image\/svg+xml;charset=utf-8,%3Csvg xmlns%3D&#039;http%3A%2F%2Fwww.w3.org%2F2000%2Fsvg&#039; viewBox%3D&#039;0 0 770 355&#039;%2F%3E\"width=\"770\"height=\"355\"data-src=\"https:\/\/ajmasquefa-multimedia-wp.s3.eu-central-1.amazonaws.com\/wp-content\/uploads\/sites\/9\/2024\/12\/19083840\/Daix.png\"data-srcset=\"https:\/\/ajmasquefa-multimedia-wp.s3.eu-central-1.amazonaws.com\/wp-content\/uploads\/sites\/9\/2024\/12\/19083840\/Daix.png 770w\"\/><\/div><div class=\"shortcode-teaser-content text-big\"><\/div><\/section><\/div><\/div><\/div>\t\t\t<script type=\"text\/javascript\">\n\t\t\t\tjQuery(document).ready(function ($) {\n\t\t\t\t\tif( typeof jQuery('.ult-carousel-3206775669e9e08ca5271').slick == \"function\"){\n\t\t\t\t\t\t$('.ult-carousel-3206775669e9e08ca5271').slick({dots: true,autoplay: true,autoplaySpeed: 4000,speed: 300,infinite: true,arrows: true,nextArrow: '<button type=\"button\" role=\"button\" aria-label=\"Next\" style=\"color:#950862; font-size:20px;\" class=\"slick-next default\"><i class=\"ultsl-arrow-right4\"><\/i><\/button>',prevArrow: '<button type=\"button\" role=\"button\" aria-label=\"Previous\" style=\"color:#950862; font-size:20px;\" class=\"slick-prev default\"><i class=\"ultsl-arrow-left4\"><\/i><\/button>',slidesToScroll:1,slidesToShow:1,swipe: false,draggable: false,touchMove: true,pauseOnHover: true,pauseOnFocus: false,adaptiveHeight: true,responsive: [\n\t\t\t\t\t\t\t{\n\t\t\t\t\t\t\t  breakpoint: 1026,\n\t\t\t\t\t\t\t  settings: {\n\t\t\t\t\t\t\t\tslidesToShow: 1,\n\t\t\t\t\t\t\t\tslidesToScroll: 1,  \n\t\t\t\t\t\t\t  }\n\t\t\t\t\t\t\t},\n\t\t\t\t\t\t\t{\n\t\t\t\t\t\t\t  breakpoint: 1025,\n\t\t\t\t\t\t\t  settings: {\n\t\t\t\t\t\t\t\tslidesToShow: 1,\n\t\t\t\t\t\t\t\tslidesToScroll: 1\n\t\t\t\t\t\t\t  }\n\t\t\t\t\t\t\t},\n\t\t\t\t\t\t\t{\n\t\t\t\t\t\t\t  breakpoint: 760,\n\t\t\t\t\t\t\t  settings: {\n\t\t\t\t\t\t\t\tslidesToShow: 1,\n\t\t\t\t\t\t\t\tslidesToScroll: 1\n\t\t\t\t\t\t\t  }\n\t\t\t\t\t\t\t}\n\t\t\t\t\t\t],pauseOnDotsHover: true,customPaging: function(slider, i) {\n                   return '<i type=\"button\" style= \"color:#950862;\" class=\"ultsl-record\" data-role=\"none\"><\/i>';\n                },});\n\t\t\t\t\t}\n\t\t\t\t});\n\t\t\t<\/script>\n\t\t\t[vc_empty_space][vc_column_text el_class=&#8221;extra-page-text&#8221;]Masquefa \u00e9s un municipi ric en patrimoni cultural i natural. L\u2019Ajuntament de Masquefa treballa per portar a terme accions que permetin la creaci\u00f3 i la millora dels productes tur\u00edstics locals. L\u2019objectiu \u00e9s generar activitat econ\u00f2mica i captaci\u00f3 de visitants i turistes al municipi creant aix\u00ed sinergies entre els principals elements tur\u00edstics i el desenvolupament econ\u00f2mic del municipi.[\/vc_column_text][\/vc_column][\/vc_row][vc_row type=&#8221;vc_default&#8221; full_width=&#8221;stretch_row&#8221; el_class=&#8221;acordio&#8221; css=&#8221;.vc_custom_1509979108214{background-color: #fdfafc !important;}&#8221;][vc_column][vc_empty_space height=&#8221;50px&#8221; css=&#8221;.vc_custom_1509979233717{background-color: #fdfafc !important;}&#8221;][vc_text_separator title=&#8221;Destacats&#8221; color=&#8221;custom&#8221; accent_color=&#8221;#950862&#8243; el_class=&#8221;title-separator&#8221;][vc_row_inner][vc_column_inner width=&#8221;1\/4&#8243;][vc_single_image image=&#8221;869&#8243; img_size=&#8221;full&#8221; alignment=&#8221;center&#8221; onclick=&#8221;custom_link&#8221; img_link_target=&#8221;_blank&#8221; link=&#8221;https:\/\/ajmasquefa-multimedia-wp.s3.eu-central-1.amazonaws.com\/wp-content\/uploads\/sites\/9\/2018\/06\/27110917\/TOPS-TUR%C3%8DSTICS-DE-LANOIA-CATAL%C3%80-ANGL%C3%88S.pdf&#8221;][\/vc_column_inner][vc_column_inner width=&#8221;1\/4&#8243;][vc_single_image image=&#8221;865&#8243; img_size=&#8221;full&#8221; alignment=&#8221;center&#8221; onclick=&#8221;custom_link&#8221; img_link_target=&#8221;_blank&#8221; link=&#8221;https:\/\/ajmasquefa-multimedia-wp.s3.eu-central-1.amazonaws.com\/wp-content\/uploads\/sites\/9\/2018\/06\/27094854\/VALLSDELANOIA-2018.pdf&#8221;][\/vc_column_inner][vc_column_inner width=&#8221;1\/4&#8243;][vc_single_image image=&#8221;1002&#8243; img_size=&#8221;full&#8221; alignment=&#8221;center&#8221; onclick=&#8221;custom_link&#8221; img_link_target=&#8221;_blank&#8221; link=&#8221;http:\/\/www.canaltaronja.cat\/anoia\/motxilla-taronja-masquefa\/&#8221;][\/vc_column_inner][vc_column_inner width=&#8221;1\/4&#8243;][vc_single_image image=&#8221;1035&#8243; img_size=&#8221;full&#8221; alignment=&#8221;center&#8221; onclick=&#8221;custom_link&#8221; img_link_target=&#8221;_blank&#8221; link=&#8221;\/noticies\/masquefa-i-el-crarc-es-donen-a-coneixer-a-traves-de-dues-audioguies\/&#8221;][\/vc_column_inner][\/vc_row_inner][vc_row_inner][vc_column_inner width=&#8221;1\/4&#8243;][vc_single_image image=&#8221;1110&#8243; img_size=&#8221;full&#8221; alignment=&#8221;center&#8221; onclick=&#8221;custom_link&#8221; img_link_target=&#8221;_blank&#8221; link=&#8221;\/noticies\/masquefa-habilita-un-nou-cami-i-un-mirador-entre-can-macana-i-can-bonastre\/&#8221;][\/vc_column_inner][vc_column_inner width=&#8221;1\/4&#8243;][vc_single_image image=&#8221;1647&#8243; img_size=&#8221;full&#8221; alignment=&#8221;center&#8221; onclick=&#8221;custom_link&#8221; img_link_target=&#8221;_blank&#8221; link=&#8221;https:\/\/masquefa.cat\/noticies\/el-crarc-de-masquefa-rep-el-distintiu-de-punt-dinformacio-turistica-pit-de-la-comarca-de-lanoia\/&#8221;][\/vc_column_inner][vc_column_inner width=&#8221;1\/4&#8243;][vc_single_image image=&#8221;2098&#8243; img_size=&#8221;full&#8221; alignment=&#8221;center&#8221; onclick=&#8221;custom_link&#8221; img_link_target=&#8221;_blank&#8221; link=&#8221;https:\/\/masquefa.cat\/noticies\/masquefa-el-segon-municipi-de-la-comarca-en-reputacio-turistica\/&#8221;][\/vc_column_inner][vc_column_inner width=&#8221;1\/4&#8243;][vc_single_image image=&#8221;2116&#8243; img_size=&#8221;full&#8221; alignment=&#8221;center&#8221; onclick=&#8221;custom_link&#8221; img_link_target=&#8221;_blank&#8221; link=&#8221;https:\/\/ajmasquefa-multimedia-wp.s3.eu-central-1.amazonaws.com\/wp-content\/uploads\/sites\/9\/2024\/03\/12112324\/DECALEG.pdf&#8221;][\/vc_column_inner][\/vc_row_inner][vc_row_inner][vc_column_inner width=&#8221;1\/4&#8243;][vc_single_image image=&#8221;2237&#8243; img_size=&#8221;full&#8221; alignment=&#8221;center&#8221; onclick=&#8221;custom_link&#8221; img_link_target=&#8221;_blank&#8221; link=&#8221;https:\/\/masquefa.cat\/promocio-economica\/grup-motor-de-promocio-del-territori-i-turisme-de-masquefa\/&#8221;][\/vc_column_inner][vc_column_inner width=&#8221;1\/4&#8243;][\/vc_column_inner][vc_column_inner width=&#8221;1\/4&#8243;][\/vc_column_inner][vc_column_inner width=&#8221;1\/4&#8243;][\/vc_column_inner][\/vc_row_inner][\/vc_column][\/vc_row][vc_row type=&#8221;vc_default&#8221; full_width=&#8221;stretch_row&#8221; el_class=&#8221;acordio&#8221; css=&#8221;.vc_custom_1509979108214{background-color: #fdfafc !important;}&#8221;][vc_column][vc_empty_space height=&#8221;50px&#8221; css=&#8221;.vc_custom_1509979233717{background-color: #fdfafc !important;}&#8221;][vc_column_text el_class=&#8221;titol-serveis&#8221;]<\/p>\n<h2>Qu\u00e8 visitar<\/h2>\n<p>[\/vc_column_text][\/vc_column][\/vc_row][vc_row type=&#8221;vc_default&#8221; full_width=&#8221;stretch_row&#8221; el_class=&#8221;acordio acordioIMG&#8221; css=&#8221;.vc_custom_1512045439797{background-color: #fdfafc !important;}&#8221;][vc_column width=&#8221;1\/3&#8243;][vc_single_image image=&#8221;305&#8243; img_size=&#8221;full&#8221;][vc_accordion active_tab=&#8221;&#8221; collapsible=&#8221;yes&#8221; style=&#8221;3&#8243; el_class=&#8221;acordio-fosc&#8221;][vc_accordion_tab title=&#8221;Esgl\u00e9sia de St. Pere i la Sta. Creu&#8221;][vc_column_text]Esgl\u00e9sia rom\u00e0nica constru\u00efda entre els segles XII i XIII, \u00e9s un clar exemple de la transici\u00f3 del rom\u00e0nic al g\u00f2tic, coneguda popularment com a Cementiri Vell, constitueix un punt de refer\u00e8ncia hist\u00f2ric i popular, a m\u00e9s de ser el primer edifici documentat de la hist\u00f2ria de Masquefa.[\/vc_column_text][\/vc_accordion_tab][\/vc_accordion][\/vc_column][vc_column width=&#8221;1\/3&#8243;][vc_single_image image=&#8221;308&#8243; img_size=&#8221;full&#8221;][vc_accordion active_tab=&#8221;&#8221; collapsible=&#8221;yes&#8221; style=&#8221;3&#8243; el_class=&#8221;acordio-fosc&#8221;][vc_accordion_tab title=&#8221;Esgl\u00e9sia Parroquial de Masquefa&#8221;][vc_column_text]L\u2019actual parr\u00f2quia de Masquefa, va ser constru\u00efda l&#8217;any 1925, al costat de la rectoria en un lloc antigament anomenat &#8220;Pla dels ametllers&#8221;. Aquesta esgl\u00e9sia es va construir en honor a Sant Pere, i b\u00e0sicament hi va contribuir tot el poble. Consta d&#8217;una planta de 3 naus i un campanar que posteriorment es va ampliar amb la instal\u00b7laci\u00f3 d&#8217;un rellotge.<\/p>\n<p>Adre\u00e7a: c\/ Sant Pere, 9.[\/vc_column_text][\/vc_accordion_tab][\/vc_accordion][\/vc_column][vc_column width=&#8221;1\/3&#8243;][vc_single_image image=&#8221;302&#8243; img_size=&#8221;full&#8221;][vc_accordion active_tab=&#8221;&#8221; collapsible=&#8221;yes&#8221; style=&#8221;3&#8243; el_class=&#8221;acordio-fosc&#8221;][vc_accordion_tab title=&#8221;Capella del Roser&#8221;][vc_column_text]La Capella del Roser \u00e9s una edificaci\u00f3 realitzada per la pr\u00e0ctica de la cerim\u00f2nia religiosa, constru\u00efda al segle XVIII, va ser utilitzada fins a l&#8217;any 1920, reformada parcialment despr\u00e9s de la guerra civil, i actualment quasi en des\u00fas.<br \/>\nLa seva fa\u00e7ana d\u00f3na al carrer Major, just davant de l&#8217;Ajuntament.<\/p>\n<p>Adre\u00e7a: c\/ Major, 88.[\/vc_column_text][\/vc_accordion_tab][\/vc_accordion][\/vc_column][\/vc_row][vc_row type=&#8221;vc_default&#8221; full_width=&#8221;stretch_row&#8221; el_class=&#8221;acordio acordioIMG&#8221; css=&#8221;.vc_custom_1512045439797{background-color: #fdfafc !important;}&#8221;][vc_column width=&#8221;1\/3&#8243;][vc_single_image image=&#8221;570&#8243; img_size=&#8221;full&#8221;][vc_accordion active_tab=&#8221;&#8221; collapsible=&#8221;yes&#8221; style=&#8221;3&#8243; el_class=&#8221;acordio-fosc&#8221;][vc_accordion_tab title=&#8221;Vistes a Montserrat&#8221;][vc_column_text]Masquefa t\u00e9 un potencial natural inigualable de la panor\u00e0mica de la muntanya de Montserrat. Us convidem a passejar pels diferents indrets naturals del nostre municipi i poder gaudir\u00a0 de les vistes d\u2019aquest recurs tur\u00edstic \u00fanic.[\/vc_column_text][\/vc_accordion_tab][\/vc_accordion][\/vc_column][vc_column width=&#8221;1\/3&#8243;][\/vc_column][vc_column width=&#8221;1\/3&#8243;][\/vc_column][\/vc_row][vc_row type=&#8221;vc_default&#8221; full_width=&#8221;stretch_row&#8221; el_class=&#8221;acordio acordioIMG&#8221; css=&#8221;.vc_custom_1512045439797{background-color: #fdfafc !important;}&#8221;][vc_column width=&#8221;1\/3&#8243;][vc_single_image image=&#8221;1083&#8243; img_size=&#8221;full&#8221; onclick=&#8221;custom_link&#8221; img_link_target=&#8221;_blank&#8221; link=&#8221;http:\/\/www.naturalocal.net\/municipi\/itineraris\/masquefa\/154#ruta&#8221;][\/vc_column][vc_column width=&#8221;1\/3&#8243;][vc_single_image image=&#8221;2047&#8243; img_size=&#8221;full&#8221; onclick=&#8221;custom_link&#8221; img_link_target=&#8221;_blank&#8221; link=&#8221;https:\/\/miramasquefa.cat\/daix\/&#8221;][\/vc_column][vc_column width=&#8221;1\/3&#8243;][vc_single_image image=&#8221;2171&#8243; img_size=&#8221;full&#8221; onclick=&#8221;custom_link&#8221; img_link_target=&#8221;_blank&#8221; link=&#8221;https:\/\/masquefa.cat\/noticies\/masquefa-constitueix-el-grup-motor-de-promocio-del-territori-i-turisme-per-impulsar-lactivitat-turistica-local\/&#8221;][\/vc_column][\/vc_row][vc_row type=&#8221;vc_default&#8221; full_width=&#8221;stretch_row&#8221; el_class=&#8221;acordio&#8221; css=&#8221;.vc_custom_1511541525516{background-color: #ffffff !important;}&#8221;][vc_column][vc_empty_space height=&#8221;50px&#8221; css=&#8221;.vc_custom_1509979233717{background-color: #fdfafc !important;}&#8221;][vc_row_inner][vc_column_inner width=&#8221;1\/2&#8243;][vc_single_image image=&#8221;310&#8243; img_size=&#8221;full&#8221; alignment=&#8221;center&#8221; onclick=&#8221;custom_link&#8221; img_link_target=&#8221;_blank&#8221; link=&#8221;http:\/\/masquefa.cat\/cultura\/la-fabrica-rogelio-rojo\/&#8221;][\/vc_column_inner][vc_column_inner width=&#8221;1\/2&#8243;][vc_single_image image=&#8221;315&#8243; img_size=&#8221;full&#8221; alignment=&#8221;center&#8221; onclick=&#8221;custom_link&#8221; img_link_target=&#8221;_blank&#8221; link=&#8221;http:\/\/www.crarc-comam.net\/&#8221;][\/vc_column_inner][\/vc_row_inner][\/vc_column][\/vc_row]<\/p>\n<\/section>","protected":false},"excerpt":{"rendered":"<p>[vc_row margin_top=&#8221;32&#8243; el_class=&#8221;extra-page&#8221;][vc_column][vc_empty_space][vc_column_text el_class=&#8221;extra-page-text&#8221;]Masquefa \u00e9s un municipi ric en patrimoni cultural i natural. L\u2019Ajuntament de Masquefa treballa per portar a terme accions que permetin la creaci\u00f3 i la millora dels productes tur\u00edstics locals. L\u2019objectiu \u00e9s generar activitat econ\u00f2mica i captaci\u00f3 de visitants i turistes al municipi creant aix\u00ed sinergies entre els principals elements tur\u00edstics i&hellip;<\/p>\n","protected":false},"author":1,"featured_media":0,"parent":0,"menu_order":0,"comment_status":"closed","ping_status":"closed","template":"","meta":[],"_links":{"self":[{"href":"https:\/\/masquefa.cat\/promocio-economica\/wp-json\/wp\/v2\/pages\/298"}],"collection":[{"href":"https:\/\/masquefa.cat\/promocio-economica\/wp-json\/wp\/v2\/pages"}],"about":[{"href":"https:\/\/masquefa.cat\/promocio-economica\/wp-json\/wp\/v2\/types\/page"}],"author":[{"embeddable":true,"href":"https:\/\/masquefa.cat\/promocio-economica\/wp-json\/wp\/v2\/users\/1"}],"replies":[{"embeddable":true,"href":"https:\/\/masquefa.cat\/promocio-economica\/wp-json\/wp\/v2\/comments?post=298"}],"version-history":[{"count":65,"href":"https:\/\/masquefa.cat\/promocio-economica\/wp-json\/wp\/v2\/pages\/298\/revisions"}],"predecessor-version":[{"id":2238,"href":"https:\/\/masquefa.cat\/promocio-economica\/wp-json\/wp\/v2\/pages\/298\/revisions\/2238"}],"wp:attachment":[{"href":"https:\/\/masquefa.cat\/promocio-economica\/wp-json\/wp\/v2\/media?parent=298"}],"curies":[{"name":"wp","href":"https:\/\/api.w.org\/{rel}","templated":true}]}}