{"id":144,"date":"2017-06-07T14:28:10","date_gmt":"2017-06-07T14:28:10","guid":{"rendered":"http:\/\/ajmasquefa.atotarreu.com\/tic\/?page_id=144"},"modified":"2018-02-01T15:36:45","modified_gmt":"2018-02-01T14:36:45","slug":"ctc-accessible","status":"publish","type":"page","link":"https:\/\/masquefa.cat\/tic\/ctc-accessible\/","title":{"rendered":"CTC Accessible"},"content":{"rendered":"<section class=\"wpb-content-wrapper\"><p>[vc_row margin_top=&#8221;100&#8243; margin_bottom=&#8221;100&#8243; css=&#8221;.vc_custom_1496733173593{margin-bottom: 100px !important;}&#8221; el_class=&#8221;formacio-tic&#8221;][vc_column]\n<ul class=\"slider-simple shortcode-photo-slider photoSlider\" data-width=\"823\" data-height=\"540\" data-autoslide=\"4000\" data-paused=\"false\" style=\"width: 100%\" data-img-mode=\"fill\">\n\t<li>\n\t\t<img class=\"preload-me\" src=\"https:\/\/ajmasquefa-multimedia-wp.s3.eu-central-1.amazonaws.com\/wp-content\/uploads\/sites\/10\/2018\/01\/03124933\/Teclat.jpg\" srcset=\"https:\/\/ajmasquefa-multimedia-wp.s3.eu-central-1.amazonaws.com\/wp-content\/uploads\/sites\/10\/2018\/01\/03124933\/Teclat.jpg 823w\" width=\"823\" height=\"540\"  alt=\"\"  \/>\n\t\t<div class=\"slider-post-caption\">\n\t\t\t<div class=\"slider-post-inner\">\n\t\t\t\t<h4>Teclat<\/h4>\n\t\t\t<\/div>\n\t\t<\/div><\/li>\n\t<li>\n\t\t<img class=\"preload-me\" src=\"https:\/\/ajmasquefa-multimedia-wp.s3.eu-central-1.amazonaws.com\/wp-content\/uploads\/sites\/10\/2018\/01\/03124931\/Lupa.jpg\" srcset=\"https:\/\/ajmasquefa-multimedia-wp.s3.eu-central-1.amazonaws.com\/wp-content\/uploads\/sites\/10\/2018\/01\/03124931\/Lupa.jpg 823w\" width=\"823\" height=\"540\"  alt=\"\"  \/>\n\t\t<div class=\"slider-post-caption\">\n\t\t\t<div class=\"slider-post-inner\">\n\t\t\t\t<h4>Lupa<\/h4>\n\t\t\t<\/div>\n\t\t<\/div><\/li>\n\t<li>\n\t\t<img class=\"preload-me\" src=\"https:\/\/ajmasquefa-multimedia-wp.s3.eu-central-1.amazonaws.com\/wp-content\/uploads\/sites\/10\/2018\/01\/03124929\/Joystick.jpg\" srcset=\"https:\/\/ajmasquefa-multimedia-wp.s3.eu-central-1.amazonaws.com\/wp-content\/uploads\/sites\/10\/2018\/01\/03124929\/Joystick.jpg 823w\" width=\"823\" height=\"540\"  alt=\"\"  \/>\n\t\t<div class=\"slider-post-caption\">\n\t\t\t<div class=\"slider-post-inner\">\n\t\t\t\t<h4>Joystick<\/h4>\n\t\t\t<\/div>\n\t\t<\/div><\/li>\n\t<li>\n\t\t<img class=\"preload-me\" src=\"https:\/\/ajmasquefa-multimedia-wp.s3.eu-central-1.amazonaws.com\/wp-content\/uploads\/sites\/10\/2018\/01\/03124928\/Boles.jpg\" srcset=\"https:\/\/ajmasquefa-multimedia-wp.s3.eu-central-1.amazonaws.com\/wp-content\/uploads\/sites\/10\/2018\/01\/03124928\/Boles.jpg 823w\" width=\"823\" height=\"540\"  alt=\"\"  \/>\n\t\t<div class=\"slider-post-caption\">\n\t\t\t<div class=\"slider-post-inner\">\n\t\t\t\t<h4>Boles<\/h4>\n\t\t\t<\/div>\n\t\t<\/div><\/li><\/ul>[vc_row_inner][vc_column_inner][vc_column_text el_class=&#8221;formacio-tic-text&#8221;]<strong>Els CTC \u00e9s accessible<\/strong> a persones amb qualsevol tipus de discapacitat (f\u00edsica, ps\u00edquica o sensorial) tant a nivell d\u2019obra, senyalitzaci\u00f3, mobiliari i tecnologia. Es tracta d\u2019un dels pocs centres amb aquestes caracter\u00edstiques que hi ha a Catalunya. Garanteix la connexi\u00f3 a Internet i l\u2019\u00fas de les TIC, afavorint aix\u00ed la integraci\u00f3 social de les persones amb discapacitat.<\/p>\n<p>Entre d\u2019altres, <strong>el CTC disposa d\u2019ordinadors amb pantalles augmentatives per a persones amb defici\u00e8ncies visuals i aparells amb software especial<\/strong>. Els usuaris tamb\u00e9 poden usar teclats adaptats al llenguatge braille, ratolins per a persones amb problemes de mobilitat a les mans, o un ratol\u00ed que es controla amb el ment\u00f3. Igualment destaquen un programa inform\u00e0tic que llegeix el contingut de les p\u00e0gines d\u2019Internet i l\u2019anella magn\u00e8tica que s\u2019ha instal\u2022lat a la sala d\u2019actes del CTC perqu\u00e8 les persones amb defici\u00e8ncia auditiva puguin seguir les explicacions mitjan\u00e7ant el seu audifon.<\/p>\n<p><strong>El projecte CTC Accessible va guanyar el premi Estatal d\u2019Accessibilitat Universal a l\u2019any 2011<\/strong>. Es tracta dels guardons que atorga la Fundaci\u00f3n Disminuidos F\u00edsicos de Arag\u00f3n (FDA) en reconeixement a les entitats, institucions i persones d&#8217;arreu de l&#8217;estat que contribueixen a eliminar barreres i afavoreixen la integraci\u00f3 social de les persones amb discapacitat.<\/p>\n<p><strong>El projecte CTC Accessible va ser el guanyador en la categoria de Tecnologies de la Informaci\u00f3 i la Comunicaci\u00f3<\/strong>. Per a concedir-li aquest reconeixement la fundaci\u00f3 va valorar la capacitat del Centre Tecnol\u00f2gic Comunitari de Masquefa per a trencar barreres.[\/vc_column_text][\/vc_column_inner][\/vc_row_inner][\/vc_column][\/vc_row]<\/p>\n<\/section>","protected":false},"excerpt":{"rendered":"<p>[vc_row margin_top=&#8221;100&#8243; margin_bottom=&#8221;100&#8243; css=&#8221;.vc_custom_1496733173593{margin-bottom: 100px !important;}&#8221; el_class=&#8221;formacio-tic&#8221;][vc_column][vc_row_inner][vc_column_inner][vc_column_text el_class=&#8221;formacio-tic-text&#8221;]Els CTC \u00e9s accessible a persones amb qualsevol tipus de discapacitat (f\u00edsica, ps\u00edquica o sensorial) tant a nivell d\u2019obra, senyalitzaci\u00f3, mobiliari i tecnologia. Es tracta d\u2019un dels pocs centres amb aquestes caracter\u00edstiques que hi ha a Catalunya. Garanteix la connexi\u00f3 a Internet i l\u2019\u00fas de les TIC, afavorint&hellip;<\/p>\n","protected":false},"author":1,"featured_media":0,"parent":0,"menu_order":0,"comment_status":"closed","ping_status":"closed","template":"","meta":[],"acf":[],"_links":{"self":[{"href":"https:\/\/masquefa.cat\/tic\/wp-json\/wp\/v2\/pages\/144"}],"collection":[{"href":"https:\/\/masquefa.cat\/tic\/wp-json\/wp\/v2\/pages"}],"about":[{"href":"https:\/\/masquefa.cat\/tic\/wp-json\/wp\/v2\/types\/page"}],"author":[{"embeddable":true,"href":"https:\/\/masquefa.cat\/tic\/wp-json\/wp\/v2\/users\/1"}],"replies":[{"embeddable":true,"href":"https:\/\/masquefa.cat\/tic\/wp-json\/wp\/v2\/comments?post=144"}],"version-history":[{"count":8,"href":"https:\/\/masquefa.cat\/tic\/wp-json\/wp\/v2\/pages\/144\/revisions"}],"predecessor-version":[{"id":482,"href":"https:\/\/masquefa.cat\/tic\/wp-json\/wp\/v2\/pages\/144\/revisions\/482"}],"wp:attachment":[{"href":"https:\/\/masquefa.cat\/tic\/wp-json\/wp\/v2\/media?parent=144"}],"curies":[{"name":"wp","href":"https:\/\/api.w.org\/{rel}","templated":true}]}}