{"id":804,"date":"2020-12-11T19:36:21","date_gmt":"2020-12-11T18:36:21","guid":{"rendered":"http:\/\/masquefa.cat\/tic\/?page_id=804"},"modified":"2020-12-11T19:36:21","modified_gmt":"2020-12-11T18:36:21","slug":"formulari-inscripcio-aparadors-de-nadal","status":"publish","type":"page","link":"https:\/\/masquefa.cat\/tic\/formulari-inscripcio-aparadors-de-nadal\/","title":{"rendered":"Formulari d&#8217;inscripci\u00f3 de comer\u00e7os al concurs d&#8217;aparadors de Nadal."},"content":{"rendered":"<script type=\"text\/javascript\">var gform;gform||(document.addEventListener(\"gform_main_scripts_loaded\",function(){gform.scriptsLoaded=!0}),window.addEventListener(\"DOMContentLoaded\",function(){gform.domLoaded=!0}),gform={domLoaded:!1,scriptsLoaded:!1,initializeOnLoaded:function(o){gform.domLoaded&&gform.scriptsLoaded?o():!gform.domLoaded&&gform.scriptsLoaded?window.addEventListener(\"DOMContentLoaded\",o):document.addEventListener(\"gform_main_scripts_loaded\",o)},hooks:{action:{},filter:{}},addAction:function(o,n,r,t){gform.addHook(\"action\",o,n,r,t)},addFilter:function(o,n,r,t){gform.addHook(\"filter\",o,n,r,t)},doAction:function(o){gform.doHook(\"action\",o,arguments)},applyFilters:function(o){return gform.doHook(\"filter\",o,arguments)},removeAction:function(o,n){gform.removeHook(\"action\",o,n)},removeFilter:function(o,n,r){gform.removeHook(\"filter\",o,n,r)},addHook:function(o,n,r,t,i){null==gform.hooks[o][n]&&(gform.hooks[o][n]=[]);var e=gform.hooks[o][n];null==i&&(i=n+\"_\"+e.length),gform.hooks[o][n].push({tag:i,callable:r,priority:t=null==t?10:t})},doHook:function(n,o,r){var t;if(r=Array.prototype.slice.call(r,1),null!=gform.hooks[n][o]&&((o=gform.hooks[n][o]).sort(function(o,n){return o.priority-n.priority}),o.forEach(function(o){\"function\"!=typeof(t=o.callable)&&(t=window[t]),\"action\"==n?t.apply(null,r):r[0]=t.apply(null,r)})),\"filter\"==n)return r[0]},removeHook:function(o,n,t,i){var r;null!=gform.hooks[o][n]&&(r=(r=gform.hooks[o][n]).filter(function(o,n,r){return!!(null!=i&&i!=o.tag||null!=t&&t!=o.priority)}),gform.hooks[o][n]=r)}});<\/script>\n                <div class='gf_browser_gecko gform_wrapper gform_legacy_markup_wrapper' id='gform_wrapper_1' ><div id='gf_1' class='gform_anchor' tabindex='-1'><\/div><form method='post' enctype='multipart\/form-data'  id='gform_1'  action='\/tic\/wp-json\/wp\/v2\/pages\/804#gf_1' >\n                        <div class='gform_body gform-body'><div id='gform_page_1_1' class='gform_page' >\n                                    <div class='gform_page_fields'><ul id='gform_fields_1' class='gform_fields top_label form_sublabel_below description_below'><li id=\"field_1_1\"  class=\"gfield gfield_contains_required field_sublabel_below field_description_below gfield_visibility_visible\"  data-js-reload=\"field_1_1\"><label class='gfield_label' for='input_1_1' >Nom de l&#039;establiment<span class=\"gfield_required\"><span class=\"gfield_required gfield_required_asterisk\">*<\/span><\/span><\/label><div class='ginput_container ginput_container_text'><input name='input_1' id='input_1_1' type='text' value='' class='large'     aria-required=\"true\" aria-invalid=\"false\"   \/> <\/div><\/li><li id=\"field_1_2\"  class=\"gfield gfield_contains_required field_sublabel_below field_description_below gfield_visibility_visible\"  data-js-reload=\"field_1_2\"><label class='gfield_label' for='input_1_2' >Adre\u00e7a postal<span class=\"gfield_required\"><span class=\"gfield_required gfield_required_asterisk\">*<\/span><\/span><\/label><div class='ginput_container ginput_container_text'><input name='input_2' id='input_1_2' type='text' value='' class='large'     aria-required=\"true\" aria-invalid=\"false\"   \/> <\/div><\/li><li id=\"field_1_3\"  class=\"gfield gfield_contains_required field_sublabel_below field_description_below gfield_visibility_visible\"  data-js-reload=\"field_1_3\"><label class='gfield_label' for='input_1_3' >Persona de contacte<span class=\"gfield_required\"><span class=\"gfield_required gfield_required_asterisk\">*<\/span><\/span><\/label><div class='ginput_container ginput_container_text'><input name='input_3' id='input_1_3' type='text' value='' class='medium'     aria-required=\"true\" aria-invalid=\"false\"   \/> <\/div><\/li><li id=\"field_1_11\"  class=\"gfield gfield_contains_required field_sublabel_below field_description_below gfield_visibility_visible\"  data-js-reload=\"field_1_11\"><label class='gfield_label' for='input_1_11' >Tel\u00e8fon<span class=\"gfield_required\"><span class=\"gfield_required gfield_required_asterisk\">*<\/span><\/span><\/label><div class='ginput_container ginput_container_number'><input name='input_11' id='input_1_11' type='text'    value='' class='medium'     aria-required=\"true\" aria-invalid=\"false\"  \/><\/div><\/li><li id=\"field_1_6\"  class=\"gfield field_sublabel_below field_description_below gfield_visibility_visible\"  data-js-reload=\"field_1_6\"><label class='gfield_label' for='input_1_6' >Correu electr\u00f2nic<\/label><div class='ginput_container ginput_container_email'>\n                            <input name='input_6' id='input_1_6' type='text' value='' class='medium'     aria-invalid=\"false\"  \/>\n                        <\/div><\/li><li id=\"field_1_12\"  class=\"gfield gfield_contains_required field_sublabel_below field_description_below gfield_visibility_visible\"  data-js-reload=\"field_1_12\"><label class='gfield_label'  >Associats a Masquefa Comer\u00e7?<span class=\"gfield_required\"><span class=\"gfield_required gfield_required_asterisk\">*<\/span><\/span><\/label><div class='ginput_container ginput_container_radio'><ul class='gfield_radio' id='input_1_12'>\n\t\t\t<li class='gchoice gchoice_1_12_0'>\n\t\t\t\t<input name='input_12' type='radio' value='Si'  id='choice_1_12_0'    \/>\n\t\t\t\t<label for='choice_1_12_0' id='label_1_12_0'>Si<\/label>\n\t\t\t<\/li>\n\t\t\t<li class='gchoice gchoice_1_12_1'>\n\t\t\t\t<input name='input_12' type='radio' value='No'  id='choice_1_12_1'    \/>\n\t\t\t\t<label for='choice_1_12_1' id='label_1_12_1'>No<\/label>\n\t\t\t<\/li><\/ul><\/div><\/li><li id=\"field_1_13\"  class=\"gfield field_sublabel_below field_description_below gfield_visibility_visible\"  data-js-reload=\"field_1_13\"><label class='gfield_label' for='input_1_13' >CAPTCHA<\/label><div id='input_1_13' class='ginput_container ginput_recaptcha' data-sitekey='6LfF7lMUAAAAAIfpoX9dJTGfmNG4F15fMb6Iusxg'  data-theme='light' data-tabindex='0'  data-badge=''><\/div><\/li><\/ul>\n                    <\/div>\n                    <div class='gform_page_footer top_label'>\n                         <button class='button gform_next_button' id='gform_next_button_1'><span>Enviar respostes!<\/span><\/button> \n                    <\/div>\n                <\/div>\n                <div id='gform_page_1_2' class='gform_page gform_review_page ' style='display:none;'>\n                    <div class='gform_page_fields'>\n                        <ul id='gform_fields_1_2' class='gform_fields top_label form_sublabel_below description_below'><li id=\"field_1_15\"  class=\"gfield gfield_html gfield_html_formatted gfield_no_follows_desc field_sublabel_below field_description_below gfield_visibility_visible\"  data-js-reload=\"field_1_15\"><\/li><\/ul><\/div>\n        <div class='gform_page_footer top_label'><input type='submit' id='gform_previous_button_1' class='gform_previous_button button' value='Anterior'  onclick='if(window[\"gf_submitting_1\"]){return false;}  window[\"gf_submitting_1\"]=true;  ' onkeypress='if( event.keyCode == 13 ){ if(window[\"gf_submitting_1\"]){return false;} window[\"gf_submitting_1\"]=true;  jQuery(\"#gform_1\").trigger(\"submit\",[true]); }' \/> <input type='submit' id='gform_submit_button_1' class='gform_button button' value='Envia'  onclick='if(window[\"gf_submitting_1\"]){return false;}  window[\"gf_submitting_1\"]=true;  ' onkeypress='if( event.keyCode == 13 ){ if(window[\"gf_submitting_1\"]){return false;} window[\"gf_submitting_1\"]=true;  jQuery(\"#gform_1\").trigger(\"submit\",[true]); }' \/> \n            <input type='hidden' class='gform_hidden' name='is_submit_1' value='1' \/>\n            <input type='hidden' class='gform_hidden' name='gform_submit' value='1' \/>\n            \n            <input type='hidden' class='gform_hidden' name='gform_unique_id' value='' \/>\n            <input type='hidden' class='gform_hidden' name='state_1' value='WyJbXSIsImYyNzcxZjdlZGU5NWQ4NmZiYjI2N2Q2MTRiNWRhYmY3Il0=' \/>\n            <input type='hidden' class='gform_hidden' name='gform_target_page_number_1' id='gform_target_page_number_1' value='2' \/>\n            <input type='hidden' class='gform_hidden' name='gform_source_page_number_1' id='gform_source_page_number_1' value='1' \/>\n            <input type='hidden' name='gform_field_values' value='' \/>\n            \n        <\/div>\n                        <\/div><\/div>\n                        <\/form>\n                        <\/div>\n","protected":false},"excerpt":{"rendered":"Nom de l&#039;establiment* Adre\u00e7a postal* Persona de contacte* Tel\u00e8fon*Correu electr\u00f2nic Associats a Masquefa Comer\u00e7?* Si No CAPTCHA Enviar respostes!","protected":false},"author":1,"featured_media":0,"parent":0,"menu_order":0,"comment_status":"closed","ping_status":"closed","template":"","meta":[],"acf":[],"_links":{"self":[{"href":"https:\/\/masquefa.cat\/tic\/wp-json\/wp\/v2\/pages\/804"}],"collection":[{"href":"https:\/\/masquefa.cat\/tic\/wp-json\/wp\/v2\/pages"}],"about":[{"href":"https:\/\/masquefa.cat\/tic\/wp-json\/wp\/v2\/types\/page"}],"author":[{"embeddable":true,"href":"https:\/\/masquefa.cat\/tic\/wp-json\/wp\/v2\/users\/1"}],"replies":[{"embeddable":true,"href":"https:\/\/masquefa.cat\/tic\/wp-json\/wp\/v2\/comments?post=804"}],"version-history":[{"count":3,"href":"https:\/\/masquefa.cat\/tic\/wp-json\/wp\/v2\/pages\/804\/revisions"}],"predecessor-version":[{"id":807,"href":"https:\/\/masquefa.cat\/tic\/wp-json\/wp\/v2\/pages\/804\/revisions\/807"}],"wp:attachment":[{"href":"https:\/\/masquefa.cat\/tic\/wp-json\/wp\/v2\/media?parent=804"}],"curies":[{"name":"wp","href":"https:\/\/api.w.org\/{rel}","templated":true}]}}