{"id":2268,"date":"2025-09-04T12:49:58","date_gmt":"2025-09-04T10:49:58","guid":{"rendered":"https:\/\/masquefa.cat\/tic\/?post_type=product&#038;p=2268"},"modified":"2026-02-05T14:12:02","modified_gmt":"2026-02-05T13:12:02","slug":"ofimatica-aplicada-a-la-gestio-administrativa","status":"publish","type":"product","link":"https:\/\/masquefa.cat\/tic\/formacio\/ofimatica-aplicada-a-la-gestio-administrativa\/","title":{"rendered":"GESTI\u00d3 ADMINISTRATIVA CURS 1: Ofim\u00e0tica aplicada a la Gesti\u00f3 Administrativa"},"content":{"rendered":"","protected":false},"excerpt":{"rendered":"","protected":false},"featured_media":2287,"template":"","meta":[],"product_cat":[26,22],"product_tag":[36],"acf":[],"_links":{"self":[{"href":"https:\/\/masquefa.cat\/tic\/wp-json\/wp\/v2\/product\/2268"}],"collection":[{"href":"https:\/\/masquefa.cat\/tic\/wp-json\/wp\/v2\/product"}],"about":[{"href":"https:\/\/masquefa.cat\/tic\/wp-json\/wp\/v2\/types\/product"}],"wp:featuredmedia":[{"embeddable":true,"href":"https:\/\/masquefa.cat\/tic\/wp-json\/wp\/v2\/media\/2287"}],"wp:attachment":[{"href":"https:\/\/masquefa.cat\/tic\/wp-json\/wp\/v2\/media?parent=2268"}],"wp:term":[{"taxonomy":"product_cat","embeddable":true,"href":"https:\/\/masquefa.cat\/tic\/wp-json\/wp\/v2\/product_cat?post=2268"},{"taxonomy":"product_tag","embeddable":true,"href":"https:\/\/masquefa.cat\/tic\/wp-json\/wp\/v2\/product_tag?post=2268"}],"curies":[{"name":"wp","href":"https:\/\/api.w.org\/{rel}","templated":true}]}}