{"id":2274,"date":"2025-09-03T13:29:13","date_gmt":"2025-09-03T11:29:13","guid":{"rendered":"https:\/\/masquefa.cat\/tic\/?post_type=product&#038;p=2274"},"modified":"2025-11-04T11:54:55","modified_gmt":"2025-11-04T10:54:55","slug":"administracio-electronica-apren-a-fer-tramits-en-linia-14-novembre","status":"publish","type":"product","link":"https:\/\/masquefa.cat\/tic\/formacio\/administracio-electronica-apren-a-fer-tramits-en-linia-14-novembre\/","title":{"rendered":"Administraci\u00f3 electr\u00f2nica: Apr\u00e8n a fer tr\u00e0mits en l\u00ednia (14 novembre)"},"content":{"rendered":"","protected":false},"excerpt":{"rendered":"","protected":false},"featured_media":2281,"template":"","meta":[],"product_cat":[22],"product_tag":[37],"acf":[],"_links":{"self":[{"href":"https:\/\/masquefa.cat\/tic\/wp-json\/wp\/v2\/product\/2274"}],"collection":[{"href":"https:\/\/masquefa.cat\/tic\/wp-json\/wp\/v2\/product"}],"about":[{"href":"https:\/\/masquefa.cat\/tic\/wp-json\/wp\/v2\/types\/product"}],"wp:featuredmedia":[{"embeddable":true,"href":"https:\/\/masquefa.cat\/tic\/wp-json\/wp\/v2\/media\/2281"}],"wp:attachment":[{"href":"https:\/\/masquefa.cat\/tic\/wp-json\/wp\/v2\/media?parent=2274"}],"wp:term":[{"taxonomy":"product_cat","embeddable":true,"href":"https:\/\/masquefa.cat\/tic\/wp-json\/wp\/v2\/product_cat?post=2274"},{"taxonomy":"product_tag","embeddable":true,"href":"https:\/\/masquefa.cat\/tic\/wp-json\/wp\/v2\/product_tag?post=2274"}],"curies":[{"name":"wp","href":"https:\/\/api.w.org\/{rel}","templated":true}]}}