{"id":2276,"date":"2025-09-03T13:31:01","date_gmt":"2025-09-03T11:31:01","guid":{"rendered":"https:\/\/masquefa.cat\/tic\/?post_type=product&#038;p=2276"},"modified":"2025-12-11T09:31:00","modified_gmt":"2025-12-11T08:31:00","slug":"administracio-electronica-apren-a-fer-tramits-en-linia-15-desembre","status":"publish","type":"product","link":"https:\/\/masquefa.cat\/tic\/formacio\/administracio-electronica-apren-a-fer-tramits-en-linia-15-desembre\/","title":{"rendered":"Administraci\u00f3 electr\u00f2nica: Apr\u00e8n a fer tr\u00e0mits en l\u00ednia (15 desembre)"},"content":{"rendered":"","protected":false},"excerpt":{"rendered":"","protected":false},"featured_media":2281,"template":"","meta":[],"product_cat":[22],"product_tag":[37],"acf":[],"_links":{"self":[{"href":"https:\/\/masquefa.cat\/tic\/wp-json\/wp\/v2\/product\/2276"}],"collection":[{"href":"https:\/\/masquefa.cat\/tic\/wp-json\/wp\/v2\/product"}],"about":[{"href":"https:\/\/masquefa.cat\/tic\/wp-json\/wp\/v2\/types\/product"}],"wp:featuredmedia":[{"embeddable":true,"href":"https:\/\/masquefa.cat\/tic\/wp-json\/wp\/v2\/media\/2281"}],"wp:attachment":[{"href":"https:\/\/masquefa.cat\/tic\/wp-json\/wp\/v2\/media?parent=2276"}],"wp:term":[{"taxonomy":"product_cat","embeddable":true,"href":"https:\/\/masquefa.cat\/tic\/wp-json\/wp\/v2\/product_cat?post=2276"},{"taxonomy":"product_tag","embeddable":true,"href":"https:\/\/masquefa.cat\/tic\/wp-json\/wp\/v2\/product_tag?post=2276"}],"curies":[{"name":"wp","href":"https:\/\/api.w.org\/{rel}","templated":true}]}}