{"id":2629,"date":"2026-03-17T10:53:22","date_gmt":"2026-03-17T09:53:22","guid":{"rendered":"https:\/\/masquefa.cat\/tic\/?post_type=product&#038;p=2629"},"modified":"2026-04-09T10:12:44","modified_gmt":"2026-04-09T08:12:44","slug":"preparacio-a-la-prova-actic-nivell-mitja-3-moduls","status":"publish","type":"product","link":"https:\/\/masquefa.cat\/tic\/formacio\/preparacio-a-la-prova-actic-nivell-mitja-3-moduls\/","title":{"rendered":"Preparaci\u00f3 a la prova actic nivell mitj\u00e0 (3 m\u00f2duls)"},"content":{"rendered":"","protected":false},"excerpt":{"rendered":"","protected":false},"featured_media":2641,"template":"","meta":[],"product_cat":[22],"product_tag":[36],"acf":[],"_links":{"self":[{"href":"https:\/\/masquefa.cat\/tic\/wp-json\/wp\/v2\/product\/2629"}],"collection":[{"href":"https:\/\/masquefa.cat\/tic\/wp-json\/wp\/v2\/product"}],"about":[{"href":"https:\/\/masquefa.cat\/tic\/wp-json\/wp\/v2\/types\/product"}],"wp:featuredmedia":[{"embeddable":true,"href":"https:\/\/masquefa.cat\/tic\/wp-json\/wp\/v2\/media\/2641"}],"wp:attachment":[{"href":"https:\/\/masquefa.cat\/tic\/wp-json\/wp\/v2\/media?parent=2629"}],"wp:term":[{"taxonomy":"product_cat","embeddable":true,"href":"https:\/\/masquefa.cat\/tic\/wp-json\/wp\/v2\/product_cat?post=2629"},{"taxonomy":"product_tag","embeddable":true,"href":"https:\/\/masquefa.cat\/tic\/wp-json\/wp\/v2\/product_tag?post=2629"}],"curies":[{"name":"wp","href":"https:\/\/api.w.org\/{rel}","templated":true}]}}